{"id":31,"date":"2023-01-31T21:14:55","date_gmt":"2023-02-01T00:14:55","guid":{"rendered":"http:\/\/beta.apps.uern.br\/wordpress\/fala\/escolademusica\/?page_id=31"},"modified":"2023-01-31T21:14:55","modified_gmt":"2023-02-01T00:14:55","slug":"grupos-musicais","status":"publish","type":"page","link":"https:\/\/portal.uern.br\/fala\/escolademusica\/grupos-musicais\/","title":{"rendered":"Grupos Musicais"},"content":{"rendered":"<p>S\u00e3o grupos criados atrav\u00e9s de portarias expedidas do Gabinete da Reitoria oficializando cada grupo. S\u00e3o geralmente formados por professores e alunos do Conservat\u00f3rio ou alunos e funcion\u00e1rios da UERN com o objetivo de fazer m\u00fasica nas suas mais diversas formas propiciando a pr\u00e1tica de conjunto efetiva e a intera\u00e7\u00e3o com o p\u00fablico, desenvolvendo o gosto pela m\u00fasica, pr\u00e1ticas musicais diversas, seja como executante ou ouvinte.<\/p>\n<p>&nbsp;<\/p>\n<h5>CORAL UERN \u201cJOSAF\u00c1 IN\u00c1CIO DA COSTA\u201d<\/h5>\n<p>O Coral UERN come\u00e7ou a atuar em 1988 sendo seus componentes alunos, professores e t\u00e9cnicos-administrativo da Universidade, e s\u00f3 foi oficializado em 03 de junho de 1998 atrav\u00e9s da Portaria n\u00ba 1.139\/98-GR, com a denomina\u00e7\u00e3o de Coral da UERN, sendo\u00a0diretamente subordinado ao Conservat\u00f3rio de M\u00fasica D&#8217;alva Stella Nogueira Freire, atrav\u00e9s de seu regente e em obedi\u00eancia ao Regimento Geral.<\/p>\n<p>Seu objetivo \u00e9 divulgar um repert\u00f3rio Coral universal com especial aten\u00e7\u00e3o \u00e0 m\u00fasica coral brasileira, e ainda representar a Universidade em festivais, concertos e recitais no pa\u00eds e no exterior.<\/p>\n<p>\u00c9 constitu\u00eddo por professores, t\u00e9cnicos administrativos e, prioritariamente, por alunos do pr\u00f3prio Conservat\u00f3rio. A administra\u00e7\u00e3o \u00e9 exercida a n\u00edvel de execu\u00e7\u00e3o, pelo seu regente e a n\u00edvel de dire\u00e7\u00e3o superior pelo Conservat\u00f3rio de M\u00fasica, em cumprimento ao Regimento Geral.<\/p>\n<p>Em 23 de agosto de 2005 recebeu o nome de Coral UERN Prof. Josaf\u00e1 In\u00e1cio da Costa (seu 1\u00ba Regente), atrav\u00e9s da Portaria N\u00ba 4.253\/2005-GR. A partir de 1998 a reg\u00eancia ficou com o Maestro Gide\u00e3o Lima da Silva.<\/p>\n<p>O coral faz, em m\u00e9dia, 30 apresenta\u00e7\u00f5es ao ano, nos mais diversificados eventos da Universidade e a convite de outras institui\u00e7\u00f5es como: Missas solenes e em a\u00e7\u00e3o de gra\u00e7as, casamentos, atos ecum\u00eanicos, projetos, etc. Disp\u00f5e tamb\u00e9m da grava\u00e7\u00e3o de um CD com m\u00fasicas in\u00e9ditas, de compositores de nossa cidade.<\/p>\n<p>&nbsp;<\/p>\n<h5>GRUPO DE CHORINHO \u201cING\u00caNUO\u201d:<\/h5>\n<p>Oficializado pela Portaria n.\u00ba 4247\/2005 \u2013 GR\/UERN em 23 de agosto de 2005. O Conservat\u00f3rio de M\u00fasica D\u2019alva Stella Nogueira Freire da Universidade do Estado do Rio Grande do Norte &#8211; UERN, vem h\u00e1 duas d\u00e9cadas com apresenta\u00e7\u00f5es em pra\u00e7a p\u00fablica, do Grupo de Chorinho \u201cIng\u00eanuo\u201d, nosso primeiro grupo instrumental, o qual desenvolveu projetos culturais, tais como: M\u00fasica nas Igrejas, projeto seis e meia e Chorando na Pra\u00e7a. Este, de cunho did\u00e1tico, enfatizando as origens do Chorinho, seus principais compositores, instrumentistas e instrumentos t\u00edpicos, com objetivo de divulgar o trabalho do Grupo, bem como, deste g\u00eanero musical esquecido pela m\u00eddia. O repert\u00f3rio do grupo traz compositores renomados no cen\u00e1rio chor\u00edstico tais como; Pixinguinha, Jacob do Bandolim, Waldir Azevedo, K-Ximbinho dentre outros, como tamb\u00e9m a valoriza\u00e7\u00e3o e execu\u00e7\u00e3o de m\u00fasicas dos compositores da cidade Mossor\u00f3 e regi\u00e3o.<\/p>\n<p>Atualmente o grupo idealizou e p\u00f4s em atividade o projeto Choro da Tarde, onde apresenta\u00e7\u00f5es quinzenais s\u00e3o realizadas as quintas feiras, no memorial da resist\u00eancia, sempre no final da tarde. Outro projeto de extrema relev\u00e2ncia \u00e9 a grava\u00e7\u00e3o do primeiro CD do Grupo em quest\u00e3o, denominado \u201cChorando com Chiquinha e Ernesto\u201d, (Homenagem a Chiquinha Gonzaga \/Ernesto Nazareth), que por sua vez, j\u00e1 est\u00e1 na fase de elabora\u00e7\u00e3o. O referido grupo est\u00e1 consolidado em nosso cen\u00e1rio musical, fazendo apresenta\u00e7\u00f5es em todos os grandes eventos da UERN e em Campi avan\u00e7ados da capital e interiores do Estado do Rio Grande do Norte, al\u00e9m de ter se apresentado nos Estados da Para\u00edba e Cear\u00e1.<\/p>\n<p>&nbsp;<\/p>\n<h5>\u00a0CAMERATA DE CORDAS ISAC RUFINO DE ARA\u00daJO:<\/h5>\n<p>Oficializada pela Portaria n\u00ba 4658\/2005-GR\/UERN em 01 de setembro de 2005. A Camerata de Cordas, vinculada ao Conservat\u00f3rio de M\u00fasica D\u2019Alva Stella Nogueira Freire, teve em sua forma\u00e7\u00e3o inicial cinco componentes, com a perspectiva de reunir alguns alunos de violino e iniciar o estudo de m\u00fasica de c\u00e2mara, como forma de incentivar os participantes e estimular o interesse pelo estudo. Formada por alunos volunt\u00e1rios do Conservat\u00f3rio e convidados, sob a coordena\u00e7\u00e3o do Professor Isac Ara\u00fajo, a Camerata de Cordas evidencia um trabalho in\u00e9dito no interior do estado, tem com o objetivo de divulgar os instrumentos da fam\u00edlia do violino e despertar o interesse pelo estudo destes instrumentos, possibilitando novas perspectivas para os jovens, al\u00e9m de criar um ambiente prop\u00edcio a forma\u00e7\u00e3o de uma orquestra.<\/p>\n<p>Faz apresenta\u00e7\u00f5es no \u00e2mbito da UERN e por ser composta por volunt\u00e1rios, cobra um cach\u00ea quando se apresenta fora da Universidade.<\/p>\n<p>O repert\u00f3rio abrange m\u00fasica erudita, m\u00fasica popular brasileira, nordestina, temas famosos e trilhas sonoras. J\u00e1 fez diversas apresenta\u00e7\u00f5es importantes em Mossor\u00f3, Natal e outras cidades potiguares. Para desenvolver a aprecia\u00e7\u00e3o musical e forma\u00e7\u00e3o de plat\u00e9ia, realiza apresenta\u00e7\u00f5es did\u00e1ticas enfocando aspectos relacionados aos instrumentos de orquestra e a execu\u00e7\u00e3o do repert\u00f3rio erudito e popular. Atualmente 12 componentes integram a Camerata.<\/p>\n<p>&nbsp;<\/p>\n<h5>GRUPO DE FLAUTAS&#8221;SEBASTI\u00c3O ARA\u00daJO ALVES DAS GRA\u00c7AS&#8221;- SAAG:<\/h5>\n<p>Foi oficializado pela Portaria n.\u00ba 4656\/2005-GR\/UERN em 01 de setembro de 2005. O grupo tem por objetivo divulgar e promover a m\u00fasica instrumental atrav\u00e9s da flauta transversal.<\/p>\n<p>O repert\u00f3rio do SAAG \u00e9 composto por v\u00e1rios g\u00eaneros da M\u00fasica Brasileira como o choro, bossa, m\u00fasica regional nordestina e samba; interpretando m\u00fasicas dos compositores que tem destaque no cen\u00e1rio musical brasileiro: Milton Nascimento, Luiz Gonzaga, Toquinho, Sivuca, Tom Jobim, Pixinguinha, Ernesto Nazareth e Chiquinha Gonzaga.<\/p>\n<p>A forma\u00e7\u00e3o instrumental \u00e9 composta de 4 flautistas e 1 violonista: Hallyson Dantas (coordenador), Lucas Sales, Leopoldo Galtieri, Artur G\u00f3is (flautistas) e Ronildo Freire (viol\u00e3o). O SAAG est\u00e1 em atividade desde o ano de 1993 e desde ent\u00e3o vem realizando apresenta\u00e7\u00f5es musicais em grandes eventos da UERN bem como para outras institui\u00e7\u00f5es.<\/p>\n<p>&nbsp;<\/p>\n<h5>BIG BAND \u201cJO\u00c3O BATISTA DE SOUZA\u201d:<\/h5>\n<p>Foi oficializado pela Portaria n\u00ba 4251\/2005-GR\/UERN em 23 de agosto de 2005. A cria\u00e7\u00e3o da BIG BAND, surgiu de uma tentativa pioneira e bem sucedida do Conservat\u00f3rio de M\u00fasica D&#8217;Alva Stella Nogueira Freire da Universidade do Estado do Rio Grande do Norte-UERN. Com apenas 4 anos de forma\u00e7\u00e3o, tem sido uma boa experi\u00eancia com alcance dos seus objetivos. A atua\u00e7\u00e3o dos nossos alunos, em conjunto, al\u00e9m de ser mais estimulante; desenvolve o reflexo, a afina\u00e7\u00e3o, a interpreta\u00e7\u00e3o, a articula\u00e7\u00e3o, a apresenta\u00e7\u00e3o em p\u00fablico, e propicia a percep\u00e7\u00e3o imediata vencendo a defici\u00eancia t\u00e9cnica, musical e art\u00edstica.<\/p>\n<p>O trabalho desenvolvido pela BIG BAND Jo\u00e3o Batista de Souza, possibilita, o resgate de arranjos espec\u00edficos para a m\u00fasica popular brasileira de todos os tempos, dando uma caracter\u00edstica personalizada a esse trabalho, assim como a abertura de um novo espa\u00e7o para a apresenta\u00e7\u00e3o de obras e de arranjos in\u00e9ditos de compositores e arranjadores consagrados e iniciantes. Assim, a BIG BAND Professor Jo\u00e3o Batista de Souza tem por meta proporcionar aos alunos, uma pr\u00e1tica musical de conjunto diferente dos grupos j\u00e1 existentes, como tamb\u00e9m, uma pr\u00e1tica da linguagem do Jazz, do Rock, do Mambo e da M\u00fasica Popular Brasileira.<\/p>\n<h5>\nGRUPO DE SOPROS:<\/h5>\n<p>Com portaria de n.\u00ba 918\/2008 \u2013 GR\/UERN, em 19 de fevereiro de 2008. Foi criado em car\u00e1ter de emerg\u00eancia para abrilhantar uma exposi\u00e7\u00e3o de Arte do Art\u00edsta Pl\u00e1stico Newton Navarro sob a dire\u00e7\u00e3o do SESC, que aconteceu em Mossor\u00f3 na Biblioteca P\u00fablica Municipal Ney Pontes. Solicitado um grupo de sopros, recorremos aos componentes da Big Band, que se prontificaram, tendo a dire\u00e7\u00e3o de Jos\u00e9 Robson. Passaram um repert\u00f3rio para quatro instrumentistas e assim foi criado, hoje consta de 05 componentes.<\/p>\n<p>&nbsp;<\/p>\n<h5>GRUPO DE VIOL\u00d5ES FL\u00c1VIO ROBSON AL\u00cdPIO DE SOUZA<\/h5>\n<p>Oficializado desde 01 de setembro de 2005, o Grupo de Viol\u00f5es \u00e9 vinculado ao Conservat\u00f3rio de M\u00fasica D\u2019Alva Stella Nogueira Freire, teve em sua forma\u00e7\u00e3o inicial com quatro componentes, com a perspectiva de reunir alguns alunos de viol\u00e3o e iniciar o estudo de m\u00fasica de c\u00e2mara, como forma de incentivar os participantes e estimular o interesse pelo estudo. Formada por alunos volunt\u00e1rios do Conservat\u00f3rio e convidados, sob a coordena\u00e7\u00e3o do Professor Fl\u00e1vio Robson, o Grupo de Viol\u00f5es desenvolveu um trabalho importante com o objetivo de despertar o interesse pelo estudo do viol\u00e3o. Atualmente o Grupo est\u00e1 temporariamente sem desenvolver atividades.<\/p>\n","protected":false},"excerpt":{"rendered":"<p>S\u00e3o grupos criados atrav\u00e9s de portarias expedidas do Gabinete da Reitoria oficializando cada grupo. S\u00e3o geralmente formados por professores e alunos do Conservat\u00f3rio ou alunos e funcion\u00e1rios da UERN com o objetivo de fazer m\u00fasica nas suas mais diversas formas propiciando a pr\u00e1tica de conjunto efetiva e a intera\u00e7\u00e3o com o p\u00fablico, desenvolvendo o gosto [&hellip;]<\/p>\n","protected":false},"author":1,"featured_media":0,"parent":0,"menu_order":0,"comment_status":"closed","ping_status":"closed","template":"","meta":{"footnotes":""},"class_list":["post-31","page","type-page","status-publish","hentry"],"_links":{"self":[{"href":"https:\/\/portal.uern.br\/fala\/escolademusica\/wp-json\/wp\/v2\/pages\/31","targetHints":{"allow":["GET"]}}],"collection":[{"href":"https:\/\/portal.uern.br\/fala\/escolademusica\/wp-json\/wp\/v2\/pages"}],"about":[{"href":"https:\/\/portal.uern.br\/fala\/escolademusica\/wp-json\/wp\/v2\/types\/page"}],"author":[{"embeddable":true,"href":"https:\/\/portal.uern.br\/fala\/escolademusica\/wp-json\/wp\/v2\/users\/1"}],"replies":[{"embeddable":true,"href":"https:\/\/portal.uern.br\/fala\/escolademusica\/wp-json\/wp\/v2\/comments?post=31"}],"version-history":[{"count":1,"href":"https:\/\/portal.uern.br\/fala\/escolademusica\/wp-json\/wp\/v2\/pages\/31\/revisions"}],"predecessor-version":[{"id":32,"href":"https:\/\/portal.uern.br\/fala\/escolademusica\/wp-json\/wp\/v2\/pages\/31\/revisions\/32"}],"wp:attachment":[{"href":"https:\/\/portal.uern.br\/fala\/escolademusica\/wp-json\/wp\/v2\/media?parent=31"}],"curies":[{"name":"wp","href":"https:\/\/api.w.org\/{rel}","templated":true}]}}