{"id":27,"date":"2023-01-31T21:13:11","date_gmt":"2023-02-01T00:13:11","guid":{"rendered":"http:\/\/beta.apps.uern.br\/wordpress\/fala\/escolademusica\/?page_id=27"},"modified":"2023-12-18T11:45:08","modified_gmt":"2023-12-18T14:45:08","slug":"instrumentos-ofertados","status":"publish","type":"page","link":"https:\/\/portal.uern.br\/fala\/escolademusica\/instrumentos-ofertados\/","title":{"rendered":"Instrumentos Ofertados"},"content":{"rendered":"<p>As pr\u00e1ticas instrumentais s\u00e3o disciplinas em diferentes n\u00edveis dentro de cada curso, tendo os seguintes instrumentos ofertados:<\/p>\n<ol>\n<li>Baixo El\u00e9trico<\/li>\n<li>Bateria\/Percuss\u00e3o<\/li>\n<li>Bombardino<\/li>\n<li>Canto<\/li>\n<li>Cavaquinho<\/li>\n<li>Clarinete<\/li>\n<li>Contrabaixo Ac\u00fastico<\/li>\n<li>Flauta Doce<\/li>\n<li>Flauta Transversal<\/li>\n<li>Guitarra<\/li>\n<li>Piano<\/li>\n<li>Saxofone<\/li>\n<li>Teclado<\/li>\n<li>Trombone<\/li>\n<li>Trompa<\/li>\n<li>Trompete<\/li>\n<li>Tuba<\/li>\n<li>Viola<\/li>\n<li>Viol\u00e3o<\/li>\n<li>Violino<\/li>\n<\/ol>\n","protected":false},"excerpt":{"rendered":"<p>As pr\u00e1ticas instrumentais s\u00e3o disciplinas em diferentes n\u00edveis dentro de cada curso, tendo os seguintes instrumentos ofertados: Baixo El\u00e9trico Bateria\/Percuss\u00e3o Bombardino Canto Cavaquinho Clarinete Contrabaixo Ac\u00fastico Flauta Doce Flauta Transversal Guitarra Piano Saxofone Teclado Trombone Trompa Trompete Tuba Viola Viol\u00e3o Violino<\/p>\n","protected":false},"author":1,"featured_media":0,"parent":0,"menu_order":0,"comment_status":"closed","ping_status":"closed","template":"","meta":{"footnotes":""},"class_list":["post-27","page","type-page","status-publish","hentry"],"_links":{"self":[{"href":"https:\/\/portal.uern.br\/fala\/escolademusica\/wp-json\/wp\/v2\/pages\/27","targetHints":{"allow":["GET"]}}],"collection":[{"href":"https:\/\/portal.uern.br\/fala\/escolademusica\/wp-json\/wp\/v2\/pages"}],"about":[{"href":"https:\/\/portal.uern.br\/fala\/escolademusica\/wp-json\/wp\/v2\/types\/page"}],"author":[{"embeddable":true,"href":"https:\/\/portal.uern.br\/fala\/escolademusica\/wp-json\/wp\/v2\/users\/1"}],"replies":[{"embeddable":true,"href":"https:\/\/portal.uern.br\/fala\/escolademusica\/wp-json\/wp\/v2\/comments?post=27"}],"version-history":[{"count":2,"href":"https:\/\/portal.uern.br\/fala\/escolademusica\/wp-json\/wp\/v2\/pages\/27\/revisions"}],"predecessor-version":[{"id":813,"href":"https:\/\/portal.uern.br\/fala\/escolademusica\/wp-json\/wp\/v2\/pages\/27\/revisions\/813"}],"wp:attachment":[{"href":"https:\/\/portal.uern.br\/fala\/escolademusica\/wp-json\/wp\/v2\/media?parent=27"}],"curies":[{"name":"wp","href":"https:\/\/api.w.org\/{rel}","templated":true}]}}