{"id":23,"date":"2023-01-31T21:11:46","date_gmt":"2023-02-01T00:11:46","guid":{"rendered":"http:\/\/beta.apps.uern.br\/wordpress\/fala\/escolademusica\/?page_id=23"},"modified":"2023-03-20T09:52:35","modified_gmt":"2023-03-20T12:52:35","slug":"formacao-musical-basicai","status":"publish","type":"page","link":"https:\/\/portal.uern.br\/fala\/escolademusica\/formacao-musical-basicai\/","title":{"rendered":"Forma\u00e7\u00e3o Musical B\u00e1sica I"},"content":{"rendered":"<p><strong>Perfil<\/strong><br \/>\nO curso de Forma\u00e7\u00e3o Musical B\u00e1sica I objetiva oferecer ao aluno um desenvolvimento te\u00f3rico-pr\u00e1tico de n\u00edvel elementar, proporcionando vivencias musicais variadas.<\/p>\n<p>O curso dividido em quatro semestres, com uma carga-hor\u00e1ria m\u00ednima 190 horas. \u00c9 estruturado com duas disciplinas por semestre, uma de Estrutura\u00e7\u00e3o Musical e Percep\u00e7\u00e3o (2 h\/a), juntamente com a Pr\u00e1tica Instrumental (1 h\/a) perfazendo no m\u00ednimo 3 horas semanas de aula. O aluno ainda poder\u00e1 escolher por disciplinas optativas que ser\u00e3o oferecidas a cada semestre.<\/p>\n<p>Destinado a alunos com idade de 12 anos acima, os interessados em ingressar nesse curso ser\u00e3o submetidos a uma sele\u00e7\u00e3o simplificada, compondo-se de uma prova escrita.<\/p>\n<p><strong>Forma de Ingresso:<\/strong><br \/>\nO aluno que busca ingressar nesta modalidade de forma\u00e7\u00e3o musical dever\u00e1 atender as seguintes necessidades:<\/p>\n<p>\u2022\u00a0Ter no m\u00ednimo 12 anos de idade;<\/p>\n<p>\u2022\u00a0Participar do processo de sele\u00e7\u00e3o simplificada que ser\u00e1 realizado por meio de prova te\u00f3rica e\/ou conforme Edital de Vagas Iniciais.<\/p>\n<p>&nbsp;<\/p>\n<p><strong>Estrutura Curricular:<\/strong><\/p>\n<p><img fetchpriority=\"high\" decoding=\"async\" class=\"alignnone wp-image-369\" src=\"https:\/\/portal.uern.br\/fala\/escolademusica\/wp-content\/uploads\/sites\/6\/2023\/03\/2-300x123.png\" alt=\"\" width=\"751\" height=\"308\" srcset=\"https:\/\/portal.uern.br\/fala\/escolademusica\/wp-content\/uploads\/sites\/6\/2023\/03\/2-300x123.png 300w, https:\/\/portal.uern.br\/fala\/escolademusica\/wp-content\/uploads\/sites\/6\/2023\/03\/2-768x316.png 768w, https:\/\/portal.uern.br\/fala\/escolademusica\/wp-content\/uploads\/sites\/6\/2023\/03\/2.png 994w\" sizes=\"(max-width: 751px) 100vw, 751px\" \/><\/p>\n","protected":false},"excerpt":{"rendered":"<p>Perfil O curso de Forma\u00e7\u00e3o Musical B\u00e1sica I objetiva oferecer ao aluno um desenvolvimento te\u00f3rico-pr\u00e1tico de n\u00edvel elementar, proporcionando vivencias musicais variadas. O curso dividido em quatro semestres, com uma carga-hor\u00e1ria m\u00ednima 190 horas. \u00c9 estruturado com duas disciplinas por semestre, uma de Estrutura\u00e7\u00e3o Musical e Percep\u00e7\u00e3o (2 h\/a), juntamente com a Pr\u00e1tica Instrumental (1 [&hellip;]<\/p>\n","protected":false},"author":1,"featured_media":0,"parent":0,"menu_order":0,"comment_status":"closed","ping_status":"closed","template":"","meta":{"footnotes":""},"class_list":["post-23","page","type-page","status-publish","hentry"],"_links":{"self":[{"href":"https:\/\/portal.uern.br\/fala\/escolademusica\/wp-json\/wp\/v2\/pages\/23","targetHints":{"allow":["GET"]}}],"collection":[{"href":"https:\/\/portal.uern.br\/fala\/escolademusica\/wp-json\/wp\/v2\/pages"}],"about":[{"href":"https:\/\/portal.uern.br\/fala\/escolademusica\/wp-json\/wp\/v2\/types\/page"}],"author":[{"embeddable":true,"href":"https:\/\/portal.uern.br\/fala\/escolademusica\/wp-json\/wp\/v2\/users\/1"}],"replies":[{"embeddable":true,"href":"https:\/\/portal.uern.br\/fala\/escolademusica\/wp-json\/wp\/v2\/comments?post=23"}],"version-history":[{"count":4,"href":"https:\/\/portal.uern.br\/fala\/escolademusica\/wp-json\/wp\/v2\/pages\/23\/revisions"}],"predecessor-version":[{"id":371,"href":"https:\/\/portal.uern.br\/fala\/escolademusica\/wp-json\/wp\/v2\/pages\/23\/revisions\/371"}],"wp:attachment":[{"href":"https:\/\/portal.uern.br\/fala\/escolademusica\/wp-json\/wp\/v2\/media?parent=23"}],"curies":[{"name":"wp","href":"https:\/\/api.w.org\/{rel}","templated":true}]}}