{"id":21,"date":"2023-01-31T21:11:10","date_gmt":"2023-02-01T00:11:10","guid":{"rendered":"http:\/\/beta.apps.uern.br\/wordpress\/fala\/escolademusica\/?page_id=21"},"modified":"2023-03-20T10:39:53","modified_gmt":"2023-03-20T13:39:53","slug":"iniciacao-musical","status":"publish","type":"page","link":"https:\/\/portal.uern.br\/fala\/escolademusica\/iniciacao-musical\/","title":{"rendered":"Inicia\u00e7\u00e3o Musical"},"content":{"rendered":"<p><strong>Perfil<\/strong><br \/>\nA Inicia\u00e7\u00e3o Musical destina-se a crian\u00e7as entre 8 e 11 anos de idade. Essa modalidade de ensino tem por objetivo oferecer experi\u00eancias musicais, seja tocando um instrumento musical, ouvindo uma can\u00e7\u00e3o ou at\u00e9 mesmo num processo de cria\u00e7\u00e3o musical. O curso busca desenvolver sensibilidade musical na crian\u00e7a bem como envolv\u00ea-la em um mundo sonoro-musical.<\/p>\n<p>Ser\u00e3o ofertadas disciplinas de inicia\u00e7\u00e3o musical (cria\u00e7\u00e3o musical, improvisa\u00e7\u00e3o, leitura musical, aprecia\u00e7\u00e3o, etc.), flauta doce, pr\u00e1ticas musicais (coral infantil, bandinha r\u00edtmica) e inicia\u00e7\u00e3o ao instrumento (dentre os ofertados para o semestre, o aluno poder\u00e1 escolher o seu). O curso tem uma carga hor\u00e1ria de 120h.<\/p>\n<p>&nbsp;<\/p>\n<p><strong>Forma de Ingresso:<\/strong><\/p>\n<ul>\n<li>Ter idade entre 8 e 11 anos;<\/li>\n<li>Sorteio p\u00fablico.<\/li>\n<\/ul>\n<p>&nbsp;<\/p>\n<p><strong>Estrutura Curricular:\u00a0\u00a0\u00a0<\/strong><\/p>\n<p><img fetchpriority=\"high\" decoding=\"async\" class=\"alignnone wp-image-367\" src=\"https:\/\/portal.uern.br\/fala\/escolademusica\/wp-content\/uploads\/sites\/6\/2023\/03\/1-300x123.png\" alt=\"\" width=\"741\" height=\"304\" srcset=\"https:\/\/portal.uern.br\/fala\/escolademusica\/wp-content\/uploads\/sites\/6\/2023\/03\/1-300x123.png 300w, https:\/\/portal.uern.br\/fala\/escolademusica\/wp-content\/uploads\/sites\/6\/2023\/03\/1-768x315.png 768w, https:\/\/portal.uern.br\/fala\/escolademusica\/wp-content\/uploads\/sites\/6\/2023\/03\/1.png 981w\" sizes=\"(max-width: 741px) 100vw, 741px\" \/><\/p>\n","protected":false},"excerpt":{"rendered":"<p>Perfil A Inicia\u00e7\u00e3o Musical destina-se a crian\u00e7as entre 8 e 11 anos de idade. Essa modalidade de ensino tem por objetivo oferecer experi\u00eancias musicais, seja tocando um instrumento musical, ouvindo uma can\u00e7\u00e3o ou at\u00e9 mesmo num processo de cria\u00e7\u00e3o musical. O curso busca desenvolver sensibilidade musical na crian\u00e7a bem como envolv\u00ea-la em um mundo sonoro-musical. [&hellip;]<\/p>\n","protected":false},"author":1,"featured_media":0,"parent":0,"menu_order":0,"comment_status":"closed","ping_status":"closed","template":"","meta":{"footnotes":""},"class_list":["post-21","page","type-page","status-publish","hentry"],"_links":{"self":[{"href":"https:\/\/portal.uern.br\/fala\/escolademusica\/wp-json\/wp\/v2\/pages\/21","targetHints":{"allow":["GET"]}}],"collection":[{"href":"https:\/\/portal.uern.br\/fala\/escolademusica\/wp-json\/wp\/v2\/pages"}],"about":[{"href":"https:\/\/portal.uern.br\/fala\/escolademusica\/wp-json\/wp\/v2\/types\/page"}],"author":[{"embeddable":true,"href":"https:\/\/portal.uern.br\/fala\/escolademusica\/wp-json\/wp\/v2\/users\/1"}],"replies":[{"embeddable":true,"href":"https:\/\/portal.uern.br\/fala\/escolademusica\/wp-json\/wp\/v2\/comments?post=21"}],"version-history":[{"count":5,"href":"https:\/\/portal.uern.br\/fala\/escolademusica\/wp-json\/wp\/v2\/pages\/21\/revisions"}],"predecessor-version":[{"id":368,"href":"https:\/\/portal.uern.br\/fala\/escolademusica\/wp-json\/wp\/v2\/pages\/21\/revisions\/368"}],"wp:attachment":[{"href":"https:\/\/portal.uern.br\/fala\/escolademusica\/wp-json\/wp\/v2\/media?parent=21"}],"curies":[{"name":"wp","href":"https:\/\/api.w.org\/{rel}","templated":true}]}}