{"id":15,"date":"2023-01-31T21:09:37","date_gmt":"2023-02-01T00:09:37","guid":{"rendered":"http:\/\/beta.apps.uern.br\/wordpress\/fala\/escolademusica\/?page_id=15"},"modified":"2025-09-28T20:19:51","modified_gmt":"2025-09-28T23:19:51","slug":"instrutores-musicais","status":"publish","type":"page","link":"https:\/\/portal.uern.br\/fala\/escolademusica\/instrutores-musicais\/","title":{"rendered":"Instrutores Musicais"},"content":{"rendered":"<p>&nbsp;<\/p>\n<table style=\"border-collapse: collapse;width: 100%;height: 566px\">\n<tbody>\n<tr style=\"height: 24px\">\n<td style=\"width: 26.8485%;height: 24px\"><img decoding=\"async\" class=\"wp-image-1122 size-thumbnail aligncenter\" src=\"https:\/\/portal.uern.br\/fala\/escolademusica\/wp-content\/uploads\/sites\/6\/2025\/09\/Bruno2025-e1759098300507-150x150.jpeg\" alt=\"\" width=\"150\" height=\"150\" \/><\/td>\n<td style=\"width: 73.1515%;height: 24px\"><strong>BRUNO CAMINHA FARIAS<\/strong><\/p>\n<p><strong>Instrumentos de metal e disciplinas te\u00f3ricas<\/strong><\/p>\n<p>Mestre em M\u00fasica &#8211; Performance musical pela Universidade Federal do Rio Grande do Norte \u2013 UFRN (2019), Especialista em Educa\u00e7\u00e3o e Contemporaneidade pelo IFRN\/Mossor\u00f3 (2015), Especialista em Metodologia da Educa\u00e7\u00e3o Musical (2013) e Graduado com licenciatura em M\u00fasica (2011), ambas pela Universidade do Estado do Rio Grande do Norte \u2013 UERN. \u00c9 coordenador do Programa de Forma\u00e7\u00e3o para Bandas de M\u00fasica, do projeto Oficina de instrumentos de metais e do grupo Choro Did\u00e1tico. Desenvolve atividades direcionadas ao ensino dos instrumentos de metal\u00a0 com intensa atividade art\u00edstica como a forma\u00e7\u00e3o de grupos, realiza\u00e7\u00e3o de eventos, masterclass e apresenta\u00e7\u00f5es musicais em Mossor\u00f3 e regi\u00e3o.<\/p>\n<p>Contato: <a href=\"mailto:brunocaminha@uern.br\"><span style=\"font-weight: 400\">brunocaminha@uern.br<\/span><\/a><\/td>\n<\/tr>\n<tr style=\"height: 24px\">\n<td style=\"width: 26.8485%;height: 24px\"><img decoding=\"async\" class=\"wp-image-1128 size-thumbnail aligncenter\" src=\"https:\/\/portal.uern.br\/fala\/escolademusica\/wp-content\/uploads\/sites\/6\/2025\/09\/IMG-20250601-WA0015-Evandro-Hallyson-Dantas-Pereira-150x150.jpg\" alt=\"\" width=\"150\" height=\"150\" \/><\/td>\n<td style=\"width: 73.1515%;height: 24px\"><strong>EVANDRO HALLYSON DANTAS PEREIRA<\/strong><\/p>\n<p><strong>Flauta Transversal e disciplinas te\u00f3ricas<\/strong><\/p>\n<p>Possui gradua\u00e7\u00e3o em M\u00fasica pela Universidade do Estado do Rio Grande do Norte. Especialista em Educa\u00e7\u00e3o Musical. Professor de flauta transversal na Escola de M\u00fasica da UERN, onde atua nas disciplinas de teoria musical e solfejo e no curso de Inicia\u00e7\u00e3o musical para crian\u00e7as. Coordenador do Coral da UERN. Diretor da Diretoria de Educa\u00e7\u00e3o, Cultura e Artes da Pr\u00f3-Reitoria de Extens\u00e3o da UERN. Coordenador do Programa de Extens\u00e3o UERN A\u00e7\u00e3o e dos Projetos de Extens\u00e3o Oficina de Instrumentos de madeiras e Oficina de instrumentos de bateria e percuss\u00e3o, vinculados ao Programa de Forma\u00e7\u00e3o para Bandas de M\u00fasica. Tem experi\u00eancia na \u00e1rea de Artes, com \u00eanfase em M\u00fasica<\/p>\n<p>Contato: <a href=\"mailto:evandrohallyson@uern.br\"><span style=\"font-weight: 400\">evandrohallyson@uern.br<\/span><\/a><\/td>\n<\/tr>\n<tr style=\"height: 24px\">\n<td style=\"width: 26.8485%;height: 24px\"><img decoding=\"async\" class=\"aligncenter wp-image-1130 size-thumbnail\" src=\"https:\/\/portal.uern.br\/fala\/escolademusica\/wp-content\/uploads\/sites\/6\/2025\/09\/IMG_6457-Fabio-Roberto-Monteiro-de-Lima-150x150.jpeg\" alt=\"\" width=\"150\" height=\"150\" \/><\/td>\n<td style=\"width: 73.1515%;height: 24px\"><strong>F\u00c1BIO ROBERTO MONTEIRO DE LIMA\u00a0<\/strong><\/p>\n<p><strong>Cavaco, bandolim, pr\u00e1tica de Choro e disciplinas te\u00f3ricas<\/strong><\/p>\n<p>Licenciado em m\u00fasica , especialista em Artes, p\u00f3s Graduado em Musicoterapia, Mestre em Artes e Doutorando em Educa\u00e7\u00e3o , pesquisador na \u00e1rea do Choro ,Coordenador do Grupo de Choro Ing\u00eanuo da UERN, consultor e produtor do document\u00e1rio \u201cSou Chorinho\u201d parceria UERN TV, Canal Futura e Globo Play, compositor da trilha sonoro do espet\u00e1culo Chuva de bala no Pa\u00eds de Mossor\u00f3 2008, Cortejo da Liberdade,Hino oficial da UERN , Hino Oficial de Portalegre RN.J\u00e1 se apresentou como musicista e palestrante em v\u00e1rios estados do Brasil, It\u00e1lia e Espanha.<\/p>\n<p>Contato: <span style=\"font-weight: 400\"><a href=\"mailto:fabiomonteiro@uern.br\">fabiomonteiro@uern.br<\/a>\u00a0 \u00a0<\/span><\/td>\n<\/tr>\n<tr style=\"height: 24px\">\n<td style=\"width: 26.8485%;height: 24px\"><img loading=\"lazy\" decoding=\"async\" class=\"wp-image-964 size-thumbnail aligncenter\" src=\"https:\/\/portal.uern.br\/fala\/escolademusica\/wp-content\/uploads\/sites\/6\/2024\/10\/44961394_2132130690150660_896687320550342656_n-150x150.jpg\" alt=\"\" width=\"150\" height=\"150\" srcset=\"https:\/\/portal.uern.br\/fala\/escolademusica\/wp-content\/uploads\/sites\/6\/2024\/10\/44961394_2132130690150660_896687320550342656_n-150x150.jpg 150w, https:\/\/portal.uern.br\/fala\/escolademusica\/wp-content\/uploads\/sites\/6\/2024\/10\/44961394_2132130690150660_896687320550342656_n-300x300.jpg 300w, https:\/\/portal.uern.br\/fala\/escolademusica\/wp-content\/uploads\/sites\/6\/2024\/10\/44961394_2132130690150660_896687320550342656_n.jpg 370w\" sizes=\"(max-width: 150px) 100vw, 150px\" \/><\/td>\n<td style=\"width: 73.1515%;height: 24px\"><strong>FILIPE RICARDO CABRAL DE MORAIS\u00a0<\/strong><\/p>\n<p><strong>Baixo el\u00e9trico e disciplinas te\u00f3ricas<\/strong><\/p>\n<p>Contato: <a href=\"mailto:filipemorais@uern.br\"><span style=\"font-weight: 400\">filipemorais@uern.br<\/span><\/a><\/td>\n<\/tr>\n<tr style=\"height: 10px\">\n<td style=\"width: 26.8485%;height: 10px\"><img loading=\"lazy\" decoding=\"async\" class=\"wp-image-1141 size-thumbnail aligncenter\" src=\"https:\/\/portal.uern.br\/fala\/escolademusica\/wp-content\/uploads\/sites\/6\/2025\/09\/DSC084692-Gibson-Alves-Marinho-da-Silva-150x150.jpg\" alt=\"\" width=\"150\" height=\"150\" \/><\/td>\n<td style=\"width: 73.1515%;height: 10px\"><strong>GIBSON ALVES MARINHO DA SILVA<\/strong><\/p>\n<p><strong>Guitarra e disciplinas te\u00f3ricas<\/strong><\/p>\n<p><span data-sheets-root=\"1\">Graduado em M\u00fasica pela Universidade do Estado do Rio Grande do Norte e mestre em Ensino pela Universidade do Estado do Rio Grande do Norte. Possui Especializa\u00e7\u00e3o em Educa\u00e7\u00e3o e Contemporaneidade pelo Instituto Federal de Educa\u00e7\u00e3o, Ci\u00eancia e Tecnologia do Rio Grande do Norte. Atualmente, \u00e9 instrutor musical da Escola de M\u00fasica D&#8217;Alva Stella Nogueira Freire, vinculada ao Departamento de Artes da Faculdade de Letras e Artes da Universidade do Estado do Rio Grande do Norte. Tem experi\u00eancia na \u00e1rea de Artes, com \u00eanfase em Educa\u00e7\u00e3o Musical, atuando, principalmente, nos seguintes temas: teoria da autodetermina\u00e7\u00e3o, ensino da guitarra el\u00e9trica, tecnologias digitais e Pesquisa-a\u00e7\u00e3o. <\/span><\/p>\n<p>Contato: <a href=\"mailto:gibsonalves@uern.br\"><span style=\"font-weight: 400\">gibsonalves@uern.br<\/span><\/a><\/td>\n<\/tr>\n<tr style=\"height: 24px\">\n<td style=\"width: 26.8485%;height: 24px\"><img loading=\"lazy\" decoding=\"async\" class=\"wp-image-1132 size-thumbnail aligncenter\" src=\"https:\/\/portal.uern.br\/fala\/escolademusica\/wp-content\/uploads\/sites\/6\/2025\/09\/IMG_6859-Gideao-Silva-150x150.jpeg\" alt=\"\" width=\"150\" height=\"150\" \/><\/td>\n<td style=\"width: 73.1515%;height: 24px\"><strong>GIDE\u00c3O LIMA DA SILVA<\/strong><\/p>\n<p><strong>Harmonia e disciplinas te\u00f3ricas<\/strong><\/p>\n<p>Gide\u00e3o Lima \u00e9 multi-instrumentista e iniciou seus estudos musicais aos quinze anos de idade. Ao longo de sua trajet\u00f3ria musical, deu aulas particulares, regeu corais em igrejas; no munic\u00edpio de Grossos-RN regeu o coral e foi maestro da banda de m\u00fasica; na cidade de Mossor\u00f3 regeu o coral da Petrobr\u00e1s e esteve, durante quinze anos, \u00e0 frente do coral da UERN. Dirigiu e produziu espet\u00e1culos musicais como o \u201cBrasileiras na Era do R\u00e1dio\u201d patrocinado pela Petrobr\u00e1s e \u201cNatal do Sert\u00e3o\u201d da Igreja Bereana em Natal, dentre outros. Produziu trilhas sonoras de alguns espet\u00e1culos na cidade de Mossor\u00f3 como \u201cAlto da Liberdade\u201d, \u201cOrat\u00f3rio de Santa Luzia\u201d e em 2008, produziu toda a trilha sonora do espet\u00e1culo \u201cChuva de Balas no Pa\u00eds de Mossor\u00f3\u201d. \u00c9 produtor musical e arranjador do GFStudio em Mossor\u00f3 onde j\u00e1 produziu in\u00fameros cantores locais, de outros estados e at\u00e9 de fora do Brasil. Gide\u00e3o \u00e9 graduado em Ingl\u00eas e em M\u00fasica pela UERN (Universidade do Estado do Rio Grande do Norte) e p\u00f3s-graduado em Artes pela Faculdade Internacional SIGNORELLI. Atualmente \u00e9 professor da Escola de M\u00fasica D\u2019alva Stella Nogueira Freire da UERN, onde leciona as disciplinas de Estrutura\u00e7\u00e3o, Teoria, Solfejo e Harmonia.<\/p>\n<p>Contato: <a href=\"mailto:gideaolima@uern.br\"><span style=\"font-weight: 400\">gideaolima@uern.br<\/span><\/a><\/td>\n<\/tr>\n<tr style=\"height: 24px\">\n<td style=\"width: 26.8485%;height: 24px\"><img loading=\"lazy\" decoding=\"async\" class=\"wp-image-961 size-thumbnail aligncenter\" src=\"https:\/\/portal.uern.br\/fala\/escolademusica\/wp-content\/uploads\/sites\/6\/2024\/10\/Guido-novo-150x150.jpeg\" alt=\"\" width=\"150\" height=\"150\" srcset=\"https:\/\/portal.uern.br\/fala\/escolademusica\/wp-content\/uploads\/sites\/6\/2024\/10\/Guido-novo-150x150.jpeg 150w, https:\/\/portal.uern.br\/fala\/escolademusica\/wp-content\/uploads\/sites\/6\/2024\/10\/Guido-novo-300x300.jpeg 300w, https:\/\/portal.uern.br\/fala\/escolademusica\/wp-content\/uploads\/sites\/6\/2024\/10\/Guido-novo.jpeg 645w\" sizes=\"(max-width: 150px) 100vw, 150px\" \/><\/td>\n<td style=\"width: 73.1515%;height: 24px\"><strong>GUIDO ALVES DO NASCIMENTO\u00a0<\/strong><\/p>\n<p><strong>Viol\u00e3o e disciplinas te\u00f3ricas<\/strong><\/p>\n<p>Contato: <a href=\"mailto:guidoalves@uern.br\"><span style=\"font-weight: 400\">guidoalves@uern.br<\/span><\/a><\/td>\n<\/tr>\n<tr style=\"height: 24px\">\n<td style=\"width: 26.8485%;height: 24px\"><img loading=\"lazy\" decoding=\"async\" class=\"wp-image-437 size-thumbnail aligncenter\" src=\"https:\/\/portal.uern.br\/fala\/escolademusica\/wp-content\/uploads\/sites\/6\/2023\/03\/JOabe.fw_-150x150.png\" alt=\"\" width=\"150\" height=\"150\" srcset=\"https:\/\/portal.uern.br\/fala\/escolademusica\/wp-content\/uploads\/sites\/6\/2023\/03\/JOabe.fw_-150x150.png 150w, https:\/\/portal.uern.br\/fala\/escolademusica\/wp-content\/uploads\/sites\/6\/2023\/03\/JOabe.fw_-300x300.png 300w, https:\/\/portal.uern.br\/fala\/escolademusica\/wp-content\/uploads\/sites\/6\/2023\/03\/JOabe.fw_.png 400w\" sizes=\"(max-width: 150px) 100vw, 150px\" \/><\/td>\n<td style=\"width: 73.1515%;height: 24px\"><strong>JOABE WILLIAMYS RODRIGUES DE MORAIS<\/strong><\/p>\n<p><strong>Piano e disciplinas te\u00f3ricas<\/strong><\/p>\n<p>Contato: <a href=\"mailto:joabewillamys@uern.br\"><span style=\"font-weight: 400\">joabewillamys@uern.br<\/span><\/a><\/td>\n<\/tr>\n<tr style=\"height: 364px\">\n<td style=\"width: 26.8485%;height: 364px\"><img loading=\"lazy\" decoding=\"async\" class=\"wp-image-1134 size-thumbnail aligncenter\" src=\"https:\/\/portal.uern.br\/fala\/escolademusica\/wp-content\/uploads\/sites\/6\/2025\/09\/1691209965731-Merlia-Helen-Faustino-da-Silva-e1759100567906-150x150.jpg\" alt=\"\" width=\"150\" height=\"150\" \/><\/td>\n<td style=\"width: 73.1515%;height: 364px\"><strong>MERLIA HELEN FAUSTINO DA SILVA<\/strong><\/p>\n<p><strong>Canto, Canto Coral e disciplinas te\u00f3ricas<\/strong><\/p>\n<p><span data-sheets-root=\"1\">Merlia Faustino \u00e9 bacharel em Canto pela Universidade Federal de Campina Grande, especialista em Canto Coral pela Facuminas e Mestre em Arte Computacional pela Universidade Federal da Para\u00edba. Foi corista, solista e\/ou regente de coral em diversos encontros nacionais e internacionais como o Concierto de Coros de Los Andes, Chile, na reg\u00eancia do Madrigal Chronos, Turn\u00ea do Litoral ao Sert\u00e3o pelo sul dos EUA e S\u00e3o Paulo, com o Coro de c\u00e2mara de Campina Grande, soprano solista do Coro em Canto da UFCG e\/ou regente nos festivais de coros FEPAC (PB), Virtuose (PE), Nordeste Cantat (AL), FMC (MA), FIC em Belo Horizonte e Ouro Preto (MG), Unicanto e Maring\u00e1 (PR). Na \u00f3pera, viveu a personagem Amor, de Orfeu e Eur\u00eddice, Gl\u00fcck. Atualmente, leciona Canto na Escola de M\u00fasica da UERN, D&#8217;alva Stella Nogueira Freire, e realiza a reg\u00eancia do Coral UERN, Prof. Josaf\u00e1 In\u00e1cio da Costa.<\/span><\/p>\n<p>Contato: <a href=\"mailto:merliafaustino@uern.br\"><span data-sheets-root=\"1\">merliafaustino@uern.br<\/span><\/a><\/td>\n<\/tr>\n<tr style=\"height: 24px\">\n<td style=\"width: 26.8485%;height: 24px\"><img loading=\"lazy\" decoding=\"async\" class=\"aligncenter wp-image-1136 size-thumbnail\" src=\"https:\/\/portal.uern.br\/fala\/escolademusica\/wp-content\/uploads\/sites\/6\/2025\/09\/som-mata-Fernando-Bueno-Menino-150x150.webp\" alt=\"\" width=\"150\" height=\"150\" srcset=\"https:\/\/portal.uern.br\/fala\/escolademusica\/wp-content\/uploads\/sites\/6\/2025\/09\/som-mata-Fernando-Bueno-Menino-150x150.webp 150w, https:\/\/portal.uern.br\/fala\/escolademusica\/wp-content\/uploads\/sites\/6\/2025\/09\/som-mata-Fernando-Bueno-Menino-300x300.webp 300w, https:\/\/portal.uern.br\/fala\/escolademusica\/wp-content\/uploads\/sites\/6\/2025\/09\/som-mata-Fernando-Bueno-Menino.webp 720w\" sizes=\"(max-width: 150px) 100vw, 150px\" \/><\/td>\n<td style=\"width: 73.1515%\" width=\"73%\"><strong>FERNANDO MENINO<\/strong><\/p>\n<p><strong>Bateria, Percuss\u00e3o e disciplinas te\u00f3ricas<\/strong><\/p>\n<p><span data-sheets-root=\"1\">Iniciou seus estudos musicais no Conservat\u00f3rio de Tatu\u00ed-SP. Bacharel em Percuss\u00e3o pela Universidade Federal de Santa Maria. Mestre em m\u00fasica pela Universidade Federal do Rio Grande do Norte. Atuou em diversas orquestras pelo pa\u00eds: Orquestra Sinf\u00f4nica Paulista, Orquestra Sinf\u00f4nica do Rio Grande do Norte, Orquestra Sinf\u00f4nica de Porto Alegre, Orquestra de C\u00e2mara do Theatro S\u00e3o Pedro, Orquestra Sinf\u00f4nica de Santa Maria, Filarm\u00f4nica da UFRN, entre outras. <\/span><\/p>\n<p><span data-sheets-root=\"1\">Contato: <a href=\"fernandobueno@uern.br\">fernandobueno@uern.br<\/a><\/span><\/td>\n<\/tr>\n<tr>\n<td style=\"width: 26.8485%\"><img loading=\"lazy\" decoding=\"async\" class=\"aligncenter wp-image-1139 size-thumbnail\" src=\"https:\/\/portal.uern.br\/fala\/escolademusica\/wp-content\/uploads\/sites\/6\/2025\/09\/Rony-Violino-Ronyely-Sanderson-Cavalcante-scaled-e1759101236965-150x150.jpg\" alt=\"\" width=\"150\" height=\"150\" \/><\/td>\n<td style=\"width: 73.1515%\"><strong>RONY SANDERSON<\/strong><\/p>\n<p><strong>Violino (Cordas Friccionadas) e disciplinas te\u00f3ricas<\/strong><\/p>\n<p><span data-sheets-root=\"1\">Iniciou seus estudos musicais no ano de 1992 na Congrega\u00e7\u00e3o Crist\u00e3 no Brasil, \u00e9 Bacharel em habilita\u00e7\u00e3o em Violino pela Classe do Professor Ronedilk Dantas (UFRN), \u00e9 p\u00f3s gradua\u00e7\u00e3o em Produ\u00e7\u00e3o Musical e Arranjo Musical (FACUMINAS), \u00e9 Professor de Violino\/Viola e Regente da Pr\u00e1tica Orquestral da Escola de M\u00fasica D&#8217;alva Stella Nogueira Freire, \u00e9 Cirurgi\u00e3o Dentista pela (UNP).<\/span><\/p>\n<p>Contato: <a href=\"ronyelysanderson@uern.br\"><span data-sheets-root=\"1\">ronyelysanderson@uern.br<\/span><\/a><\/td>\n<\/tr>\n<tr>\n<td style=\"width: 26.8485%\"><\/td>\n<td style=\"width: 73.1515%\"><strong>\u00a0<\/strong><\/td>\n<\/tr>\n<\/tbody>\n<\/table>\n<p>&nbsp;<\/p>\n<p>&nbsp;<\/p>\n<p>&nbsp;<\/p>\n<p><strong>ATRIBUI\u00c7\u00d5ES<\/strong><\/p>\n<p>Ministrar aulas pr\u00e1ticas e te\u00f3ricas de m\u00fasica;<br \/>\nPreparar material de apoio \u00e0 instru\u00e7\u00e3o musical;<br \/>\nZelar pela conserva\u00e7\u00e3o, manuten\u00e7\u00e3o e guarda dos respectivos materiais de trabalho;<br \/>\nPromover e participar da organiza\u00e7\u00e3o de atividades relacionadas com o ensino musical.<\/p>\n<p>&nbsp;<\/p>\n","protected":false},"excerpt":{"rendered":"<p>&nbsp; BRUNO CAMINHA FARIAS Instrumentos de metal e disciplinas te\u00f3ricas Mestre em M\u00fasica &#8211; Performance musical pela Universidade Federal do Rio Grande do Norte \u2013 UFRN (2019), Especialista em Educa\u00e7\u00e3o e Contemporaneidade pelo IFRN\/Mossor\u00f3 (2015), Especialista em Metodologia da Educa\u00e7\u00e3o Musical (2013) e Graduado com licenciatura em M\u00fasica (2011), ambas pela Universidade do Estado do [&hellip;]<\/p>\n","protected":false},"author":1,"featured_media":0,"parent":0,"menu_order":0,"comment_status":"closed","ping_status":"closed","template":"","meta":{"footnotes":""},"class_list":["post-15","page","type-page","status-publish","hentry"],"_links":{"self":[{"href":"https:\/\/portal.uern.br\/fala\/escolademusica\/wp-json\/wp\/v2\/pages\/15","targetHints":{"allow":["GET"]}}],"collection":[{"href":"https:\/\/portal.uern.br\/fala\/escolademusica\/wp-json\/wp\/v2\/pages"}],"about":[{"href":"https:\/\/portal.uern.br\/fala\/escolademusica\/wp-json\/wp\/v2\/types\/page"}],"author":[{"embeddable":true,"href":"https:\/\/portal.uern.br\/fala\/escolademusica\/wp-json\/wp\/v2\/users\/1"}],"replies":[{"embeddable":true,"href":"https:\/\/portal.uern.br\/fala\/escolademusica\/wp-json\/wp\/v2\/comments?post=15"}],"version-history":[{"count":39,"href":"https:\/\/portal.uern.br\/fala\/escolademusica\/wp-json\/wp\/v2\/pages\/15\/revisions"}],"predecessor-version":[{"id":359,"href":"https:\/\/portal.uern.br\/fala\/escolademusica\/wp-json\/wp\/v2\/pages\/15\/revisions\/359"}],"wp:attachment":[{"href":"https:\/\/portal.uern.br\/fala\/escolademusica\/wp-json\/wp\/v2\/media?parent=15"}],"curies":[{"name":"wp","href":"https:\/\/api.w.org\/{rel}","templated":true}]}}