{"id":1175,"date":"2025-11-08T12:10:13","date_gmt":"2025-11-08T15:10:13","guid":{"rendered":"https:\/\/portal.uern.br\/fala\/escolademusica\/?page_id=1175"},"modified":"2026-04-08T10:42:01","modified_gmt":"2026-04-08T13:42:01","slug":"2026-2","status":"publish","type":"page","link":"https:\/\/portal.uern.br\/fala\/escolademusica\/2026-2\/","title":{"rendered":"2026"},"content":{"rendered":"<p>&nbsp;<\/p>\n<p><strong>EDITAL DE CURSOS LIVRES 2026.1<\/strong><\/p>\n<p><a href=\"https:\/\/portal.uern.br\/fala\/escolademusica\/wp-content\/uploads\/sites\/6\/2026\/03\/Edital_de_Cursos_Livres_2026.1.docx_assinado.pdf\">Edital de cursos livres<\/a><\/p>\n<p><a href=\"https:\/\/portal.uern.br\/fala\/escolademusica\/wp-content\/uploads\/sites\/6\/2026\/04\/Edital_de_Cursos_Livres_-_2026.1_-_Homologacao_das_inscricoes.docx_assinado.pdf\">Edital de Cursos Livres &#8211; Homologa\u00e7\u00e3o das inscri\u00e7\u00f5es<\/a><\/p>\n<p><a href=\"https:\/\/portal.uern.br\/fala\/escolademusica\/wp-content\/uploads\/sites\/6\/2026\/04\/Edital_de_Cursos_Livres_-_2026.1_-_Convocacao_para_Heteroidentificacao.docx_assinado.pdf\">Edital de cursos livres &#8211; Convoca\u00e7\u00e3o para processo de heteroidentifica\u00e7\u00e3o<\/a><\/p>\n<p><a href=\"https:\/\/portal.uern.br\/fala\/escolademusica\/wp-content\/uploads\/sites\/6\/2026\/04\/Edital_de_Cursos_Livres_-_2026.1_-_Homologacao_das_inscricoes.docx_28129_assinado-1.pdf\">Edital de Cursos Livres &#8211; Homologa\u00e7\u00e3o das inscricoes &#8211; RETIFICADO<\/a><\/p>\n","protected":false},"excerpt":{"rendered":"<p>&nbsp; EDITAL DE CURSOS LIVRES 2026.1 Edital de cursos livres Edital de Cursos Livres &#8211; Homologa\u00e7\u00e3o das inscri\u00e7\u00f5es Edital de cursos livres &#8211; Convoca\u00e7\u00e3o para processo de heteroidentifica\u00e7\u00e3o Edital de Cursos Livres &#8211; Homologa\u00e7\u00e3o das inscricoes &#8211; RETIFICADO<\/p>\n","protected":false},"author":5,"featured_media":0,"parent":0,"menu_order":0,"comment_status":"closed","ping_status":"closed","template":"","meta":{"footnotes":""},"class_list":["post-1175","page","type-page","status-publish","hentry"],"_links":{"self":[{"href":"https:\/\/portal.uern.br\/fala\/escolademusica\/wp-json\/wp\/v2\/pages\/1175","targetHints":{"allow":["GET"]}}],"collection":[{"href":"https:\/\/portal.uern.br\/fala\/escolademusica\/wp-json\/wp\/v2\/pages"}],"about":[{"href":"https:\/\/portal.uern.br\/fala\/escolademusica\/wp-json\/wp\/v2\/types\/page"}],"author":[{"embeddable":true,"href":"https:\/\/portal.uern.br\/fala\/escolademusica\/wp-json\/wp\/v2\/users\/5"}],"replies":[{"embeddable":true,"href":"https:\/\/portal.uern.br\/fala\/escolademusica\/wp-json\/wp\/v2\/comments?post=1175"}],"version-history":[{"count":18,"href":"https:\/\/portal.uern.br\/fala\/escolademusica\/wp-json\/wp\/v2\/pages\/1175\/revisions"}],"predecessor-version":[{"id":1224,"href":"https:\/\/portal.uern.br\/fala\/escolademusica\/wp-json\/wp\/v2\/pages\/1175\/revisions\/1224"}],"wp:attachment":[{"href":"https:\/\/portal.uern.br\/fala\/escolademusica\/wp-json\/wp\/v2\/media?parent=1175"}],"curies":[{"name":"wp","href":"https:\/\/api.w.org\/{rel}","templated":true}]}}