{"id":1075,"date":"2025-06-24T23:41:42","date_gmt":"2025-06-25T02:41:42","guid":{"rendered":"https:\/\/portal.uern.br\/fala\/escolademusica\/?page_id=1075"},"modified":"2025-10-16T15:48:47","modified_gmt":"2025-10-16T18:48:47","slug":"cursos-livres-2025-2","status":"publish","type":"page","link":"https:\/\/portal.uern.br\/fala\/escolademusica\/cursos-livres-2025-2\/","title":{"rendered":"Cursos Livres"},"content":{"rendered":"<p>EDITAL DE CURSOS LIVRES &#8211; 2025.2<\/p>\n<p><a href=\"https:\/\/portal.uern.br\/fala\/escolademusica\/wp-content\/uploads\/sites\/6\/2025\/06\/1.-Edital-de-Cursos-Livres-2025.2.pdf\">Edital de Cursos Livres &#8211; 2025.2<\/a><\/p>\n<p><a href=\"https:\/\/portal.uern.br\/fala\/escolademusica\/wp-content\/uploads\/sites\/6\/2025\/07\/2.-Edital-de-Cursos-Livres-2025.2-Homologacao-das-inscricoes.pdf\">Homologa\u00e7\u00e3o das Inscri\u00e7\u00f5es<\/a><\/p>\n<p><a href=\"https:\/\/portal.uern.br\/fala\/escolademusica\/wp-content\/uploads\/sites\/6\/2025\/07\/3.-Edital-de-Cursos-Livres-2025.2-Resultado-da-avaliacao-do-canto-coral-RETIFICADO.pdf\">Resultado da Avalia\u00e7\u00e3o do Canto Coral [RETIFICADO]<\/a><\/p>\n<p><a href=\"https:\/\/portal.uern.br\/fala\/escolademusica\/wp-content\/uploads\/sites\/6\/2025\/07\/4.-Edital-de-Cursos-Livres-2025.2-Convocacao-para-Procedimento-de-Heteroidentificacao.pdf\">Convoca\u00e7\u00e3o para Procedimento de Heteroidentifica\u00e7\u00e3o<\/a><\/p>\n<p><a href=\"https:\/\/portal.uern.br\/fala\/escolademusica\/wp-content\/uploads\/sites\/6\/2025\/07\/5.-Edital-de-Cursos-Livres-2025.2-Resultado-do-procedimento-de-heteroidentificacao.pdf\">Resultado do Procedimento de Heteroidentifica\u00e7\u00e3o<\/a><\/p>\n<p style=\"padding-left: 40px\"><span style=\"font-size: 10pt\"><em>N\u00e3o tivemos interposi\u00e7\u00e3o de recurso para o Procedimento de Heteroidentifica\u00e7\u00e3o<\/em><\/span><\/p>\n<p><a href=\"https:\/\/portal.uern.br\/fala\/escolademusica\/wp-content\/uploads\/sites\/6\/2025\/07\/6.-Edital-de-Cursos-Livres-2025.2-Lista-dos-Classificados-RETIFICADO.pdf\">Resultado &#8211; Lista de Classificados [RETIFICADO]<\/a><\/p>\n<p>&nbsp;<\/p>\n<p>&nbsp;<\/p>\n<p>EDITAL DE CURSOS LIVRES <em><span style=\"font-size: 10pt\">(29\/09\/2025)<\/span><\/em><\/p>\n<p><a href=\"https:\/\/portal.uern.br\/fala\/escolademusica\/wp-content\/uploads\/sites\/6\/2025\/09\/1.-Edital-de-Cursos-Livres.pdf\">Edital de Cursos Livres<\/a><\/p>\n<p><em><span style=\"font-size: 10pt\">(06\/10\/2025)<\/span><\/em><\/p>\n<p><a href=\"https:\/\/portal.uern.br\/fala\/escolademusica\/wp-content\/uploads\/sites\/6\/2025\/10\/2.-Edital-de-Cursos-Livres-2025-Homologacao-das-inscricoes.pdf\">Homologa\u00e7\u00e3o das inscri\u00e7\u00f5es<\/a><\/p>\n<p><a href=\"https:\/\/portal.uern.br\/fala\/escolademusica\/wp-content\/uploads\/sites\/6\/2025\/10\/3.-Edital-de-Cursos-Livres-2025-Convocacao-para-Heteroidentificacao.pdf\">Convoca\u00e7\u00e3o para procedimento de heteroidentifica\u00e7\u00e3o<\/a><\/p>\n<p><a href=\"https:\/\/portal.uern.br\/fala\/escolademusica\/wp-content\/uploads\/sites\/6\/2025\/10\/4.-Edital-de-Cursos-Livres-2025-Resultado-do-Procedimento-de-Heteroidentificacao.pdf\">Resultado do procedimento de heteroidentifica\u00e7\u00e3o<\/a><\/p>\n<p><a href=\"https:\/\/portal.uern.br\/fala\/escolademusica\/wp-content\/uploads\/sites\/6\/2025\/10\/5.-Edital-de-Cursos-Livres-2025-ALTERACAO-DE-CRONOGRAMA.pdf\">ALTERA\u00c7\u00c3O DE CRONOGRAMA<\/a><\/p>\n<p><a href=\"https:\/\/portal.uern.br\/fala\/escolademusica\/wp-content\/uploads\/sites\/6\/2025\/10\/6.-Edital-de-Cursos-Livres-2025-Lista-dos-classificados.pdf\">Lista dos Classificados<\/a><\/p>\n<p><a href=\"https:\/\/portal.uern.br\/fala\/escolademusica\/wp-content\/uploads\/sites\/6\/2025\/10\/7-Edital-de-Cursos-Livres-2025-Lista-dos-classificados-SEGUNDA-CHAMADA.pdf\">Lista dos Classificados &#8211; 2\u00aa chamada<\/a><\/p>\n","protected":false},"excerpt":{"rendered":"<p>EDITAL DE CURSOS LIVRES &#8211; 2025.2 Edital de Cursos Livres &#8211; 2025.2 Homologa\u00e7\u00e3o das Inscri\u00e7\u00f5es Resultado da Avalia\u00e7\u00e3o do Canto Coral [RETIFICADO] Convoca\u00e7\u00e3o para Procedimento de Heteroidentifica\u00e7\u00e3o Resultado do Procedimento de Heteroidentifica\u00e7\u00e3o N\u00e3o tivemos interposi\u00e7\u00e3o de recurso para o Procedimento de Heteroidentifica\u00e7\u00e3o Resultado &#8211; Lista de Classificados [RETIFICADO] &nbsp; &nbsp; EDITAL DE CURSOS LIVRES (29\/09\/2025) [&hellip;]<\/p>\n","protected":false},"author":5,"featured_media":0,"parent":0,"menu_order":0,"comment_status":"closed","ping_status":"closed","template":"","meta":{"footnotes":""},"class_list":["post-1075","page","type-page","status-publish","hentry"],"_links":{"self":[{"href":"https:\/\/portal.uern.br\/fala\/escolademusica\/wp-json\/wp\/v2\/pages\/1075","targetHints":{"allow":["GET"]}}],"collection":[{"href":"https:\/\/portal.uern.br\/fala\/escolademusica\/wp-json\/wp\/v2\/pages"}],"about":[{"href":"https:\/\/portal.uern.br\/fala\/escolademusica\/wp-json\/wp\/v2\/types\/page"}],"author":[{"embeddable":true,"href":"https:\/\/portal.uern.br\/fala\/escolademusica\/wp-json\/wp\/v2\/users\/5"}],"replies":[{"embeddable":true,"href":"https:\/\/portal.uern.br\/fala\/escolademusica\/wp-json\/wp\/v2\/comments?post=1075"}],"version-history":[{"count":21,"href":"https:\/\/portal.uern.br\/fala\/escolademusica\/wp-json\/wp\/v2\/pages\/1075\/revisions"}],"predecessor-version":[{"id":1172,"href":"https:\/\/portal.uern.br\/fala\/escolademusica\/wp-json\/wp\/v2\/pages\/1075\/revisions\/1172"}],"wp:attachment":[{"href":"https:\/\/portal.uern.br\/fala\/escolademusica\/wp-json\/wp\/v2\/media?parent=1075"}],"curies":[{"name":"wp","href":"https:\/\/api.w.org\/{rel}","templated":true}]}}