{"id":1058,"date":"2025-06-06T16:41:25","date_gmt":"2025-06-06T19:41:25","guid":{"rendered":"https:\/\/portal.uern.br\/fala\/escolademusica\/?page_id=1058"},"modified":"2025-06-16T20:06:50","modified_gmt":"2025-06-16T23:06:50","slug":"renovacao-de-matriculas-2025-2","status":"publish","type":"page","link":"https:\/\/portal.uern.br\/fala\/escolademusica\/renovacao-de-matriculas-2025-2\/","title":{"rendered":"Renova\u00e7\u00e3o de Matr\u00edculas &#8211; 2025.2"},"content":{"rendered":"<p>RENOVA\u00c7\u00c3O DE MATR\u00cdCULAS \u2013 2025.2<\/p>\n<p><a href=\"https:\/\/portal.uern.br\/fala\/escolademusica\/wp-content\/uploads\/sites\/6\/2025\/06\/Edital-de-Renovacao-de-Matriculas-2025.2.pdf\">Edital de Renova\u00e7\u00e3o de Matr\u00edculas<\/a><\/p>\n<p><a href=\"https:\/\/portal.uern.br\/fala\/escolademusica\/wp-content\/uploads\/sites\/6\/2025\/06\/Edital_de_Renovacao_de_Matriculas_-_Resultado_de_isencao_assinado-1.pdf\">Resultado do pedido de isen\u00e7\u00e3o<\/a><\/p>\n<p><a href=\"https:\/\/portal.uern.br\/fala\/escolademusica\/wp-content\/uploads\/sites\/6\/2025\/06\/Edital_de_Renovacao_de_Matriculas_-_2025.2_-_HOMOLOGACAO.pdf\">Homologa\u00e7\u00e3o da Renova\u00e7\u00e3o de Matr\u00edculas<\/a><\/p>\n","protected":false},"excerpt":{"rendered":"<p>RENOVA\u00c7\u00c3O DE MATR\u00cdCULAS \u2013 2025.2 Edital de Renova\u00e7\u00e3o de Matr\u00edculas Resultado do pedido de isen\u00e7\u00e3o Homologa\u00e7\u00e3o da Renova\u00e7\u00e3o de Matr\u00edculas<\/p>\n","protected":false},"author":5,"featured_media":0,"parent":0,"menu_order":0,"comment_status":"closed","ping_status":"closed","template":"","meta":{"footnotes":""},"class_list":["post-1058","page","type-page","status-publish","hentry"],"_links":{"self":[{"href":"https:\/\/portal.uern.br\/fala\/escolademusica\/wp-json\/wp\/v2\/pages\/1058","targetHints":{"allow":["GET"]}}],"collection":[{"href":"https:\/\/portal.uern.br\/fala\/escolademusica\/wp-json\/wp\/v2\/pages"}],"about":[{"href":"https:\/\/portal.uern.br\/fala\/escolademusica\/wp-json\/wp\/v2\/types\/page"}],"author":[{"embeddable":true,"href":"https:\/\/portal.uern.br\/fala\/escolademusica\/wp-json\/wp\/v2\/users\/5"}],"replies":[{"embeddable":true,"href":"https:\/\/portal.uern.br\/fala\/escolademusica\/wp-json\/wp\/v2\/comments?post=1058"}],"version-history":[{"count":4,"href":"https:\/\/portal.uern.br\/fala\/escolademusica\/wp-json\/wp\/v2\/pages\/1058\/revisions"}],"predecessor-version":[{"id":1071,"href":"https:\/\/portal.uern.br\/fala\/escolademusica\/wp-json\/wp\/v2\/pages\/1058\/revisions\/1071"}],"wp:attachment":[{"href":"https:\/\/portal.uern.br\/fala\/escolademusica\/wp-json\/wp\/v2\/media?parent=1058"}],"curies":[{"name":"wp","href":"https:\/\/api.w.org\/{rel}","templated":true}]}}