{"id":1039,"date":"2025-03-07T20:11:20","date_gmt":"2025-03-07T23:11:20","guid":{"rendered":"https:\/\/portal.uern.br\/fala\/escolademusica\/?page_id=1039"},"modified":"2025-06-24T23:41:05","modified_gmt":"2025-06-25T02:41:05","slug":"cursos-livres","status":"publish","type":"page","link":"https:\/\/portal.uern.br\/fala\/escolademusica\/cursos-livres\/","title":{"rendered":"Cursos Livres &#8211; 2025.1"},"content":{"rendered":"<p><a href=\"https:\/\/portal.uern.br\/fala\/escolademusica\/wp-content\/uploads\/sites\/6\/2025\/02\/Edital-de-Cursos-Livres-2025.1.pdf\">Edital de Cursos Livres &#8211; 2025.1<\/a><\/p>\n<p><a href=\"https:\/\/portal.uern.br\/fala\/escolademusica\/wp-content\/uploads\/sites\/6\/2025\/03\/Edital-de-Cursos-Livres-2025.1-Homologacao-das-inscricoes.pdf\">Homologa\u00e7\u00e3o das Inscri\u00e7\u00f5es<\/a><\/p>\n<p><a href=\"https:\/\/portal.uern.br\/fala\/escolademusica\/wp-content\/uploads\/sites\/6\/2025\/03\/Edital-de-Cursos-Livres-2025.1-Convocacao-para-Heteroidentificacao.pdf\">Convoca\u00e7\u00e3o para Procedimento de Heteroidentifica\u00e7\u00e3o<\/a><\/p>\n<p><a href=\"https:\/\/portal.uern.br\/fala\/escolademusica\/wp-content\/uploads\/sites\/6\/2025\/03\/Lista-de-Resultado-PROCEDIMENTO-DE-HETEROIDENTIFICACAO-cursos-livres-2025.1.docx.pdf\">Resultado do Procedimento de Heteroidentifica\u00e7\u00e3o<\/a><\/p>\n<p><a href=\"https:\/\/portal.uern.br\/fala\/escolademusica\/wp-content\/uploads\/sites\/6\/2025\/03\/Edital-de-Cursos-Livres-2025.1-Lista-dos-Classificados.pdf\">Lista dos Classificados<\/a><\/p>\n<p><span style=\"font-size: 10pt\"><em>17\/03\/2025<\/em><\/span><\/p>\n<p><a href=\"https:\/\/portal.uern.br\/fala\/escolademusica\/wp-content\/uploads\/sites\/6\/2025\/03\/Edital-de-Cursos-Livres-2025.1-Lista-dos-Classificados-RETIFICADO.pdf\">Lista dos Classificados &#8211; RETIFICADA<\/a><\/p>\n","protected":false},"excerpt":{"rendered":"<p>Edital de Cursos Livres &#8211; 2025.1 Homologa\u00e7\u00e3o das Inscri\u00e7\u00f5es Convoca\u00e7\u00e3o para Procedimento de Heteroidentifica\u00e7\u00e3o Resultado do Procedimento de Heteroidentifica\u00e7\u00e3o Lista dos Classificados 17\/03\/2025 Lista dos Classificados &#8211; RETIFICADA<\/p>\n","protected":false},"author":5,"featured_media":0,"parent":0,"menu_order":0,"comment_status":"closed","ping_status":"closed","template":"","meta":{"footnotes":""},"class_list":["post-1039","page","type-page","status-publish","hentry"],"_links":{"self":[{"href":"https:\/\/portal.uern.br\/fala\/escolademusica\/wp-json\/wp\/v2\/pages\/1039","targetHints":{"allow":["GET"]}}],"collection":[{"href":"https:\/\/portal.uern.br\/fala\/escolademusica\/wp-json\/wp\/v2\/pages"}],"about":[{"href":"https:\/\/portal.uern.br\/fala\/escolademusica\/wp-json\/wp\/v2\/types\/page"}],"author":[{"embeddable":true,"href":"https:\/\/portal.uern.br\/fala\/escolademusica\/wp-json\/wp\/v2\/users\/5"}],"replies":[{"embeddable":true,"href":"https:\/\/portal.uern.br\/fala\/escolademusica\/wp-json\/wp\/v2\/comments?post=1039"}],"version-history":[{"count":10,"href":"https:\/\/portal.uern.br\/fala\/escolademusica\/wp-json\/wp\/v2\/pages\/1039\/revisions"}],"predecessor-version":[{"id":1073,"href":"https:\/\/portal.uern.br\/fala\/escolademusica\/wp-json\/wp\/v2\/pages\/1039\/revisions\/1073"}],"wp:attachment":[{"href":"https:\/\/portal.uern.br\/fala\/escolademusica\/wp-json\/wp\/v2\/media?parent=1039"}],"curies":[{"name":"wp","href":"https:\/\/api.w.org\/{rel}","templated":true}]}}