{"id":1032,"date":"2025-02-27T18:21:47","date_gmt":"2025-02-27T21:21:47","guid":{"rendered":"https:\/\/portal.uern.br\/fala\/escolademusica\/?page_id=1032"},"modified":"2025-07-24T15:15:48","modified_gmt":"2025-07-24T18:15:48","slug":"2025-2","status":"publish","type":"page","link":"https:\/\/portal.uern.br\/fala\/escolademusica\/2025-2\/","title":{"rendered":"2025"},"content":{"rendered":"<p>EDITAL DE CURSOS LIVRES<\/p>\n<p><a href=\"https:\/\/portal.uern.br\/fala\/escolademusica\/wp-content\/uploads\/sites\/6\/2025\/02\/Edital-de-Cursos-Livres-2025.1.pdf\">Edital de Cursos Livres<\/a><\/p>\n<p><a href=\"https:\/\/portal.uern.br\/fala\/escolademusica\/wp-content\/uploads\/sites\/6\/2025\/03\/Edital-de-Cursos-Livres-2025.1-Homologacao-das-inscricoes.pdf\">Homologa\u00e7\u00e3o das Inscri\u00e7\u00f5es<\/a><\/p>\n<p><a href=\"https:\/\/portal.uern.br\/fala\/escolademusica\/wp-content\/uploads\/sites\/6\/2025\/03\/Edital-de-Cursos-Livres-2025.1-Convocacao-para-Heteroidentificacao.pdf\">Convoca\u00e7\u00e3o para Procedimento de Heteroidentifica\u00e7\u00e3o<\/a><\/p>\n<p><a href=\"https:\/\/portal.uern.br\/fala\/escolademusica\/wp-content\/uploads\/sites\/6\/2025\/03\/Lista-de-Resultado-PROCEDIMENTO-DE-HETEROIDENTIFICACAO-cursos-livres-2025.1.docx.pdf\">Resultado do Procedimento de Heteroidentifica\u00e7\u00e3o<\/a><\/p>\n<p><a href=\"https:\/\/portal.uern.br\/fala\/escolademusica\/wp-content\/uploads\/sites\/6\/2025\/03\/Edital-de-Cursos-Livres-2025.1-Lista-dos-Classificados.pdf\">Lista dos Classificados<\/a><\/p>\n<p><span style=\"font-size: 10pt\"><em>17\/03\/2025<\/em><\/span><\/p>\n<p><a href=\"https:\/\/portal.uern.br\/fala\/escolademusica\/wp-content\/uploads\/sites\/6\/2025\/03\/Edital-de-Cursos-Livres-2025.1-Lista-dos-Classificados-RETIFICADO.pdf\">Lista dos Classificados &#8211; RETIFICADA<\/a><\/p>\n<p>&nbsp;<\/p>\n<p>EDITAL DE RENOVA\u00c7\u00c3O DE MATR\u00cdCULAS &#8211; 2025.2<\/p>\n<p><a href=\"https:\/\/portal.uern.br\/fala\/escolademusica\/wp-content\/uploads\/sites\/6\/2025\/06\/Edital-de-Renovacao-de-Matriculas-2025.2.pdf\">Edital de Renova\u00e7\u00e3o de Matr\u00edculas<\/a><\/p>\n<p><a href=\"https:\/\/portal.uern.br\/fala\/escolademusica\/wp-content\/uploads\/sites\/6\/2025\/06\/Edital_de_Renovacao_de_Matriculas_-_Resultado_de_isencao_assinado-1.pdf\">Resultado do pedido de isen\u00e7\u00e3o<\/a><\/p>\n<p><a href=\"https:\/\/portal.uern.br\/fala\/escolademusica\/wp-content\/uploads\/sites\/6\/2025\/06\/Edital_de_Renovacao_de_Matriculas_-_2025.2_-_HOMOLOGACAO.pdf\">Homologa\u00e7\u00e3o da Renova\u00e7\u00e3o de Matr\u00edculas<\/a><\/p>\n<p>&nbsp;<\/p>\n<p>EDITAL DE CURSOS LIVRES &#8211; 2025.2<\/p>\n<p><a href=\"https:\/\/portal.uern.br\/fala\/escolademusica\/wp-content\/uploads\/sites\/6\/2025\/06\/1.-Edital-de-Cursos-Livres-2025.2.pdf\">Edital de Cursos Livres &#8211; 2025.2<\/a><\/p>\n<p><a href=\"https:\/\/portal.uern.br\/fala\/escolademusica\/wp-content\/uploads\/sites\/6\/2025\/07\/2.-Edital-de-Cursos-Livres-2025.2-Homologacao-das-inscricoes.pdf\">Homologa\u00e7\u00e3o das Inscri\u00e7\u00f5es<\/a><\/p>\n<p><a href=\"https:\/\/portal.uern.br\/fala\/escolademusica\/wp-content\/uploads\/sites\/6\/2025\/07\/3.-Edital-de-Cursos-Livres-2025.2-Resultado-da-avaliacao-do-canto-coral-RETIFICADO.pdf\">Resultado da Avalia\u00e7\u00e3o do Canto Coral [RETIFICADO]<\/a><\/p>\n<p><a href=\"https:\/\/portal.uern.br\/fala\/escolademusica\/wp-content\/uploads\/sites\/6\/2025\/07\/4.-Edital-de-Cursos-Livres-2025.2-Convocacao-para-Procedimento-de-Heteroidentificacao.pdf\">Convoca\u00e7\u00e3o para Procedimento de Heteroidentifica\u00e7\u00e3o<\/a><\/p>\n<p><a href=\"https:\/\/portal.uern.br\/fala\/escolademusica\/wp-content\/uploads\/sites\/6\/2025\/07\/5.-Edital-de-Cursos-Livres-2025.2-Resultado-do-procedimento-de-heteroidentificacao.pdf\">Resultado do Procedimento de Heteroidentifica\u00e7\u00e3o<\/a><\/p>\n<p style=\"padding-left: 40px\"><span style=\"font-size: 10pt\"><em>N\u00e3o tivemos interposi\u00e7\u00e3o de recurso para o Procedimento de Heteroidentifica\u00e7\u00e3o<\/em><\/span><\/p>\n<p><a href=\"https:\/\/portal.uern.br\/fala\/escolademusica\/wp-content\/uploads\/sites\/6\/2025\/07\/6.-Edital-de-Cursos-Livres-2025.2-Lista-dos-Classificados-RETIFICADO.pdf\">Resultado &#8211; Lista de Classificados [RETIFICADO]<\/a><\/p>\n","protected":false},"excerpt":{"rendered":"<p>EDITAL DE CURSOS LIVRES Edital de Cursos Livres Homologa\u00e7\u00e3o das Inscri\u00e7\u00f5es Convoca\u00e7\u00e3o para Procedimento de Heteroidentifica\u00e7\u00e3o Resultado do Procedimento de Heteroidentifica\u00e7\u00e3o Lista dos Classificados 17\/03\/2025 Lista dos Classificados &#8211; RETIFICADA &nbsp; EDITAL DE RENOVA\u00c7\u00c3O DE MATR\u00cdCULAS &#8211; 2025.2 Edital de Renova\u00e7\u00e3o de Matr\u00edculas Resultado do pedido de isen\u00e7\u00e3o Homologa\u00e7\u00e3o da Renova\u00e7\u00e3o de Matr\u00edculas &nbsp; EDITAL [&hellip;]<\/p>\n","protected":false},"author":5,"featured_media":0,"parent":0,"menu_order":0,"comment_status":"closed","ping_status":"closed","template":"","meta":{"footnotes":""},"class_list":["post-1032","page","type-page","status-publish","hentry"],"_links":{"self":[{"href":"https:\/\/portal.uern.br\/fala\/escolademusica\/wp-json\/wp\/v2\/pages\/1032","targetHints":{"allow":["GET"]}}],"collection":[{"href":"https:\/\/portal.uern.br\/fala\/escolademusica\/wp-json\/wp\/v2\/pages"}],"about":[{"href":"https:\/\/portal.uern.br\/fala\/escolademusica\/wp-json\/wp\/v2\/types\/page"}],"author":[{"embeddable":true,"href":"https:\/\/portal.uern.br\/fala\/escolademusica\/wp-json\/wp\/v2\/users\/5"}],"replies":[{"embeddable":true,"href":"https:\/\/portal.uern.br\/fala\/escolademusica\/wp-json\/wp\/v2\/comments?post=1032"}],"version-history":[{"count":24,"href":"https:\/\/portal.uern.br\/fala\/escolademusica\/wp-json\/wp\/v2\/pages\/1032\/revisions"}],"predecessor-version":[{"id":1120,"href":"https:\/\/portal.uern.br\/fala\/escolademusica\/wp-json\/wp\/v2\/pages\/1032\/revisions\/1120"}],"wp:attachment":[{"href":"https:\/\/portal.uern.br\/fala\/escolademusica\/wp-json\/wp\/v2\/media?parent=1032"}],"curies":[{"name":"wp","href":"https:\/\/api.w.org\/{rel}","templated":true}]}}