{"id":922,"date":"2026-01-12T11:03:56","date_gmt":"2026-01-12T14:03:56","guid":{"rendered":"https:\/\/portal.uern.br\/fala\/dlv\/?page_id=922"},"modified":"2026-01-12T11:15:52","modified_gmt":"2026-01-12T14:15:52","slug":"atividades-pedagogicas-complementares","status":"publish","type":"page","link":"https:\/\/portal.uern.br\/fala\/dlv\/atividades-pedagogicas-complementares\/","title":{"rendered":"Atividades Pedag\u00f3gicas Complementares"},"content":{"rendered":"<h2>Atividades Complementares<\/h2>\n<h5><strong>1. O QUE S\u00c3O ATIVIDADES COMPLEMENTARES?<\/strong><\/h5>\n<p>Atividades complementares s\u00e3o componentes curriculares obrigat\u00f3rios nos cursos de gradua\u00e7\u00e3o, destinadas a ampliar e diversificar a forma\u00e7\u00e3o acad\u00eamica do estudante. Compreendem a\u00e7\u00f5es realizadas fora do conjunto regular de disciplinas, como participa\u00e7\u00e3o em eventos acad\u00eamicos, projetos de ensino, pesquisa e extens\u00e3o, monitorias, est\u00e1gios n\u00e3o obrigat\u00f3rios, cursos, publica\u00e7\u00f5es e outras experi\u00eancias formativas reconhecidas pela institui\u00e7\u00e3o. T\u00eam por finalidade enriquecer o percurso formativo, estimular a autonomia intelectual, a integra\u00e7\u00e3o entre teoria e pr\u00e1tica e o desenvolvimento de compet\u00eancias acad\u00eamicas, profissionais e cidad\u00e3s.<\/p>\n<p>Caber\u00e1 ao aluno desenvolver esfor\u00e7os para buscar na comunidade interna e externa a realiza\u00e7\u00e3o de suas atividades complementares, sendo o respons\u00e1vel pelo acompanhamento e gerenciamento das horas exigidas para o cumprimento das atividades complementares e, no \u00faltimo ano letivo, dever\u00e1 ter preenchido e validado junto \u00e0 Orienta\u00e7\u00e3o Acad\u00eamica da Faculdade de Letras e Artes, do Curso de Letras \u2013 L\u00edngua Portuguesa, as suas 200 (duzentas) horas de atividades te\u00f3rico-pr\u00e1ticas, a fim de registrar e protocolar as mesmas, como requisito parcial \u00e0 cola\u00e7\u00e3o de grau.<\/p>\n<p>No quadro a seguir est\u00e3o relacionados os crit\u00e9rios que ser\u00e3o considerados para a integraliza\u00e7\u00e3o das 200 horas \u00e0 carga hor\u00e1ria total do Curso de Letras \u2013 L\u00edngua Portuguesa:<\/p>\n<h6><span style=\"font-size: 12pt\"><strong>Quadro 1 &#8211; Atividades da Inicia\u00e7\u00e3o Cient\u00edfica, da Inicia\u00e7\u00e3o \u00e0 Doc\u00eancia, da Extens\u00e3o e da Monitoria e outras<\/strong><\/span><\/h6>\n<table style=\"border-collapse: collapse;width: 88.2524%;height: 738px\">\n<tbody>\n<tr style=\"height: 72px\">\n<td style=\"width: 28.9884%;height: 72px\"><strong>Atividades da Inicia\u00e7\u00e3o Cient\u00edfica, da <\/strong><strong>Inicia\u00e7\u00e3o \u00e0 Doc\u00eancia, da Extens\u00e3o e da <\/strong><strong>Monitoria e outras<\/strong><\/td>\n<td style=\"width: 17.3857%;height: 72px;text-align: center\"><strong>Carga Hor\u00e1ria<\/strong><\/td>\n<td style=\"width: 17.6034%;height: 72px;text-align: center\"><strong>CH\/m\u00e1xima <\/strong><strong>na atividade<\/strong><\/td>\n<td style=\"width: 24.0279%;height: 72px;text-align: center\"><strong>Comprova\u00e7\u00e3o<\/strong><\/td>\n<\/tr>\n<tr style=\"height: 41px\">\n<td style=\"width: 28.9884%;height: 41px\">Publica\u00e7\u00e3o de artigo em meio acad\u00eamico<\/td>\n<td style=\"width: 17.3857%;height: 41px;text-align: center\">20 h\/artigo<\/td>\n<td style=\"width: 17.6034%;height: 41px;text-align: center\">100 h<\/td>\n<td style=\"width: 24.0279%;height: 41px;text-align: center\">Artigo e sum\u00e1rio da publica\u00e7\u00e3o<\/td>\n<\/tr>\n<tr style=\"height: 10px\">\n<td style=\"width: 28.9884%;height: 10px\">Publica\u00e7\u00e3o de resumo em evento acad\u00eamico<\/td>\n<td style=\"width: 17.3857%;height: 10px;text-align: center\">8 h\/resumo<\/td>\n<td style=\"width: 17.6034%;height: 10px;text-align: center\">40 h<\/td>\n<td style=\"width: 24.0279%;height: 10px;text-align: center\">Resumo<\/td>\n<\/tr>\n<tr style=\"height: 24px\">\n<td style=\"width: 28.9884%;height: 24px\">Publica\u00e7\u00e3o de artigo relacionado \u00e0 \u00e1rea de atua\u00e7\u00e3o do curso, em m\u00eddia n\u00e3o cient\u00edfica<\/td>\n<td style=\"width: 17.3857%;height: 24px;text-align: center\">2 h\/artigo<\/td>\n<td style=\"width: 17.6034%;height: 24px;text-align: center\">10 h<\/td>\n<td style=\"width: 24.0279%;height: 24px;text-align: center\">Artigo<\/td>\n<\/tr>\n<tr style=\"height: 10px\">\n<td style=\"width: 28.9884%;height: 10px\">Participa\u00e7\u00e3o em evento da \u00e1rea de atua\u00e7\u00e3o, com apresenta\u00e7\u00e3o de trabalho<\/td>\n<td style=\"width: 17.3857%;height: 10px;text-align: center\">2 h de AC p\/ cada 4 declaradas<\/td>\n<td style=\"width: 17.6034%;height: 10px;text-align: center\">80 h<\/td>\n<td style=\"width: 24.0279%;height: 10px;text-align: center\">Certificado ou declara\u00e7\u00e3o<\/td>\n<\/tr>\n<tr style=\"height: 24px\">\n<td style=\"width: 28.9884%;height: 24px\">Participa\u00e7\u00e3o em evento da \u00e1rea de atua\u00e7\u00e3o, sem apresenta\u00e7\u00e3o de trabalho<\/td>\n<td style=\"width: 17.3857%;height: 24px;text-align: center\">1 h de AC p\/ cada 4 declaradas<\/td>\n<td style=\"width: 17.6034%;height: 24px;text-align: center\">40 h<\/td>\n<td style=\"width: 24.0279%;height: 24px;text-align: center\">Certificado ou declara\u00e7\u00e3o<\/td>\n<\/tr>\n<tr style=\"height: 24px\">\n<td style=\"width: 28.9884%;height: 24px\">Participa\u00e7\u00e3o em evento de \u00e1rea afim, com apresenta\u00e7\u00e3o de trabalho<\/td>\n<td style=\"width: 17.3857%;height: 24px;text-align: center\">1 h de AC p\/ cada 4 declaradas<\/td>\n<td style=\"width: 17.6034%;height: 24px;text-align: center\">40 h<\/td>\n<td style=\"width: 24.0279%;height: 24px;text-align: center\">Certificado ou declara\u00e7\u00e3o<\/td>\n<\/tr>\n<tr style=\"height: 10px\">\n<td style=\"width: 28.9884%;height: 10px\">Participa\u00e7\u00e3o em evento de \u00e1rea afim, sem apresenta\u00e7\u00e3o de trabalho<\/td>\n<td style=\"width: 17.3857%;height: 10px;text-align: center\">1 h de AC p\/ cada 4 declaradas<\/td>\n<td style=\"width: 17.6034%;height: 10px;text-align: center\">40 h<\/td>\n<td style=\"width: 24.0279%;height: 10px;text-align: center\">Certificado ou declara\u00e7\u00e3o<\/td>\n<\/tr>\n<tr style=\"height: 10px\">\n<td style=\"width: 28.9884%;height: 10px\">Participa\u00e7\u00e3o em cursos, minicursos, oficinas presenciais da \u00e1rea<\/td>\n<td style=\"width: 17.3857%;height: 10px;text-align: center\">carga hor\u00e1ria certificada<\/td>\n<td style=\"width: 17.6034%;height: 10px;text-align: center\">100 h<\/td>\n<td style=\"width: 24.0279%;height: 10px;text-align: center\">Certificado ou declara\u00e7\u00e3o<\/td>\n<\/tr>\n<tr style=\"height: 34px\">\n<td style=\"width: 28.9884%;height: 34px\">Participa\u00e7\u00e3o em cursos, minicursos, oficinas presenciais de \u00e1reas afins<\/td>\n<td style=\"width: 17.3857%;text-align: center;height: 34px\">carga hor\u00e1ria certificada<\/td>\n<td style=\"width: 17.6034%;text-align: center;height: 34px\">40 h<\/td>\n<td style=\"width: 24.0279%;text-align: center;height: 34px\">Certificado ou declara\u00e7\u00e3o<\/td>\n<\/tr>\n<tr style=\"height: 27px\">\n<td style=\"width: 28.9884%;height: 27px\">Participa\u00e7\u00e3o de cursos online reconhecidos pelo MEC<\/td>\n<td style=\"width: 17.3857%;text-align: center;height: 27px\">carga hor\u00e1ria certificada<\/td>\n<td style=\"width: 17.6034%;text-align: center;height: 27px\">40 h<\/td>\n<td style=\"width: 24.0279%;text-align: center;height: 27px\">Certificado ou declara\u00e7\u00e3o<\/td>\n<\/tr>\n<tr style=\"height: 15px\">\n<td style=\"width: 28.9884%;height: 15px\">Participa\u00e7\u00e3o de comiss\u00e3o organizadora de evento<\/td>\n<td style=\"width: 17.3857%;text-align: center;height: 15px\">8 h\/ evento<\/td>\n<td style=\"width: 17.6034%;text-align: center;height: 15px\">16 h<\/td>\n<td style=\"width: 24.0279%;text-align: center;height: 15px\">Certificado ou declara\u00e7\u00e3o<\/td>\n<\/tr>\n<tr style=\"height: 10px\">\n<td style=\"width: 28.9884%;height: 10px\">Produ\u00e7\u00e3o de material did\u00e1tico publicado<\/td>\n<td style=\"width: 17.3857%;text-align: center;height: 10px\">10 h\/material<\/td>\n<td style=\"width: 17.6034%;text-align: center;height: 10px\">20 h<\/td>\n<td style=\"width: 24.0279%;text-align: center;height: 10px\">Certificado ou declara\u00e7\u00e3o<\/td>\n<\/tr>\n<tr style=\"height: 25px\">\n<td style=\"width: 28.9884%;height: 25px\">Atua\u00e7\u00e3o docente (volunt\u00e1ria, sem v\u00ednculo com a UERN)<\/td>\n<td style=\"width: 17.3857%;text-align: center;height: 25px\">10 h\/semestre<\/td>\n<td style=\"width: 17.6034%;text-align: center;height: 25px\">80 h<\/td>\n<td style=\"width: 24.0279%;text-align: center;height: 25px\">Declara\u00e7\u00e3o do estabelecimento<\/td>\n<\/tr>\n<tr style=\"height: 10px\">\n<td style=\"width: 28.9884%;height: 10px\">Est\u00e1gio n\u00e3o-obrigat\u00f3rio<\/td>\n<td style=\"width: 17.3857%;height: 10px;text-align: center\">50 horas p\/semestre<\/td>\n<td style=\"width: 17.6034%;height: 10px;text-align: center\">100 h<\/td>\n<td style=\"width: 24.0279%;height: 10px;text-align: center\">Declara\u00e7\u00e3o do estabelecimento<\/td>\n<\/tr>\n<tr style=\"height: 24px\">\n<td style=\"width: 28.9884%;height: 24px\">Participa\u00e7\u00e3o de Projeto de Extens\u00e3o como organizador<\/td>\n<td style=\"width: 17.3857%;height: 24px;text-align: center\">At\u00e9 8h\/evento<\/td>\n<td style=\"width: 17.6034%;height: 24px;text-align: center\">16 h<\/td>\n<td style=\"width: 24.0279%;height: 24px;text-align: center\">Certificado ou declara\u00e7\u00e3o<\/td>\n<\/tr>\n<tr style=\"height: 33px\">\n<td style=\"width: 28.9884%;height: 33px\">Participa\u00e7\u00e3o de Projeto de Extens\u00e3o como colaborador<\/td>\n<td style=\"width: 17.3857%;text-align: center;height: 33px\">At\u00e9 4 h\/evento<\/td>\n<td style=\"width: 17.6034%;text-align: center;height: 33px\">8 h<\/td>\n<td style=\"width: 24.0279%;text-align: center;height: 33px\">Certificado ou declara\u00e7\u00e3o<\/td>\n<\/tr>\n<tr style=\"height: 14px\">\n<td style=\"width: 28.9884%;height: 14px\">Participa\u00e7\u00e3o de Projeto de Extens\u00e3o como ouvinte<\/td>\n<td style=\"width: 17.3857%;text-align: center;height: 14px\">At\u00e9 2 h\/evento<\/td>\n<td style=\"width: 17.6034%;text-align: center;height: 14px\">6 h<\/td>\n<td style=\"width: 24.0279%;text-align: center;height: 14px\">Certificado ou declara\u00e7\u00e3o<\/td>\n<\/tr>\n<tr style=\"height: 11px\">\n<td style=\"width: 28.9884%;height: 11px\">Participa\u00e7\u00e3o, como ouvinte, de defesas de TCCs da FALA (gradua\u00e7\u00e3o e p\u00f3s)<\/td>\n<td style=\"width: 17.3857%;text-align: center;height: 11px\">1 h\/evento<br \/>\nM\u00e1x. 1\/dia<\/td>\n<td style=\"width: 17.6034%;text-align: center;height: 11px\">3 h\/semestre<\/td>\n<td style=\"width: 24.0279%;text-align: center;height: 11px\">Declara\u00e7\u00e3o do presidente<\/td>\n<\/tr>\n<tr style=\"height: 45px\">\n<td style=\"width: 28.9884%;height: 45px\">Participa\u00e7\u00e3o em programas institucionais de monitoria, PIBIC, resid\u00eancia pedag\u00f3gica e PIBID<\/td>\n<td style=\"width: 17.3857%;text-align: center;height: 45px\">At\u00e9 60<br \/>\nh\/semestre<\/td>\n<td style=\"width: 17.6034%;text-align: center;height: 45px\">200 h<\/td>\n<td style=\"width: 24.0279%;text-align: center;height: 45px\">Certificado ou declara\u00e7\u00e3o<\/td>\n<\/tr>\n<tr style=\"height: 13px\">\n<td style=\"width: 28.9884%;height: 13px\">Monitoria volunt\u00e1ria e PIBIC<\/td>\n<td style=\"width: 17.3857%;text-align: center;height: 13px\">20 h<\/td>\n<td style=\"width: 17.6034%;text-align: center;height: 13px\">80 h<\/td>\n<td style=\"width: 24.0279%;text-align: center;height: 13px\">Certificado ou declara\u00e7\u00e3o<\/td>\n<\/tr>\n<tr style=\"height: 27px\">\n<td style=\"width: 28.9884%;height: 27px\">Participa\u00e7\u00e3o em Projetos de Pesquisa e\/ou Extens\u00e3o institucionalizados<\/td>\n<td style=\"width: 17.3857%;text-align: center;height: 27px\">At\u00e9 60 h\/semestre<\/td>\n<td style=\"width: 17.6034%;text-align: center;height: 27px\">200 h<\/td>\n<td style=\"width: 24.0279%;text-align: center;height: 27px\">Declara\u00e7\u00e3o do Coordenador da pesquisa<\/td>\n<\/tr>\n<tr style=\"height: 10px\">\n<td style=\"width: 28.9884%;height: 10px\">Cursos de l\u00edngua estrangeira<\/td>\n<td style=\"width: 17.3857%;text-align: center;height: 10px\">At\u00e9 60 h\/semestre<\/td>\n<td style=\"width: 17.6034%;text-align: center;height: 10px\">120 h<\/td>\n<td style=\"width: 24.0279%;text-align: center;height: 10px\">Certificado ou declara\u00e7\u00e3o<\/td>\n<\/tr>\n<tr style=\"height: 31px\">\n<td style=\"width: 28.9884%;height: 31px\">Facilitador de oficinas de leitura, com orienta\u00e7\u00e3o\/supervis\u00e3o de docente da FALA<\/td>\n<td style=\"width: 17.3857%;text-align: center;height: 31px\">2 h\/oficina<\/td>\n<td style=\"width: 17.6034%;text-align: center;height: 31px\">8 h<\/td>\n<td style=\"width: 24.0279%;text-align: center;height: 31px\">Certificado ou declara\u00e7\u00e3o<\/td>\n<\/tr>\n<tr style=\"height: 91px\">\n<td style=\"width: 28.9884%;height: 91px\">Participa\u00e7\u00e3o em atividade cultural ligada \u00e0 UERN, como agente (coral, camerata, grupo de teatro, conta\u00e7\u00e3o de hist\u00f3ria, cinema, sarau, programa de r\u00e1dio ou TV, etc.)<\/td>\n<td style=\"width: 17.3857%;text-align: center;height: 91px\">5 h\/semestre<\/td>\n<td style=\"width: 17.6034%;text-align: center;height: 91px\">10 h<\/td>\n<td style=\"width: 24.0279%;text-align: center;height: 91px\">Certificado ou declara\u00e7\u00e3o<\/td>\n<\/tr>\n<tr style=\"height: 57px\">\n<td style=\"width: 28.9884%;height: 57px\">Participa\u00e7\u00e3o\/premia\u00e7\u00e3o relacionada \u00e0 \u00e1rea acad\u00eamica cursada<\/td>\n<td style=\"width: 17.3857%;text-align: center;height: 57px\">2 h\/evento<\/td>\n<td style=\"width: 17.6034%;text-align: center;height: 57px\">4 h<\/td>\n<td style=\"width: 24.0279%;text-align: center;height: 57px\">Declara\u00e7\u00e3o\/certifica\u00e7\u00e3o de pr\u00eamio<\/td>\n<\/tr>\n<tr style=\"height: 26px\">\n<td style=\"width: 28.9884%;height: 26px\">Representa\u00e7\u00e3o estudantil nas v\u00e1rias inst\u00e2ncias acad\u00eamicas<\/td>\n<td style=\"width: 17.3857%;text-align: center;height: 26px\">15 h\/semestre<\/td>\n<td style=\"width: 17.6034%;text-align: center;height: 26px\">30 h<\/td>\n<td style=\"width: 24.0279%;text-align: center;height: 26px\">Declara\u00e7\u00e3o<\/td>\n<\/tr>\n<tr style=\"height: 10px\">\n<td style=\"width: 28.9884%;height: 10px\">Representa\u00e7\u00e3o em \u00f3rg\u00e3os estudantis (DCE e CA).<\/td>\n<td style=\"width: 17.3857%;height: 10px;text-align: center\">15 h\/semestre<\/td>\n<td style=\"width: 17.6034%;height: 10px;text-align: center\">30 h<\/td>\n<td style=\"width: 24.0279%;height: 10px;text-align: center\">Declara\u00e7\u00e3o<\/td>\n<\/tr>\n<\/tbody>\n<\/table>\n<h6><span style=\"font-size: 12pt\"><strong>Quadro 2 \u2013 Outras Atividades Complementares<\/strong><\/span><\/h6>\n<table style=\"border-collapse: collapse;width: 71.3561%;height: 288px\">\n<tbody>\n<tr style=\"height: 23px\">\n<td style=\"width: 33.3333%;height: 23px;text-align: center\"><strong>Outras Atividades<\/strong><\/td>\n<td style=\"width: 13.8264%;height: 23px;text-align: center\"><strong>Limite por atividade<\/strong><\/td>\n<td style=\"width: 24.9884%;height: 23px;text-align: center\"><strong>Pontua\u00e7\u00e3o \/ carga hor\u00e1ria por atividade<\/strong><\/td>\n<\/tr>\n<tr style=\"height: 24px\">\n<td style=\"width: 33.3333%;height: 24px\">Membro de Programa Institucional de Monitoria (PIM)<\/td>\n<td style=\"width: 13.8264%;height: 24px;text-align: center\">2<\/td>\n<td style=\"width: 24.9884%;height: 24px;text-align: center\">20 pontos \/ horas<\/td>\n<\/tr>\n<tr style=\"height: 24px\">\n<td style=\"width: 33.3333%;height: 24px\">Membro de Projeto de Inicia\u00e7\u00e3o Cient\u00edfica (PIBIC)<\/td>\n<td style=\"width: 13.8264%;height: 24px;text-align: center\">2<\/td>\n<td style=\"width: 24.9884%;height: 24px;text-align: center\">20 pontos \/ horas<\/td>\n<\/tr>\n<tr style=\"height: 24px\">\n<td style=\"width: 33.3333%;height: 24px\">Membro de Projeto de Inicia\u00e7\u00e3o \u00e0 Doc\u00eancia (PIBID)<\/td>\n<td style=\"width: 13.8264%;height: 24px;text-align: center\">2<\/td>\n<td style=\"width: 24.9884%;height: 24px;text-align: center\">20 pontos \/ horas<\/td>\n<\/tr>\n<tr style=\"height: 24px\">\n<td style=\"width: 33.3333%;height: 24px\">Membro de Projeto de Resid\u00eancia Pedag\u00f3gica<\/td>\n<td style=\"width: 13.8264%;height: 24px;text-align: center\">2<\/td>\n<td style=\"width: 24.9884%;height: 24px;text-align: center\">20 pontos \/ horas<\/td>\n<\/tr>\n<tr style=\"height: 24px\">\n<td style=\"width: 33.3333%;height: 24px\">Membro de Atividade de Extens\u00e3o<\/td>\n<td style=\"width: 13.8264%;height: 24px;text-align: center\">2<\/td>\n<td style=\"width: 24.9884%;height: 24px;text-align: center\">20 pontos \/ horas<\/td>\n<\/tr>\n<tr style=\"height: 25px\">\n<td style=\"width: 33.3333%;height: 25px\">Membro de Comiss\u00f5es Internas do pr\u00f3prio Curso,<br \/>\nbemcomo em conselhos, Centro Acad\u00eamico etc.<\/td>\n<td style=\"width: 13.8264%;height: 25px;text-align: center\">2<\/td>\n<td style=\"width: 24.9884%;height: 25px;text-align: center\">10 pontos \/ horas<\/td>\n<\/tr>\n<tr style=\"height: 24px\">\n<td style=\"width: 33.3333%;height: 24px\">Membro de N\u00facleos\/Grupos de Pesquisa<\/td>\n<td style=\"width: 13.8264%;height: 24px;text-align: center\">2<\/td>\n<td style=\"width: 24.9884%;height: 24px;text-align: center\">10 pontos \/ horas<\/td>\n<\/tr>\n<tr style=\"height: 24px\">\n<td style=\"width: 33.3333%;height: 24px\">Participa\u00e7\u00e3o em minicursos e oficinas<\/td>\n<td style=\"width: 13.8264%;height: 24px;text-align: center\">10<\/td>\n<td style=\"width: 24.9884%;text-align: center;height: 24px\">05 pontos \/ horas<\/td>\n<\/tr>\n<tr style=\"height: 24px\">\n<td style=\"width: 33.3333%;height: 24px\">Promo\u00e7\u00e3o de minicursos e oficinas<\/td>\n<td style=\"width: 13.8264%;height: 24px;text-align: center\">5<\/td>\n<td style=\"width: 24.9884%;text-align: center;height: 24px\">10 pontos \/ horas<\/td>\n<\/tr>\n<tr style=\"height: 24px\">\n<td style=\"width: 33.3333%;height: 24px\">Orienta\u00e7\u00e3o de trabalhos em campo<\/td>\n<td style=\"width: 13.8264%;height: 24px;text-align: center\">2<\/td>\n<td style=\"width: 24.9884%;height: 24px;text-align: center\">05 pontos \/ horas<\/td>\n<\/tr>\n<tr style=\"height: 24px\">\n<td style=\"width: 33.3333%;height: 24px\">Participa\u00e7\u00e3o\u00a0 em ciclos de debates e sess\u00f5es coordenadas<\/td>\n<td style=\"width: 13.8264%;height: 24px;text-align: center\">4<\/td>\n<td style=\"width: 24.9884%;height: 24px;text-align: center\">10 pontos \/ horas<\/td>\n<\/tr>\n<\/tbody>\n<\/table>\n<p>Os casos n\u00e3o previstos na tabela ser\u00e3o avaliados por uma comiss\u00e3o composta pela Chefia de Departamento\/Coordena\u00e7\u00e3o de Curso e pela Orienta\u00e7\u00e3o Acad\u00eamica do Curso de Letras &#8211; L\u00edngua Portuguesa.<\/p>\n<p>&nbsp;<\/p>\n<h5><strong>2. TUTORIAL PARA CADASTRO DE ATIVIDADES COMPLEMENTARES NO SIGAA<\/strong><\/h5>\n<p><a href=\"https:\/\/portal.uern.br\/fala\/dlv\/wp-content\/uploads\/sites\/8\/2026\/01\/SIGAA___Atividades_Complementares_.pdf\">Tutorial em PDF<\/a><\/p>\n","protected":false},"excerpt":{"rendered":"<p>Atividades Complementares 1. O QUE S\u00c3O ATIVIDADES COMPLEMENTARES? Atividades complementares s\u00e3o componentes curriculares obrigat\u00f3rios nos cursos de gradua\u00e7\u00e3o, destinadas a ampliar e diversificar a forma\u00e7\u00e3o acad\u00eamica do estudante. Compreendem a\u00e7\u00f5es realizadas fora do conjunto regular de disciplinas, como participa\u00e7\u00e3o em eventos acad\u00eamicos, projetos de ensino, pesquisa e extens\u00e3o, monitorias, est\u00e1gios n\u00e3o obrigat\u00f3rios, cursos, publica\u00e7\u00f5es e [&hellip;]<\/p>\n","protected":false},"author":6,"featured_media":0,"parent":0,"menu_order":0,"comment_status":"closed","ping_status":"closed","template":"","meta":{"footnotes":""},"class_list":["post-922","page","type-page","status-publish","hentry"],"_links":{"self":[{"href":"https:\/\/portal.uern.br\/fala\/dlv\/wp-json\/wp\/v2\/pages\/922","targetHints":{"allow":["GET"]}}],"collection":[{"href":"https:\/\/portal.uern.br\/fala\/dlv\/wp-json\/wp\/v2\/pages"}],"about":[{"href":"https:\/\/portal.uern.br\/fala\/dlv\/wp-json\/wp\/v2\/types\/page"}],"author":[{"embeddable":true,"href":"https:\/\/portal.uern.br\/fala\/dlv\/wp-json\/wp\/v2\/users\/6"}],"replies":[{"embeddable":true,"href":"https:\/\/portal.uern.br\/fala\/dlv\/wp-json\/wp\/v2\/comments?post=922"}],"version-history":[{"count":9,"href":"https:\/\/portal.uern.br\/fala\/dlv\/wp-json\/wp\/v2\/pages\/922\/revisions"}],"predecessor-version":[{"id":933,"href":"https:\/\/portal.uern.br\/fala\/dlv\/wp-json\/wp\/v2\/pages\/922\/revisions\/933"}],"wp:attachment":[{"href":"https:\/\/portal.uern.br\/fala\/dlv\/wp-json\/wp\/v2\/media?parent=922"}],"curies":[{"name":"wp","href":"https:\/\/api.w.org\/{rel}","templated":true}]}}