{"id":902,"date":"2025-07-07T11:40:31","date_gmt":"2025-07-07T14:40:31","guid":{"rendered":"https:\/\/portal.uern.br\/fala\/dlv\/?page_id=902"},"modified":"2026-03-26T11:27:01","modified_gmt":"2026-03-26T14:27:01","slug":"apresentacao-2","status":"publish","type":"page","link":"https:\/\/portal.uern.br\/fala\/dlv\/apresentacao-2\/","title":{"rendered":"Apresenta\u00e7\u00e3o"},"content":{"rendered":"<h3 class=\"western\"><strong>Departamento de Letras Vern\u00e1culas (DLV)<\/strong><\/h3>\n<h4 class=\"western\"><strong>Miss\u00e3o<\/strong><\/h4>\n<p>Promover a forma\u00e7\u00e3o cr\u00edtica, \u00e9tica e human\u00edstica de profissionais da \u00e1rea de Letras, por meio do desenvolvimento integrado das atividades de ensino, pesquisa e extens\u00e3o, contribuindo para a valoriza\u00e7\u00e3o da l\u00edngua portuguesa, da literatura e da cultura, em conson\u00e2ncia com os princ\u00edpios da universidade p\u00fablica e com as demandas sociais.<\/p>\n<h4 class=\"western\"><strong>Atribui\u00e7\u00f5es<\/strong><\/h4>\n<p>O Departamento de Letras Vern\u00e1culas \u00e9 respons\u00e1vel por coordenar, planejar e executar atividades acad\u00eamicas e administrativas relacionadas ao ensino, \u00e0 pesquisa e \u00e0 extens\u00e3o no \u00e2mbito da \u00e1rea de Letras. Suas atribui\u00e7\u00f5es, conforme os artigos 104 a 106 do Regimento Geral da UERN, incluem:<\/p>\n<ul>\n<li>Aprova\u00e7\u00e3o e supervis\u00e3o das atividades de ensino, pesquisa e extens\u00e3o dos(as) docentes;<\/li>\n<li>Avalia\u00e7\u00e3o de planos de trabalho e de desempenho docente, discente e t\u00e9cnico-administrativo;<\/li>\n<li>Coordena\u00e7\u00e3o da reformula\u00e7\u00e3o de Projetos Pedag\u00f3gicos de sua compet\u00eancia;<\/li>\n<li>Proposi\u00e7\u00e3o de concursos e processos seletivos, an\u00e1lise de afastamentos e capacita\u00e7\u00e3o;<\/li>\n<li>Delibera\u00e7\u00e3o sobre altera\u00e7\u00f5es curriculares, planos de estudos e programas de est\u00e1gio;<\/li>\n<li>Est\u00edmulo \u00e0 integra\u00e7\u00e3o entre as disciplinas, \u00e0 produ\u00e7\u00e3o cient\u00edfica e \u00e0 realiza\u00e7\u00e3o de eventos acad\u00eamicos;<\/li>\n<li>Administra\u00e7\u00e3o e representa\u00e7\u00e3o institucional do Departamento em inst\u00e2ncias internas e externas.<\/li>\n<\/ul>\n<ul>\n<li>Coordena\u00e7\u00e3o das atividades did\u00e1tico-pedag\u00f3gicas dos cursos vinculados ao Departamento;<\/li>\n<li>Acompanhamento dos planos individuais de trabalho docente e de metas departamentais;<\/li>\n<li>Atendimento \u00e0 comunidade acad\u00eamica no \u00e2mbito das atribui\u00e7\u00f5es do setor;<\/li>\n<li>Elabora\u00e7\u00e3o de portarias e pareceres administrativos.<\/li>\n<\/ul>\n<h4 class=\"western\"><strong>Chefia<\/strong><\/h4>\n<p>Chefe do Departamento: Prof. Dr. Marcos Paulo de Azevedo<\/p>\n<p>Portaria N\u00ba 1060\/2026-GP\/FUERN<\/p>\n<h4 class=\"western\"><strong>Endere\u00e7o<\/strong><\/h4>\n<p>Rua Professor Ant\u00f4nio Campos, s\/n, BR 110, km 48, Bairro Costa e Silva &#8211; Mossor\u00f3\/RN | 59600-000<\/p>\n<h4 class=\"western\"><strong>Hor\u00e1rio de Atendimento Presencial<\/strong><\/h4>\n<p>De segunda-feira a sexta-feira das 07h \u00e0s 13h e das 18h \u00e0s 22h<\/p>\n<h4 class=\"western\"><strong>E-mail<\/strong><\/h4>\n<p>dlv@uern.br<\/p>\n<p>&nbsp;<\/p>\n<p>&nbsp;<\/p>\n<p>&nbsp;<\/p>\n","protected":false},"excerpt":{"rendered":"<p>Departamento de Letras Vern\u00e1culas (DLV) Miss\u00e3o Promover a forma\u00e7\u00e3o cr\u00edtica, \u00e9tica e human\u00edstica de profissionais da \u00e1rea de Letras, por meio do desenvolvimento integrado das atividades de ensino, pesquisa e extens\u00e3o, contribuindo para a valoriza\u00e7\u00e3o da l\u00edngua portuguesa, da literatura e da cultura, em conson\u00e2ncia com os princ\u00edpios da universidade p\u00fablica e com as demandas [&hellip;]<\/p>\n","protected":false},"author":6,"featured_media":0,"parent":0,"menu_order":0,"comment_status":"closed","ping_status":"closed","template":"","meta":{"footnotes":""},"class_list":["post-902","page","type-page","status-publish","hentry"],"_links":{"self":[{"href":"https:\/\/portal.uern.br\/fala\/dlv\/wp-json\/wp\/v2\/pages\/902","targetHints":{"allow":["GET"]}}],"collection":[{"href":"https:\/\/portal.uern.br\/fala\/dlv\/wp-json\/wp\/v2\/pages"}],"about":[{"href":"https:\/\/portal.uern.br\/fala\/dlv\/wp-json\/wp\/v2\/types\/page"}],"author":[{"embeddable":true,"href":"https:\/\/portal.uern.br\/fala\/dlv\/wp-json\/wp\/v2\/users\/6"}],"replies":[{"embeddable":true,"href":"https:\/\/portal.uern.br\/fala\/dlv\/wp-json\/wp\/v2\/comments?post=902"}],"version-history":[{"count":2,"href":"https:\/\/portal.uern.br\/fala\/dlv\/wp-json\/wp\/v2\/pages\/902\/revisions"}],"predecessor-version":[{"id":956,"href":"https:\/\/portal.uern.br\/fala\/dlv\/wp-json\/wp\/v2\/pages\/902\/revisions\/956"}],"wp:attachment":[{"href":"https:\/\/portal.uern.br\/fala\/dlv\/wp-json\/wp\/v2\/media?parent=902"}],"curies":[{"name":"wp","href":"https:\/\/api.w.org\/{rel}","templated":true}]}}