{"id":718,"date":"2024-03-04T10:17:12","date_gmt":"2024-03-04T13:17:12","guid":{"rendered":"https:\/\/portal.uern.br\/fala\/dlv\/?page_id=718"},"modified":"2026-01-12T12:36:53","modified_gmt":"2026-01-12T15:36:53","slug":"editais","status":"publish","type":"page","link":"https:\/\/portal.uern.br\/fala\/dlv\/editais\/","title":{"rendered":"Editais"},"content":{"rendered":"<h4><strong>EDITAIS 2026<\/strong><\/h4>\n<p>&nbsp;<\/p>\n<h4><strong>EDITAIS 2025<\/strong><\/h4>\n<ul>\n<li><a href=\"https:\/\/portal.uern.br\/fala\/dlv\/wp-content\/uploads\/sites\/8\/2026\/01\/RESULTADO-FINAL-DO-PROCESSO-PARA-CONCESSAO-DE-UMA-BOLSA-EDITAL-No-07_2025-DLV_UERN-REFERENTE-AO-PROJETO-DE-ENSINO-DE-GRADUACAO-PEG-CINEMA-NA-ESCOLA-SEMESTRES-LETIVOS-2026-1.pdf\">Edital N\u00b0 07\/2025-DLV\/FALA &#8211; RESULTADO FINAL DO PROCESSO PARA CONCESS\u00c3O DE UMA BOLSA (PEG)<\/a><\/li>\n<li><a href=\"https:\/\/portal.uern.br\/fala\/dlv\/wp-content\/uploads\/sites\/8\/2026\/01\/INSCRICOES-HOMOLOGADAS-1-1.pdf\">Edital N\u00b0 07\/2025-DLV\/FALA &#8211; HOMOLOGA\u00c7\u00c3O DAS INSCRI\u00c7\u00d5ES (PEG)<\/a><\/li>\n<li><a href=\"https:\/\/portal.uern.br\/fala\/dlv\/wp-content\/uploads\/sites\/8\/2026\/01\/Edital-N\u00b0-07_2025-DLV_FALA-DISPOE-SOBRE-AS-INSCRICOES-PARA-CONCORRER-A-UMA-BOLSA-DESIGNADA-PARA-O-PROJETO-DE-ENSINO-DE-GRADUACAO-PEG.pdf\">Edital N\u00b0 07\/2025-DLV\/FALA &#8211; DISP\u00d5E SOBRE AS INSCRI\u00c7\u00d5ES PARA CONCORRER A UMA BOLSA DESIGNADA PARA O PROJETO DE ENSINO DE GRADUA\u00c7\u00c3O (PEG)<\/a><\/li>\n<li><a href=\"https:\/\/portal.uern.br\/fala\/dlv\/wp-content\/uploads\/sites\/8\/2026\/01\/Edital-N\u00b0-06_2025-DLV_FALA-RETIFICA-EDITAL-DE-RESULTADO-PIM-2026.1-Fonetica-e-Fonologia-do-Portugues.pdf\">Edital N\u00b0 06\/2025-DLV\/FALA &#8211; RETIFICA EDITAL DE RESULTADO PIM 2026.1 &#8211; Fon\u00e9tica e Fonologia do Portugu\u00eas<\/a><\/li>\n<li><a href=\"https:\/\/portal.uern.br\/fala\/dlv\/wp-content\/uploads\/sites\/8\/2026\/01\/Edital-N\u00b0-05_2025-DLV_FALA-EDITAL-DE-RESULTADO-PIM-2026.1-Fonetica-e-Fonologia-do-Portugues.pdf\">Edital N\u00b0 05\/2025-DLV\/FALA &#8211; EDITAL DE RESULTADO PIM 2026.1 &#8211; Fon\u00e9tica e Fonologia do Portugu\u00eas<\/a><\/li>\n<li><a href=\"https:\/\/portal.uern.br\/fala\/dlv\/wp-content\/uploads\/sites\/8\/2026\/01\/Edital-N\u00b0-04_2025-DLV_FALA-EDITAL-DE-ABERTURA-PIM-2026.1-Fonetica-e-Fonologia-do-Portugues.docx.pdf\">Edital N\u00b0 04\/2025-DLV\/FALA &#8211; EDITAL DE ABERTURA PIM 2026.1 &#8211; Fon\u00e9tica e Fonologia do Portugu\u00eas<\/a><\/li>\n<li><a href=\"https:\/\/portal.uern.br\/fala\/dlv\/wp-content\/uploads\/sites\/8\/2025\/05\/Edital-N\u00b0-03_2025-DLV_FALA-RESULTADO-SELECAO-DE-MONITORES-PIM-2025.2-assinado.pdf\">Edital N\u00b0 03\/2025-DLV\/FALA &#8211; RESULTADO SELE\u00c7\u00c3O DE MONITORES PIM &#8211; 2025.2 &#8211; MORFOSSINTAXE I<\/a><\/li>\n<li><a href=\"https:\/\/portal.uern.br\/fala\/dlv\/wp-content\/uploads\/sites\/8\/2025\/05\/Edital-N\u00b0-02_2025-DLV_FALA-EDITAL-DE-ABERTURA-PIM-2025.2-MORFOSSINTAXE-I-assinado-1.pdf\">Edital N\u00b0 02\/2025-DLV\/FALA &#8211; EDITAL DE ABERTURA PIM 2025.2 &#8211; MORFOSSINTAXE I<\/a><\/li>\n<li><a href=\"https:\/\/portal.uern.br\/fala\/dlv\/wp-content\/uploads\/sites\/8\/2025\/05\/Edital-N\u00b0-01_2025-DLV_FALA-SELECAO-BOLSISTA-CINEATRO-DLVFALA.docx.pdf\">Edital N\u00b0 01\/2025-DLV\/FALA &#8211; Processo Seletivo de Bolsa do projeto de Extens\u00e3o Cineatro<\/a><\/li>\n<li><a href=\"https:\/\/portal.uern.br\/fala\/dlv\/wp-content\/uploads\/sites\/8\/2026\/01\/Edital-No-006-2025-\u2013-COMISSAO-ELEITORAL-DLV-FALA-UERN.docx.pdf\">Edital N\u00ba 006-2025 \u2013 Comiss\u00e3o Eleitoral\/DLV\/FALA\/UERN &#8211; Resultado Final das Elei\u00e7\u00f5es<\/a><\/li>\n<li><a href=\"https:\/\/portal.uern.br\/fala\/dlv\/wp-content\/uploads\/sites\/8\/2026\/01\/Edital-No-005-2025-\u2013-COMISSAO-ELEITORAL-DLV-FALA-UERN.docx.pdf\">Edital N\u00ba 005\/2025 \u2013 Comiss\u00e3o Eleitoral\/DLV\/FALA\/UERN &#8211; Rela\u00e7\u00e3o Final dos(as) Eleitores(as)<\/a><\/li>\n<li><a href=\"https:\/\/portal.uern.br\/fala\/dlv\/wp-content\/uploads\/sites\/8\/2026\/01\/Edital-No-004-2025-\u2013-COMISSAO-ELEITORAL-DLV-FALA-UERN.docx.pdf\">Edital N\u00ba 004\/2025 \u2013 Comiss\u00e3o Eleitoral\/DLV\/FALA\/UERN &#8211; Rela\u00e7\u00e3o Preliminar dos(as) Eleitores(as)<\/a><\/li>\n<li><a href=\"https:\/\/portal.uern.br\/fala\/dlv\/wp-content\/uploads\/sites\/8\/2026\/01\/Edital-No-003-2025-\u2013-COMISSAO-ELEITORAL-DLV-FALA-UERN.docx-1.pdf\">Edital N\u00ba 003\/2025 \u2013 Comiss\u00e3o Eleitoral\/DLV\/FALA\/UERN &#8211; Homologa\u00e7\u00e3o das Inscri\u00e7\u00f5es<\/a><\/li>\n<li><a href=\"https:\/\/portal.uern.br\/fala\/dlv\/wp-content\/uploads\/sites\/8\/2026\/01\/Edital-No-002-2025-\u2013-COMISSAO-ELEITORAL-DLV-FALA-UERN.docx-1.pdf\">Edital N\u00ba 02\/2025 \u2013 Comiss\u00e3o Eleitoral\/DLV\/FALA\/UERN &#8211; Homologa\u00e7\u00e3o Preliminar das Inscri\u00e7\u00f5es<\/a><\/li>\n<li><a href=\"https:\/\/portal.uern.br\/fala\/dlv\/wp-content\/uploads\/sites\/8\/2025\/10\/Edital-No-001-2025-\u2013-COMISSAO-ELEITORAL-DLV-FALA-UERN.docx.pdf\">Edital N\u00ba 01\/2025 &#8211; Comiss\u00e3o Eleitoral\/DLV\/FALA\/UERN &#8211; Elei\u00e7\u00f5es para Chefia e Subchefia (Bi\u00eanio 2026-2028)<\/a><\/li>\n<\/ul>\n<p>&nbsp;<\/p>\n","protected":false},"excerpt":{"rendered":"<p>EDITAIS 2026 &nbsp; EDITAIS 2025 Edital N\u00b0 07\/2025-DLV\/FALA &#8211; RESULTADO FINAL DO PROCESSO PARA CONCESS\u00c3O DE UMA BOLSA (PEG) Edital N\u00b0 07\/2025-DLV\/FALA &#8211; HOMOLOGA\u00c7\u00c3O DAS INSCRI\u00c7\u00d5ES (PEG) Edital N\u00b0 07\/2025-DLV\/FALA &#8211; DISP\u00d5E SOBRE AS INSCRI\u00c7\u00d5ES PARA CONCORRER A UMA BOLSA DESIGNADA PARA O PROJETO DE ENSINO DE GRADUA\u00c7\u00c3O (PEG) Edital N\u00b0 06\/2025-DLV\/FALA &#8211; RETIFICA EDITAL [&hellip;]<\/p>\n","protected":false},"author":6,"featured_media":0,"parent":0,"menu_order":0,"comment_status":"closed","ping_status":"closed","template":"","meta":{"footnotes":""},"class_list":["post-718","page","type-page","status-publish","hentry"],"_links":{"self":[{"href":"https:\/\/portal.uern.br\/fala\/dlv\/wp-json\/wp\/v2\/pages\/718","targetHints":{"allow":["GET"]}}],"collection":[{"href":"https:\/\/portal.uern.br\/fala\/dlv\/wp-json\/wp\/v2\/pages"}],"about":[{"href":"https:\/\/portal.uern.br\/fala\/dlv\/wp-json\/wp\/v2\/types\/page"}],"author":[{"embeddable":true,"href":"https:\/\/portal.uern.br\/fala\/dlv\/wp-json\/wp\/v2\/users\/6"}],"replies":[{"embeddable":true,"href":"https:\/\/portal.uern.br\/fala\/dlv\/wp-json\/wp\/v2\/comments?post=718"}],"version-history":[{"count":8,"href":"https:\/\/portal.uern.br\/fala\/dlv\/wp-json\/wp\/v2\/pages\/718\/revisions"}],"predecessor-version":[{"id":952,"href":"https:\/\/portal.uern.br\/fala\/dlv\/wp-json\/wp\/v2\/pages\/718\/revisions\/952"}],"wp:attachment":[{"href":"https:\/\/portal.uern.br\/fala\/dlv\/wp-json\/wp\/v2\/media?parent=718"}],"curies":[{"name":"wp","href":"https:\/\/api.w.org\/{rel}","templated":true}]}}