{"id":714,"date":"2024-03-04T10:14:54","date_gmt":"2024-03-04T13:14:54","guid":{"rendered":"https:\/\/portal.uern.br\/fala\/dlv\/?page_id=714"},"modified":"2025-10-14T09:57:38","modified_gmt":"2025-10-14T12:57:38","slug":"formularios","status":"publish","type":"page","link":"https:\/\/portal.uern.br\/fala\/dlv\/formularios\/","title":{"rendered":"Formul\u00e1rios"},"content":{"rendered":"<p>&nbsp;<\/p>\n<p><a href=\"https:\/\/docs.google.com\/document\/d\/1Kv9zLyZTjZ452T8bO4rRig2S-THjSVL7\/edit?usp=sharing&amp;ouid=106903178770453348240&amp;rtpof=true&amp;sd=true\" target=\"_blank\" rel=\"noopener\">Requerimento para Aproveitamento de Estudos<\/a><\/p>\n<p><a href=\"https:\/\/docs.google.com\/document\/d\/1PDjHkJnAw-e8tmRPthAQ5SxnE_GRPPZh\/edit?usp=sharing&amp;ouid=106903178770453348240&amp;rtpof=true&amp;sd=true\" target=\"_blank\" rel=\"noopener\">Requerimento para Aproveitamento de Estudos (outra IES)<\/a><\/p>\n<p><a href=\"https:\/\/docs.google.com\/document\/d\/1nkUg-vvavvsB93ocYDr3PDFCaOT6Mari\/edit?usp=sharing&amp;ouid=106903178770453348240&amp;rtpof=true&amp;sd=true\" target=\"_blank\" rel=\"noopener\">Programa Especial Exerc\u00edcio Domiciliar<\/a><\/p>\n<p><a href=\"https:\/\/docs.google.com\/document\/d\/1qMo7u9Kb869CsDc2ryRhk8EcbgXatCoW\/edit?usp=sharing&amp;ouid=106903178770453348240&amp;rtpof=true&amp;sd=true\" target=\"_blank\" rel=\"noopener\">Requerimento de Regime do exerc\u00edcio Domiciliar<\/a><\/p>\n<p><a href=\"https:\/\/docs.google.com\/document\/d\/1WCBtv3tAA8CUlCLRBpRPsYFMq6x6qE5i\/edit?usp=sharing&amp;ouid=106903178770453348240&amp;rtpof=true&amp;sd=true\" target=\"_blank\" rel=\"noopener\">Requerimento para Trancamento<\/a><\/p>\n<p><a href=\"https:\/\/docs.google.com\/document\/d\/1zYEjM0tC-f_pmqL1PrIQ4HzMFwIanfJZ\/edit?usp=sharing&amp;ouid=106903178770453348240&amp;rtpof=true&amp;sd=true\" target=\"_blank\" rel=\"noopener\">Requerimento para Revers\u00e3o de Trancamento<\/a><\/p>\n<p><a href=\"https:\/\/docs.google.com\/document\/d\/1c_Vta64CIQx-I1-mgzE-7DETKpsE3WEr\/edit?usp=sharing&amp;ouid=106903178770453348240&amp;rtpof=true&amp;sd=true\" target=\"_blank\" rel=\"noopener\">Requerimento para Matr\u00edcula Fora do Prazo<\/a><\/p>\n<p><a href=\"https:\/\/drive.google.com\/file\/d\/1qi_WnMcp5d5Veshjh2JAyYzFKDP7Kot8\/view?usp=sharing\" target=\"_blank\" rel=\"noopener\">Requerimento para Migra\u00e7\u00e3o Curricular<\/a><\/p>\n<p><a href=\"https:\/\/drive.google.com\/file\/d\/1aQNsq0Qj7PMqTqj1PJKL2Lg369lMQcNU\/view?usp=sharing\" target=\"_blank\" rel=\"noopener\">Requerimento para Redu\u00e7\u00e3o de Carga Hor\u00e1rio de Est\u00e1gio<\/a><\/p>\n<p><a href=\"https:\/\/docs.google.com\/document\/d\/1xhVojqAVZUDcUiD0AiFG174wUQCRYnwl\/edit?usp=sharing&amp;ouid=106903178770453348240&amp;rtpof=true&amp;sd=true\" target=\"_blank\" rel=\"noopener\">Requerimento para Solicita\u00e7\u00e3o de Turma em Acompanhamento Individual\u00a0<\/a><\/p>\n<p>&nbsp;<\/p>\n","protected":false},"excerpt":{"rendered":"<p>&nbsp; Requerimento para Aproveitamento de Estudos Requerimento para Aproveitamento de Estudos (outra IES) Programa Especial Exerc\u00edcio Domiciliar Requerimento de Regime do exerc\u00edcio Domiciliar Requerimento para Trancamento Requerimento para Revers\u00e3o de Trancamento Requerimento para Matr\u00edcula Fora do Prazo Requerimento para Migra\u00e7\u00e3o Curricular Requerimento para Redu\u00e7\u00e3o de Carga Hor\u00e1rio de Est\u00e1gio Requerimento para Solicita\u00e7\u00e3o de Turma em [&hellip;]<\/p>\n","protected":false},"author":6,"featured_media":0,"parent":0,"menu_order":0,"comment_status":"closed","ping_status":"closed","template":"","meta":{"footnotes":""},"class_list":["post-714","page","type-page","status-publish","hentry"],"_links":{"self":[{"href":"https:\/\/portal.uern.br\/fala\/dlv\/wp-json\/wp\/v2\/pages\/714","targetHints":{"allow":["GET"]}}],"collection":[{"href":"https:\/\/portal.uern.br\/fala\/dlv\/wp-json\/wp\/v2\/pages"}],"about":[{"href":"https:\/\/portal.uern.br\/fala\/dlv\/wp-json\/wp\/v2\/types\/page"}],"author":[{"embeddable":true,"href":"https:\/\/portal.uern.br\/fala\/dlv\/wp-json\/wp\/v2\/users\/6"}],"replies":[{"embeddable":true,"href":"https:\/\/portal.uern.br\/fala\/dlv\/wp-json\/wp\/v2\/comments?post=714"}],"version-history":[{"count":10,"href":"https:\/\/portal.uern.br\/fala\/dlv\/wp-json\/wp\/v2\/pages\/714\/revisions"}],"predecessor-version":[{"id":920,"href":"https:\/\/portal.uern.br\/fala\/dlv\/wp-json\/wp\/v2\/pages\/714\/revisions\/920"}],"wp:attachment":[{"href":"https:\/\/portal.uern.br\/fala\/dlv\/wp-json\/wp\/v2\/media?parent=714"}],"curies":[{"name":"wp","href":"https:\/\/api.w.org\/{rel}","templated":true}]}}