{"id":696,"date":"2024-03-04T09:08:27","date_gmt":"2024-03-04T12:08:27","guid":{"rendered":"https:\/\/portal.uern.br\/fala\/dlv\/?page_id=696"},"modified":"2026-01-12T11:40:26","modified_gmt":"2026-01-12T14:40:26","slug":"trabalho-de-conclusao-de-curso","status":"publish","type":"page","link":"https:\/\/portal.uern.br\/fala\/dlv\/trabalho-de-conclusao-de-curso\/","title":{"rendered":"Trabalho de Conclus\u00e3o de Curso (TCC)"},"content":{"rendered":"<p>Conforme a Resolu\u00e7\u00e3o n\u00ba 26\/2017\u2013CONSEPE, \u00e9 um componente curricular aut\u00f4nomo e n\u00e3o pass\u00edvel de aproveitamento de estudos. No Curso de Letras \u2013 L\u00edngua Portuguesa, deve ser elaborado individualmente, com tem\u00e1tica vinculada aos estudos lingu\u00edsticos e liter\u00e1rios, evidenciando as compet\u00eancias e conhecimentos adquiridos ao longo da gradua\u00e7\u00e3o. O TCC \u00e9 desenvolvido no 7\u00ba e 8\u00ba per\u00edodos, com carga hor\u00e1ria total de 180 horas, envolvendo atividades te\u00f3ricas e pr\u00e1ticas, incluindo a elabora\u00e7\u00e3o do projeto de pesquisa e a produ\u00e7\u00e3o do trabalho final. A orienta\u00e7\u00e3o \u00e9 realizada por docente qualificado, preferencialmente do Departamento de Letras Vern\u00e1culas, podendo haver participa\u00e7\u00e3o de docentes de outras institui\u00e7\u00f5es mediante aprova\u00e7\u00e3o. O trabalho \u00e9 avaliado por banca examinadora, devendo atender a crit\u00e9rios de qualidade t\u00e9cnico-cient\u00edfica, clareza, concis\u00e3o e extens\u00e3o entre 20 e 30 laudas.<\/p>\n<h4>Dep\u00f3sito do TCC<\/h4>\n<p>O discente dever\u00e1 depositar na Secretaria do DLV:<\/p>\n<ul>\n<li>01 (uma) c\u00f3pia do TCC, em extens\u00e3o pdf (contendo a ficha catalogr\u00e1fica);<\/li>\n<li>A folha de aprova\u00e7\u00e3o (assinada pelos membros da banca);<\/li>\n<li>O Termo de Autoriza\u00e7\u00e3o para disponibiliza\u00e7\u00e3o na Biblioteca Digital da UERN, at\u00e9 15 (quinze) dias ap\u00f3s a aprova\u00e7\u00e3o pela Banca Examinadora.<\/li>\n<\/ul>\n<p>A ficha catalogr\u00e1fica deve ser requerida atrav\u00e9s do M\u00f3dulo de Gera\u00e7\u00e3o de Ficha Catalogr\u00e1fica Online, dispon\u00edvel em: <a href=\"https:\/\/fichacat-biblioteca.apps.uern.br\/#!\/\">https:\/\/fichacat-biblioteca.apps.uern.br\/#!\/<\/a>, no s\u00edtio da Biblioteca da UERN em: <a href=\"http:\/\/www.uern.br\/biblioteca\/default.asp?item=biblioteca-apresentacao\">http:\/\/www.uern.br\/biblioteca\/default.asp?item=biblioteca-apresentacao<\/a>.<\/p>\n<p>O Termo de Autoriza\u00e7\u00e3o para disponibiliza\u00e7\u00e3o da pesquisa na Biblioteca Digital da UERN, a ser entregue junto com o TCC, deve estar em vers\u00e3o PDF, devidamente preenchida e assinada pelo autor e pelo(a) orientador(a).<\/p>\n<p>O TCC deve ser entregue somente em vers\u00e3o digital, n\u00e3o sendo aceita a vers\u00e3o impressa.<\/p>\n<p>&nbsp;<\/p>\n","protected":false},"excerpt":{"rendered":"<p>Conforme a Resolu\u00e7\u00e3o n\u00ba 26\/2017\u2013CONSEPE, \u00e9 um componente curricular aut\u00f4nomo e n\u00e3o pass\u00edvel de aproveitamento de estudos. No Curso de Letras \u2013 L\u00edngua Portuguesa, deve ser elaborado individualmente, com tem\u00e1tica vinculada aos estudos lingu\u00edsticos e liter\u00e1rios, evidenciando as compet\u00eancias e conhecimentos adquiridos ao longo da gradua\u00e7\u00e3o. O TCC \u00e9 desenvolvido no 7\u00ba e 8\u00ba per\u00edodos, [&hellip;]<\/p>\n","protected":false},"author":6,"featured_media":0,"parent":0,"menu_order":0,"comment_status":"closed","ping_status":"closed","template":"","meta":{"footnotes":""},"class_list":["post-696","page","type-page","status-publish","hentry"],"_links":{"self":[{"href":"https:\/\/portal.uern.br\/fala\/dlv\/wp-json\/wp\/v2\/pages\/696","targetHints":{"allow":["GET"]}}],"collection":[{"href":"https:\/\/portal.uern.br\/fala\/dlv\/wp-json\/wp\/v2\/pages"}],"about":[{"href":"https:\/\/portal.uern.br\/fala\/dlv\/wp-json\/wp\/v2\/types\/page"}],"author":[{"embeddable":true,"href":"https:\/\/portal.uern.br\/fala\/dlv\/wp-json\/wp\/v2\/users\/6"}],"replies":[{"embeddable":true,"href":"https:\/\/portal.uern.br\/fala\/dlv\/wp-json\/wp\/v2\/comments?post=696"}],"version-history":[{"count":7,"href":"https:\/\/portal.uern.br\/fala\/dlv\/wp-json\/wp\/v2\/pages\/696\/revisions"}],"predecessor-version":[{"id":939,"href":"https:\/\/portal.uern.br\/fala\/dlv\/wp-json\/wp\/v2\/pages\/696\/revisions\/939"}],"wp:attachment":[{"href":"https:\/\/portal.uern.br\/fala\/dlv\/wp-json\/wp\/v2\/media?parent=696"}],"curies":[{"name":"wp","href":"https:\/\/api.w.org\/{rel}","templated":true}]}}