{"id":665,"date":"2024-02-21T09:35:32","date_gmt":"2024-02-21T12:35:32","guid":{"rendered":"https:\/\/portal.uern.br\/fala\/dlv\/?page_id=665"},"modified":"2026-03-26T11:39:23","modified_gmt":"2026-03-26T14:39:23","slug":"equipe","status":"publish","type":"page","link":"https:\/\/portal.uern.br\/fala\/dlv\/equipe\/","title":{"rendered":"Equipe"},"content":{"rendered":"<h3>Gest\u00e3o<\/h3>\n<p>Chefe do Departamento: Prof. Dr. Marcos Paulo de Azevedo<\/p>\n<p>E-mail: marcospaulo@uern.br<\/p>\n<p><span style=\"font-size: 10pt\">Portaria N\u00ba 1060\/2026-GP\/FUERN<\/span><\/p>\n<p><span style=\"font-size: 10pt\">Vig\u00eancia: 2 (dois) anos<\/span><\/p>\n<p>&nbsp;<\/p>\n<p>Subchefe do Departamento: Profa. Dra. Leila Maria de Ar\u00e1ujo Tabosa<\/p>\n<p>E-mail: leilatabosa@uern.br<\/p>\n<p><span style=\"font-size: 10pt\">Portaria N\u00ba 35\/2026-GP\/FUERN<\/span><\/p>\n<p><span style=\"font-size: 10pt\">Vig\u00eancia: 2 (dois) anos<\/span><\/p>\n<p>&nbsp;<\/p>\n<h3>Corpo T\u00e9cnico-Administrativo<\/h3>\n<p>M\u00e1rcia Jaiana Nascimento Fran\u00e7a (Agente T\u00e9cnico Administrativo)<\/p>\n<p>E-mail: dlv@uern.br<\/p>\n<p>Renata Silveira Pinto Xavier (TNS)<\/p>\n<p>E-mail: dlv@uern.br<\/p>\n<p>&nbsp;<\/p>\n<h3>Corpo Docente<\/h3>\n<p><a href=\"https:\/\/portal.uern.br\/fala\/corpo-docente\/\" target=\"_blank\" rel=\"noopener\">Docentes<\/a><\/p>\n<p>&nbsp;<\/p>\n<h3>Orienta\u00e7\u00e3o Acad\u00eamica<\/h3>\n<h4>Turno Matutino<\/h4>\n<p>Orientador: Prof. Ant\u00f4nio Felipe Arag\u00e3o dos Santos<\/p>\n<p><span style=\"font-size: 10pt\">Portaria-SEI N\u00ba 401, de 06 de agosto de 2024<\/span><\/p>\n<p><span style=\"font-size: 10pt\">Vig\u00eancia: 2 (dois) anos<\/span><\/p>\n<h4>Turno Noturno<\/h4>\n<p>Orientadora: Ana Maria de Carvalho<\/p>\n<p><span style=\"font-size: 10pt\">Portaria-SEI N\u00ba 258, de 29 de abril de 2025<\/span><\/p>\n<p><span style=\"font-size: 10pt\">Vig\u00eancia: 2 (dois) anos<\/span><\/p>\n<p>&nbsp;<\/p>\n<h3>N\u00facleo Docente Estruturante (NDE)<\/h3>\n<p>Prof. Marcos Paulo de Azevedo \u2013 Chefe de Departamento (membro nato) \u2013 Coordenador;<\/p>\n<p>Profa. Edmar Peixoto de Lima \u2013 (membro docente) \u2013 Vice-coordenadora;<\/p>\n<p>Prof. Deusdete Fernandes Pimenta J\u00fanior \u2013 Coordenador de Est\u00e1gio do Curso (membro nato);<\/p>\n<p>Profa. Ana Maria de Carvalho \u2013 Orientadora Acad\u00eamica (membro nato);<\/p>\n<p>Prof. Ant\u00f4nio Felipe Arag\u00e3o dos Santos \u2013 Orientador Acad\u00eamico (membro nato);<\/p>\n<p>Profa. Hube\u00f4nia Morais de Alencar \u2013 (membro docente);<\/p>\n<p>Prof. Alexandre Bezerra Alves \u2013 (membro docente).<\/p>\n<p><span style=\"font-size: 10pt\">Portaria-SEI N\u00b0 519, de 18 de agosto de 2025<\/span><\/p>\n<p>&nbsp;<\/p>\n<h3>Coordenador de Est\u00e1gio Curricular Supervisionado Obrigat\u00f3rio<\/h3>\n<p>Prof. Deusdete Fernandes Pimenta J\u00fanior<\/p>\n<p>E-mail: deusdetejunior@uern.br<\/p>\n<p><span style=\"font-size: 10pt\">Portaria-SEI N\u00ba 81, de 20 de fevereiro de 2025<\/span><\/p>\n","protected":false},"excerpt":{"rendered":"<p>Gest\u00e3o Chefe do Departamento: Prof. Dr. Marcos Paulo de Azevedo E-mail: marcospaulo@uern.br Portaria N\u00ba 1060\/2026-GP\/FUERN Vig\u00eancia: 2 (dois) anos &nbsp; Subchefe do Departamento: Profa. Dra. Leila Maria de Ar\u00e1ujo Tabosa E-mail: leilatabosa@uern.br Portaria N\u00ba 35\/2026-GP\/FUERN Vig\u00eancia: 2 (dois) anos &nbsp; Corpo T\u00e9cnico-Administrativo M\u00e1rcia Jaiana Nascimento Fran\u00e7a (Agente T\u00e9cnico Administrativo) E-mail: dlv@uern.br Renata Silveira Pinto Xavier [&hellip;]<\/p>\n","protected":false},"author":6,"featured_media":0,"parent":0,"menu_order":0,"comment_status":"closed","ping_status":"closed","template":"","meta":{"footnotes":""},"class_list":["post-665","page","type-page","status-publish","hentry"],"_links":{"self":[{"href":"https:\/\/portal.uern.br\/fala\/dlv\/wp-json\/wp\/v2\/pages\/665","targetHints":{"allow":["GET"]}}],"collection":[{"href":"https:\/\/portal.uern.br\/fala\/dlv\/wp-json\/wp\/v2\/pages"}],"about":[{"href":"https:\/\/portal.uern.br\/fala\/dlv\/wp-json\/wp\/v2\/types\/page"}],"author":[{"embeddable":true,"href":"https:\/\/portal.uern.br\/fala\/dlv\/wp-json\/wp\/v2\/users\/6"}],"replies":[{"embeddable":true,"href":"https:\/\/portal.uern.br\/fala\/dlv\/wp-json\/wp\/v2\/comments?post=665"}],"version-history":[{"count":28,"href":"https:\/\/portal.uern.br\/fala\/dlv\/wp-json\/wp\/v2\/pages\/665\/revisions"}],"predecessor-version":[{"id":957,"href":"https:\/\/portal.uern.br\/fala\/dlv\/wp-json\/wp\/v2\/pages\/665\/revisions\/957"}],"wp:attachment":[{"href":"https:\/\/portal.uern.br\/fala\/dlv\/wp-json\/wp\/v2\/media?parent=665"}],"curies":[{"name":"wp","href":"https:\/\/api.w.org\/{rel}","templated":true}]}}