{"id":827,"date":"2023-04-20T09:03:38","date_gmt":"2023-04-20T12:03:38","guid":{"rendered":"https:\/\/portal.uern.br\/fafic\/?page_id=827"},"modified":"2023-04-20T09:03:38","modified_gmt":"2023-04-20T12:03:38","slug":"acompanhamento-de-egressosas","status":"publish","type":"page","link":"https:\/\/portal.uern.br\/fafic\/acompanhamento-de-egressosas\/","title":{"rendered":"Acompanhamento de Egressos(as)"},"content":{"rendered":"<div class=\"N0gd6\">\n<div class=\"cBGGJ OIC90c\" dir=\"auto\">A Universidade do Estado do Rio Grande do Norte objetiva, atrav\u00e9s do formul\u00e1rio a seguir, identificar a trajet\u00f3ria, \u00e1rea de atua\u00e7\u00e3o e inser\u00e7\u00e3o profissional de seus Egressos, possibilitando a implanta\u00e7\u00e3o de a\u00e7\u00f5es que visem a uma forma\u00e7\u00e3o continuada.<\/div>\n<\/div>\n<div dir=\"auto\"><\/div>\n<div dir=\"auto\">Link de acesso ao formul\u00e1rio:\u00a0<a href=\"https:\/\/forms.gle\/toaRhPrVd34tL39h6\">https:\/\/forms.gle\/toaRhPrVd34tL39h6<\/a><\/div>\n<div class=\"N0gd6\">\n<div class=\"liS6Hc\"><\/div>\n<\/div>\n","protected":false},"excerpt":{"rendered":"<p>A Universidade do Estado do Rio Grande do Norte objetiva, atrav\u00e9s do formul\u00e1rio a seguir, identificar a trajet\u00f3ria, \u00e1rea de atua\u00e7\u00e3o e inser\u00e7\u00e3o profissional de seus Egressos, possibilitando a implanta\u00e7\u00e3o de a\u00e7\u00f5es que visem a uma forma\u00e7\u00e3o continuada. Link de acesso ao formul\u00e1rio:\u00a0https:\/\/forms.gle\/toaRhPrVd34tL39h6<\/p>\n","protected":false},"author":3,"featured_media":0,"parent":0,"menu_order":0,"comment_status":"closed","ping_status":"closed","template":"","meta":{"footnotes":""},"class_list":["post-827","page","type-page","status-publish","hentry"],"_links":{"self":[{"href":"https:\/\/portal.uern.br\/fafic\/wp-json\/wp\/v2\/pages\/827","targetHints":{"allow":["GET"]}}],"collection":[{"href":"https:\/\/portal.uern.br\/fafic\/wp-json\/wp\/v2\/pages"}],"about":[{"href":"https:\/\/portal.uern.br\/fafic\/wp-json\/wp\/v2\/types\/page"}],"author":[{"embeddable":true,"href":"https:\/\/portal.uern.br\/fafic\/wp-json\/wp\/v2\/users\/3"}],"replies":[{"embeddable":true,"href":"https:\/\/portal.uern.br\/fafic\/wp-json\/wp\/v2\/comments?post=827"}],"version-history":[{"count":1,"href":"https:\/\/portal.uern.br\/fafic\/wp-json\/wp\/v2\/pages\/827\/revisions"}],"predecessor-version":[{"id":828,"href":"https:\/\/portal.uern.br\/fafic\/wp-json\/wp\/v2\/pages\/827\/revisions\/828"}],"wp:attachment":[{"href":"https:\/\/portal.uern.br\/fafic\/wp-json\/wp\/v2\/media?parent=827"}],"curies":[{"name":"wp","href":"https:\/\/api.w.org\/{rel}","templated":true}]}}