{"id":722,"date":"2023-03-21T20:22:44","date_gmt":"2023-03-21T23:22:44","guid":{"rendered":"https:\/\/portal.uern.br\/fafic\/?page_id=722"},"modified":"2024-08-15T11:20:45","modified_gmt":"2024-08-15T14:20:45","slug":"reserva-do-auditorio","status":"publish","type":"page","link":"https:\/\/portal.uern.br\/fafic\/reserva-do-auditorio\/","title":{"rendered":"Reserva do Audit\u00f3rio"},"content":{"rendered":"<h5><span style=\"font-family: georgia, palatino, serif\">Audit\u00f3rio Professor Elder Heronildes<\/span><\/h5>\n<p><span style=\"font-family: georgia, palatino, serif\">Capacidade para 150 pessoas, \u00e1rea total de 160 m\u00b2, climatizado, possui projetor, microfones e caixa de som.<\/span><\/p>\n<p><span style=\"font-family: georgia, palatino, serif\">Localiza\u00e7\u00e3o: UNIVERSIDADE DO ESTADO DO RIO GRANDE DO NORTE &#8211; UERN, Campus Central, FACULDADE DE FILOSOFIA E CI\u00caNCIAS SOCIAIS &#8211; FAFIC.<\/span><\/p>\n<p><span style=\"font-family: georgia, palatino, serif\">Endere\u00e7o: BR 110 \u2013 KM 46 \u2013 Rua Prof. Ant\u00f4nio Campos, s\/n \u2013 Bairro Costa e Silva, Mossor\u00f3 &#8211; RN, CEP: 59610-210 E-mail para contato: <a href=\"mailto:fafic@uern.br\">fafic@uern.br<\/a><\/span><\/p>\n<p><strong><span style=\"font-family: georgia, palatino, serif\">Para preencher o formul\u00e1rio eletr\u00f4nico e solicitar a reserva do\u00a0Audit\u00f3rio Professor Elder Heronildes,\u00a0<a href=\"https:\/\/docs.google.com\/forms\/d\/1jBMHTc131JOIe0MJ--z3iNyd2EK6myPktbS11djPWXI\/viewform?edit_requested=true\">clique aqui.<\/a><\/span><\/strong><\/p>\n<p>Para <b>verificar a disponibilidade do audit\u00f3rio<\/b>, bem como o\u00a0<b>parecer acerca das solicita\u00e7\u00f5es<\/b>\u00a0de reservas realizadas, consultar a seguinte planilha: <a href=\"https:\/\/docs.google.com\/spreadsheets\/u\/1\/d\/e\/2PACX-1vSCGYccRkPt0fRfHCkIi1jN3-wXhA-IQ-8MUfjBe36gecPT50VQYcezsciBVzbZZPIhr3WVa1ONUijp\/pubhtml\">clique aqui<\/a>.<\/p>\n","protected":false},"excerpt":{"rendered":"<p>Audit\u00f3rio Professor Elder Heronildes Capacidade para 150 pessoas, \u00e1rea total de 160 m\u00b2, climatizado, possui projetor, microfones e caixa de som. Localiza\u00e7\u00e3o: UNIVERSIDADE DO ESTADO DO RIO GRANDE DO NORTE &#8211; UERN, Campus Central, FACULDADE DE FILOSOFIA E CI\u00caNCIAS SOCIAIS &#8211; FAFIC. Endere\u00e7o: BR 110 \u2013 KM 46 \u2013 Rua Prof. Ant\u00f4nio Campos, s\/n \u2013 [&hellip;]<\/p>\n","protected":false},"author":3,"featured_media":0,"parent":0,"menu_order":0,"comment_status":"closed","ping_status":"closed","template":"","meta":{"footnotes":""},"class_list":["post-722","page","type-page","status-publish","hentry"],"_links":{"self":[{"href":"https:\/\/portal.uern.br\/fafic\/wp-json\/wp\/v2\/pages\/722","targetHints":{"allow":["GET"]}}],"collection":[{"href":"https:\/\/portal.uern.br\/fafic\/wp-json\/wp\/v2\/pages"}],"about":[{"href":"https:\/\/portal.uern.br\/fafic\/wp-json\/wp\/v2\/types\/page"}],"author":[{"embeddable":true,"href":"https:\/\/portal.uern.br\/fafic\/wp-json\/wp\/v2\/users\/3"}],"replies":[{"embeddable":true,"href":"https:\/\/portal.uern.br\/fafic\/wp-json\/wp\/v2\/comments?post=722"}],"version-history":[{"count":8,"href":"https:\/\/portal.uern.br\/fafic\/wp-json\/wp\/v2\/pages\/722\/revisions"}],"predecessor-version":[{"id":1355,"href":"https:\/\/portal.uern.br\/fafic\/wp-json\/wp\/v2\/pages\/722\/revisions\/1355"}],"wp:attachment":[{"href":"https:\/\/portal.uern.br\/fafic\/wp-json\/wp\/v2\/media?parent=722"}],"curies":[{"name":"wp","href":"https:\/\/api.w.org\/{rel}","templated":true}]}}