{"id":241,"date":"2022-09-19T09:27:00","date_gmt":"2022-09-19T12:27:00","guid":{"rendered":"https:\/\/paisdemossoro.com.br\/wordpress\/fafic\/?page_id=241"},"modified":"2025-06-27T20:22:37","modified_gmt":"2025-06-27T23:22:37","slug":"contato","status":"publish","type":"page","link":"https:\/\/portal.uern.br\/fafic\/contato\/","title":{"rendered":"Equipe Gestora\/Contatos"},"content":{"rendered":"<h1>Faculdade de Filosofia e Ci\u00eancias Sociais &#8211; Fafic<\/h1>\n<h2>Dire\u00e7\u00e3o<\/h2>\n<p>Diretor:\u00a0Marc\u00edlio Lima Falc\u00e3o<\/p>\n<p>Vice-diretor:\u00a0Jo\u00e3o Freire Rodrigues<\/p>\n<p>E-mail: fafic@uern.br<\/p>\n<p>&nbsp;<\/p>\n<h2>Departamento de Ci\u00eancias Sociais e Pol\u00edtica &#8211; DCSP<\/h2>\n<p>Chefe do Departamento: Francisco Vanderlei de Lima (<em>pro tempore<\/em>)<\/p>\n<p>E-mail: dcsp@uern.br<\/p>\n<p>&nbsp;<\/p>\n<h2>Departamento de Comunica\u00e7\u00e3o Social &#8211; Decom<\/h2>\n<p>Chefe do Departamento: Heitor Pinheiro Rezende (<em>pro tempore<\/em>)<\/p>\n<p>E-mail: decom@uern.br<\/p>\n<p>&nbsp;<\/p>\n<h2>Departamento de Filosofia &#8211; DFI<\/h2>\n<p>Chefe do Departamento: Francisco Ramos Neves<\/p>\n<p>Subchefe: Silvana Maria Santiago<\/p>\n<p>E-mail: dfi@uern.br<\/p>\n<p>&nbsp;<\/p>\n<h2>Departamento de Geografia &#8211; DGE<\/h2>\n<p>Chefe do Departamento: Jos\u00e9 Alexandre Berto de Almada<\/p>\n<p>Subchefe: Fl\u00e1via Spinelli Braga<\/p>\n<p>E-mail: dge@uern.br<\/p>\n<p>&nbsp;<\/p>\n<h2>Departamento de Hist\u00f3ria &#8211; DHI<\/h2>\n<p>Chefe do Departamento: Andr\u00e9 Victor Cavalcanti Seal da Cunha<\/p>\n<p>E-mail: dhi@uern.br<\/p>\n<p>&nbsp;<\/p>\n<p><strong>Revista Contexto<\/strong>: contexto@uern.br<\/p>\n<p><strong>Semana de Humanidades<\/strong>: semanadehumanidades@uern.br<\/p>\n","protected":false},"excerpt":{"rendered":"<p>Faculdade de Filosofia e Ci\u00eancias Sociais &#8211; Fafic Dire\u00e7\u00e3o Diretor:\u00a0Marc\u00edlio Lima Falc\u00e3o Vice-diretor:\u00a0Jo\u00e3o Freire Rodrigues E-mail: fafic@uern.br &nbsp; Departamento de Ci\u00eancias Sociais e Pol\u00edtica &#8211; DCSP Chefe do Departamento: Francisco Vanderlei de Lima (pro tempore) E-mail: dcsp@uern.br &nbsp; Departamento de Comunica\u00e7\u00e3o Social &#8211; Decom Chefe do Departamento: Heitor Pinheiro Rezende (pro tempore) E-mail: decom@uern.br &nbsp; [&hellip;]<\/p>\n","protected":false},"author":1,"featured_media":0,"parent":0,"menu_order":0,"comment_status":"closed","ping_status":"closed","template":"","meta":{"footnotes":""},"class_list":["post-241","page","type-page","status-publish","hentry"],"_links":{"self":[{"href":"https:\/\/portal.uern.br\/fafic\/wp-json\/wp\/v2\/pages\/241","targetHints":{"allow":["GET"]}}],"collection":[{"href":"https:\/\/portal.uern.br\/fafic\/wp-json\/wp\/v2\/pages"}],"about":[{"href":"https:\/\/portal.uern.br\/fafic\/wp-json\/wp\/v2\/types\/page"}],"author":[{"embeddable":true,"href":"https:\/\/portal.uern.br\/fafic\/wp-json\/wp\/v2\/users\/1"}],"replies":[{"embeddable":true,"href":"https:\/\/portal.uern.br\/fafic\/wp-json\/wp\/v2\/comments?post=241"}],"version-history":[{"count":7,"href":"https:\/\/portal.uern.br\/fafic\/wp-json\/wp\/v2\/pages\/241\/revisions"}],"predecessor-version":[{"id":1367,"href":"https:\/\/portal.uern.br\/fafic\/wp-json\/wp\/v2\/pages\/241\/revisions\/1367"}],"wp:attachment":[{"href":"https:\/\/portal.uern.br\/fafic\/wp-json\/wp\/v2\/media?parent=241"}],"curies":[{"name":"wp","href":"https:\/\/api.w.org\/{rel}","templated":true}]}}