{"id":239,"date":"2022-09-19T09:26:38","date_gmt":"2022-09-19T12:26:38","guid":{"rendered":"https:\/\/paisdemossoro.com.br\/wordpress\/fafic\/?page_id=239"},"modified":"2024-03-22T12:55:26","modified_gmt":"2024-03-22T15:55:26","slug":"publicacoes","status":"publish","type":"page","link":"https:\/\/portal.uern.br\/fafic\/publicacoes\/","title":{"rendered":"Publica\u00e7\u00f5es"},"content":{"rendered":"<h5>Revista Contexto<\/h5>\n<p>A Revista Contexto \u00e9 um peri\u00f3dico cient\u00edfico editado pela Faculdade de Filosofia e Ci\u00eancias Sociais &#8211; FAFIC, direcionada \u00e0 comunidade acad\u00eamica em geral, contando com um corpo de associados de diversas \u00e1reas do saber, tais como Hist\u00f3ria, Pol\u00edtica, Geografia, Filosofia, Comunica\u00e7\u00e3o, entre outros, evidenciando seu car\u00e1ter interdisciplinar.<\/p>\n<p><strong>Edi\u00e7\u00f5es digitais:<\/strong> <a href=\"https:\/\/periodicos.apps.uern.br\/index.php\/CTX\/issue\/archive\">clique aqui<\/a>.<\/p>\n<p><strong>Chamada em fluxo cont\u00ednuo com normas para publica\u00e7\u00e3o na Revista Contexto<\/strong>:\u00a0<a href=\"https:\/\/docs.google.com\/document\/d\/10uPUwdd-1B-cUYvCFYAGyzp1Sk14FDEB\/edit?usp=sharing&amp;ouid=103971108138579782894&amp;rtpof=true&amp;sd=true\">clique aqui<\/a>.<\/p>\n<p>&nbsp;<\/p>\n<h5><a href=\"https:\/\/www.uern.br\/controledepaginas\/fafic-publicacoes\/arquivos\/0288anais_i_encontro_de_saberes_hista%E2%80%9Cricos.pdf\">Anais do I Encontro de Saberes Hist\u00f3ricos: Forma\u00e7\u00e3o de Professores de Hist\u00f3ria e Ensino<\/a><\/h5>\n","protected":false},"excerpt":{"rendered":"<p>Revista Contexto A Revista Contexto \u00e9 um peri\u00f3dico cient\u00edfico editado pela Faculdade de Filosofia e Ci\u00eancias Sociais &#8211; FAFIC, direcionada \u00e0 comunidade acad\u00eamica em geral, contando com um corpo de associados de diversas \u00e1reas do saber, tais como Hist\u00f3ria, Pol\u00edtica, Geografia, Filosofia, Comunica\u00e7\u00e3o, entre outros, evidenciando seu car\u00e1ter interdisciplinar. Edi\u00e7\u00f5es digitais: clique aqui. Chamada em [&hellip;]<\/p>\n","protected":false},"author":1,"featured_media":0,"parent":0,"menu_order":0,"comment_status":"closed","ping_status":"closed","template":"","meta":{"footnotes":""},"class_list":["post-239","page","type-page","status-publish","hentry"],"_links":{"self":[{"href":"https:\/\/portal.uern.br\/fafic\/wp-json\/wp\/v2\/pages\/239","targetHints":{"allow":["GET"]}}],"collection":[{"href":"https:\/\/portal.uern.br\/fafic\/wp-json\/wp\/v2\/pages"}],"about":[{"href":"https:\/\/portal.uern.br\/fafic\/wp-json\/wp\/v2\/types\/page"}],"author":[{"embeddable":true,"href":"https:\/\/portal.uern.br\/fafic\/wp-json\/wp\/v2\/users\/1"}],"replies":[{"embeddable":true,"href":"https:\/\/portal.uern.br\/fafic\/wp-json\/wp\/v2\/comments?post=239"}],"version-history":[{"count":5,"href":"https:\/\/portal.uern.br\/fafic\/wp-json\/wp\/v2\/pages\/239\/revisions"}],"predecessor-version":[{"id":1207,"href":"https:\/\/portal.uern.br\/fafic\/wp-json\/wp\/v2\/pages\/239\/revisions\/1207"}],"wp:attachment":[{"href":"https:\/\/portal.uern.br\/fafic\/wp-json\/wp\/v2\/media?parent=239"}],"curies":[{"name":"wp","href":"https:\/\/api.w.org\/{rel}","templated":true}]}}