{"id":235,"date":"2022-09-19T09:25:09","date_gmt":"2022-09-19T12:25:09","guid":{"rendered":"https:\/\/paisdemossoro.com.br\/wordpress\/fafic\/?page_id=235"},"modified":"2023-03-22T19:48:05","modified_gmt":"2023-03-22T22:48:05","slug":"eventos","status":"publish","type":"page","link":"https:\/\/portal.uern.br\/fafic\/eventos\/","title":{"rendered":"Eventos"},"content":{"rendered":"<h5><span style=\"font-family: georgia, palatino, serif\">Formul\u00e1rio de Registro de Eventos da FAFIC ou em nossas depend\u00eancias<\/span><\/h5>\n<p><span style=\"font-family: georgia, palatino, serif\">Para facilitar o registro de eventos da FAFIC ou em nossas depend\u00eancias, solicitamos o preenchimento do formul\u00e1rio abaixo, para que possamos avaliar as condi\u00e7\u00f5es da sua realiza\u00e7\u00e3o e as melhorias necess\u00e1rias.<\/span><\/p>\n<p><span style=\"font-family: georgia, palatino, serif\">Acesse o formul\u00e1rio clicando\u00a0<a href=\"https:\/\/docs.google.com\/forms\/d\/e\/1FAIpQLSc3KW61KxJ4iVYK6u7r45QJOup3Yc431tZir1ruSD34-7bcLA\/viewform\">aqui<\/a>.<\/span><\/p>\n<h5><span style=\"font-family: georgia, palatino, serif\">I Quarta Cultural da FAFIC\/UERN<\/span><\/h5>\n<h5><span style=\"font-family: georgia, palatino, serif\"><a href=\"https:\/\/semanadehumanidadesuern.com.br\/\">IV Semana de Humanidades &#8211; As ci\u00eancias humanas e o tempo presente<\/a><\/span><\/h5>\n<p><span style=\"font-family: georgia, palatino, serif\">Evento realizado entre os dias 26 a 28 de novembro de 2019, organizado pelo Diretor da FAFIC, Prof. Me. William Coelho de Oliveira (DFI), e o Vice-diretor, Prof. Dr. Marc\u00edlio Lima Falc\u00e3o (DHI) (Coordenador Geral do evento).<\/span><\/p>\n<p><span style=\"font-family: georgia, palatino, serif\"><strong>\u00c9 proibido proibir &#8211; 50 anos de Woodstock<\/strong><\/span><\/p>\n<p><span style=\"font-family: georgia, palatino, serif\">O Diret\u00f3rio Central dos Estudantes Anat\u00e1lia de Melo Alves, em parceria com centros acad\u00eamicos de cursos do campus Universit\u00e1rio Central, promoveu atividades ao longo do dia 10\/10\/19, incentivando a discuss\u00e3o de assuntos pertinentes \u00e0 revolu\u00e7\u00e3o cultural ocorrida nos anos 60, com destaque para a festival de Woodstock. Dentre as atividades realizadas na FAFIC, destacaram-se as rodas de conversa &#8220;Introdu\u00e7\u00e3o \u00e0 hist\u00f3ria dos psicotr\u00f3picos&#8221; e &#8220;Sartre, Simone e Foucault: tra\u00e7os de uma filosofia engajada&#8221;, bem como a cultural &#8220;Woodstock 50th&#8221;.<\/span><\/p>\n<p><span style=\"font-family: georgia, palatino, serif\"><strong>Para onde vai o nosso Egossistema?<\/strong><\/span><\/p>\n<p><span style=\"font-family: georgia, palatino, serif\">Em meio a tantos crimes ambientais em escala nacional e global, nos surgem questionamentos intrigantes necess\u00e1rios em nossas pautas acad\u00eamicas, sociais e cidad\u00e3s. Alunos dos cursos de Geografia e Filosofia realizaram o encontro &#8220;Para onde vai o nosso egossistema?&#8221;, nos dias 23 e 24 de Setembro de 2019, como uma proposta de reflex\u00e3o, a\u00e7\u00e3o e cuidado sobre o futuro do planeta, contando com atividades de natureza diversa, desde apresenta\u00e7\u00e3o de projetos e realiza\u00e7\u00e3o de mesas-redondas at\u00e9 pr\u00e1ticas de plantio e de Yoga.<\/span><\/p>\n<p><span style=\"font-family: georgia, palatino, serif\"><strong>II Semana de Integra\u00e7\u00e3o &#8211; SINTEGRA FAFIC<\/strong><\/span><\/p>\n<p><span style=\"font-family: georgia, palatino, serif\"><strong>Cronograma de atividades<\/strong><\/span><\/p>\n<p><span style=\"font-family: georgia, palatino, serif\">(<strong>24\/06 &#8211; 19h30<\/strong>) Realiza\u00e7\u00e3o de\u00a0<strong>apresenta\u00e7\u00e3o da Faculdade de Filosofia e Ci\u00eancias Sociais &#8211; FAFIC\u00a0<\/strong>aos novos discentes vinculados aos cursos da Faculdade.<\/span><\/p>\n<p><span style=\"font-family: georgia, palatino, serif\">(<strong>25\/06<\/strong>) Realiza\u00e7\u00e3o de\u00a0<strong>apresenta\u00e7\u00f5es e atividades espec\u00edficas<\/strong>\u00a0por parte de cada um\u00a0<strong>dos Departamentos<\/strong>.<\/span><\/p>\n<p><span style=\"font-family: georgia, palatino, serif\">(<strong>26\/06<\/strong>) Semin\u00e1rio de Ambienta\u00e7\u00e3o Acad\u00eamica &#8211;\u00a0<strong>SAMBA 2019.1<\/strong><\/span><\/p>\n<p><span style=\"font-family: georgia, palatino, serif\">(<strong>27\/06<\/strong>)\u00a0Realiza\u00e7\u00e3o de<strong>\u00a0apresenta\u00e7\u00f5es e atividades espec\u00edficas<\/strong>\u00a0por parte de cada um\u00a0<strong>dos Departamentos<\/strong>.<\/span><\/p>\n<p><span style=\"font-family: georgia, palatino, serif\">(<strong>28\/06<\/strong>)\u00a0<strong>Aula Magna (M\u00eddia e Democracia)<\/strong>, das\u00a019h30 \u00e0s 20h30, sucedida por\u00a0<strong>atividades de confraterniza\u00e7\u00e3o<\/strong>\u00a0a cargo dos Centros Acad\u00eamicos desta Faculdade (calourada FAFIC &#8211; Arraial das humanidades)<\/span><\/p>\n<p><span style=\"font-family: georgia, palatino, serif\"><strong>I Encontro de Saberes Hist\u00f3ricos\u00a0&#8211;\u00a0Forma\u00e7\u00e3o de Professores de Hist\u00f3ria e\u00a0Ensino\u00a0<\/strong><\/span><\/p>\n<p><span style=\"font-family: georgia, palatino, serif\">Evento realizado entre os dias 12 a 14 de novembro de 2018, organizado pela Prof\u00aa. Dr\u00aa. Aryana Costa e o Prof. Dr. Marc\u00edlio Falc\u00e3o, ambos docentes do Departamento de Hist\u00f3ria da Faculdade de Filosofia e Ci\u00eancias Sociais &#8211; FAFIC da Universidade do Estado do Rio Grande do Norte &#8211; UERN, atrav\u00e9s do Grupo de Pesquisa Mem\u00f3ria, Identidade e Ensino de Hist\u00f3ria \u2013 MNEMIS\/UERN<\/span><\/p>\n<h5><\/h5>\n<h5><\/h5>\n<h5><span style=\"font-family: helvetica, arial, sans-serif\"><a href=\"http:\/\/semanahumanidades.blogspot.com\/\">III Semana de Humanidades<\/a> &#8211; A forma\u00e7\u00e3o do sujeito em um mundo em crise<\/span><\/h5>\n<p><span style=\"font-family: helvetica, arial, sans-serif\">Evento realizado entre os dias\u00a029\/11\/16 a 02\/12\/16, organizado pelo Diretor da FAFIC, Prof. Dr. Ailton Siqueira de Sousa Fonseca (DCSP), e o Vice-diretor, Prof. Me. William Coelho de Oliveira (DFI).<\/span><\/p>\n<h5><span style=\"font-family: helvetica, arial, sans-serif\"><a href=\"http:\/\/semanahumanidades.blogspot.com\/\">II Semana de Humanidades\u00a0<\/a>&#8211; Ci\u00eancia, Tecnologia e Educa\u00e7\u00e3o: desafios contempor\u00e2neos<\/span><\/h5>\n<p><span style=\"font-family: helvetica, arial, sans-serif\">Evento realizado entre os dias 12 a 15 de mar\u00e7o de 2013, organizado pelo Diretor da FAFIC, Prof. Ms. Emanuel Pereira Braz (DHI), e o Vice-diretor, Prof. Dr. Ailton Siqueira de Sousa Fonseca (DCSP).<\/span><\/p>\n<h5><span style=\"font-family: helvetica, arial, sans-serif\"><a href=\"http:\/\/semanahumanidades.blogspot.com\/\">I Semana de Humanidades\u00a0<\/a>&#8211; Ci\u00eancia, modernidade e identidade: di\u00e1logo entre saberes<\/span><\/h5>\n<p><span style=\"font-family: helvetica, arial, sans-serif\">Evento realizado entre os dias\u00a08 a 12 de novembro de 2010, organizado pelo Diretor da FAFIC, Prof. Ms. Emanuel Pereira Braz (DHI), e o Vice-diretor, Prof. Dr. Ailton Siqueira de Sousa Fonseca (DCSP).<\/span><\/p>\n","protected":false},"excerpt":{"rendered":"<p>Formul\u00e1rio de Registro de Eventos da FAFIC ou em nossas depend\u00eancias Para facilitar o registro de eventos da FAFIC ou em nossas depend\u00eancias, solicitamos o preenchimento do formul\u00e1rio abaixo, para que possamos avaliar as condi\u00e7\u00f5es da sua realiza\u00e7\u00e3o e as melhorias necess\u00e1rias. Acesse o formul\u00e1rio clicando\u00a0aqui. I Quarta Cultural da FAFIC\/UERN IV Semana de Humanidades [&hellip;]<\/p>\n","protected":false},"author":1,"featured_media":0,"parent":0,"menu_order":0,"comment_status":"closed","ping_status":"closed","template":"","meta":{"footnotes":""},"class_list":["post-235","page","type-page","status-publish","hentry"],"_links":{"self":[{"href":"https:\/\/portal.uern.br\/fafic\/wp-json\/wp\/v2\/pages\/235","targetHints":{"allow":["GET"]}}],"collection":[{"href":"https:\/\/portal.uern.br\/fafic\/wp-json\/wp\/v2\/pages"}],"about":[{"href":"https:\/\/portal.uern.br\/fafic\/wp-json\/wp\/v2\/types\/page"}],"author":[{"embeddable":true,"href":"https:\/\/portal.uern.br\/fafic\/wp-json\/wp\/v2\/users\/1"}],"replies":[{"embeddable":true,"href":"https:\/\/portal.uern.br\/fafic\/wp-json\/wp\/v2\/comments?post=235"}],"version-history":[{"count":6,"href":"https:\/\/portal.uern.br\/fafic\/wp-json\/wp\/v2\/pages\/235\/revisions"}],"predecessor-version":[{"id":752,"href":"https:\/\/portal.uern.br\/fafic\/wp-json\/wp\/v2\/pages\/235\/revisions\/752"}],"wp:attachment":[{"href":"https:\/\/portal.uern.br\/fafic\/wp-json\/wp\/v2\/media?parent=235"}],"curies":[{"name":"wp","href":"https:\/\/api.w.org\/{rel}","templated":true}]}}