{"id":231,"date":"2022-09-19T09:14:43","date_gmt":"2022-09-19T12:14:43","guid":{"rendered":"https:\/\/paisdemossoro.com.br\/wordpress\/fafic\/?page_id=231"},"modified":"2022-09-19T09:15:45","modified_gmt":"2022-09-19T12:15:45","slug":"requerimento-de-2a-chamada-de-avaliacao","status":"publish","type":"page","link":"https:\/\/portal.uern.br\/fafic\/requerimento-de-2a-chamada-de-avaliacao\/","title":{"rendered":"Requerimento de 2\u00aa Chamada de Avalia\u00e7\u00e3o"},"content":{"rendered":"<p>Para preencher o formul\u00e1rio, acesse:<\/p>\n<p><a href=\"https:\/\/docs.google.com\/forms\/d\/e\/1FAIpQLScBeo7RmlD831179QlxMucyglZAkP3Xu2ianVDsSVaNf0PClA\/viewform?edit_requested=true\">Requerimento de 2\u00aa Chamada de Avalia\u00e7\u00e3o<\/a><\/p>\n<p>Conforme o Regimento Geral da UERN, Art. 141, o(a) discente que faltar ou deixar de realizar qualquer uma das avalia\u00e7\u00f5es poder\u00e1 solicitar, no prazo de dois dias \u00fateis, na secretaria do departamento que oferta o componente curricular, a oportunidade de realiz\u00e1-la em segunda chamada.<\/p>\n","protected":false},"excerpt":{"rendered":"<p>Para preencher o formul\u00e1rio, acesse: Requerimento de 2\u00aa Chamada de Avalia\u00e7\u00e3o Conforme o Regimento Geral da UERN, Art. 141, o(a) discente que faltar ou deixar de realizar qualquer uma das avalia\u00e7\u00f5es poder\u00e1 solicitar, no prazo de dois dias \u00fateis, na secretaria do departamento que oferta o componente curricular, a oportunidade de realiz\u00e1-la em segunda chamada.<\/p>\n","protected":false},"author":1,"featured_media":0,"parent":0,"menu_order":0,"comment_status":"closed","ping_status":"closed","template":"","meta":{"footnotes":""},"class_list":["post-231","page","type-page","status-publish","hentry"],"_links":{"self":[{"href":"https:\/\/portal.uern.br\/fafic\/wp-json\/wp\/v2\/pages\/231","targetHints":{"allow":["GET"]}}],"collection":[{"href":"https:\/\/portal.uern.br\/fafic\/wp-json\/wp\/v2\/pages"}],"about":[{"href":"https:\/\/portal.uern.br\/fafic\/wp-json\/wp\/v2\/types\/page"}],"author":[{"embeddable":true,"href":"https:\/\/portal.uern.br\/fafic\/wp-json\/wp\/v2\/users\/1"}],"replies":[{"embeddable":true,"href":"https:\/\/portal.uern.br\/fafic\/wp-json\/wp\/v2\/comments?post=231"}],"version-history":[{"count":1,"href":"https:\/\/portal.uern.br\/fafic\/wp-json\/wp\/v2\/pages\/231\/revisions"}],"predecessor-version":[{"id":232,"href":"https:\/\/portal.uern.br\/fafic\/wp-json\/wp\/v2\/pages\/231\/revisions\/232"}],"wp:attachment":[{"href":"https:\/\/portal.uern.br\/fafic\/wp-json\/wp\/v2\/media?parent=231"}],"curies":[{"name":"wp","href":"https:\/\/api.w.org\/{rel}","templated":true}]}}