{"id":227,"date":"2022-09-19T09:12:04","date_gmt":"2022-09-19T12:12:04","guid":{"rendered":"https:\/\/paisdemossoro.com.br\/wordpress\/fafic\/?page_id=227"},"modified":"2022-09-19T09:13:01","modified_gmt":"2022-09-19T12:13:01","slug":"movimento-estudantil","status":"publish","type":"page","link":"https:\/\/portal.uern.br\/fafic\/movimento-estudantil\/","title":{"rendered":"Movimento Estudantil"},"content":{"rendered":"<h5>Processo de desenvolvimento do Estatuto do Diret\u00f3rio Acad\u00eamico da FAFIC\/UERN]<\/h5>\n<p>Considerando o processo de desenvolvimento do Estatuto do Diret\u00f3rio Acad\u00eamico da Faculdade de Filosofia e Ci\u00eancias Sociais da UERN (FAFIC\/UERN), o Diret\u00f3rio Central dos Estudantes Anat\u00e1lia de Melo Alves (DCE\/UERN) editou a <a href=\"https:\/\/drive.google.com\/file\/d\/1shz31ANpfRSvLopyib_MBOv1iKZPwmjz\/view?usp=sharing\">Portaria N\u00ba 20\/2022 \u2013 DCE\/UERN<\/a>, que disp\u00f5e sobre a composi\u00e7\u00e3o da comiss\u00e3o de desenvolvimento do Estatuto.<\/p>\n<h5><\/h5>\n<h5>Movimento Estudantil Direitos do Estudante<\/h5>\n<p>Uma parte importante da vida acad\u00eamica dos alunos s\u00e3o as entidades estudantis presentes na universidade. Essas organizam atividades acad\u00eamicas extra-curriculares como debates, discuss\u00f5es, palestras, semanas tem\u00e1ticas, recep\u00e7\u00e3o de calouros e realiza\u00e7\u00e3o de projetos de extens\u00e3o; encaminhamento, mobiliza\u00e7\u00e3o e organiza\u00e7\u00e3o de reivindica\u00e7\u00f5es e a\u00e7\u00f5es pol\u00edticas dos estudantes; media\u00e7\u00e3o de negocia\u00e7\u00f5es e conflitos individuais e coletivos entre estudantes e a faculdade; realiza\u00e7\u00e3o de atividades culturais como feiras de livros, festivais diversos, entre outros.<br \/>\nAbaixo encontra-se uma rela\u00e7\u00e3o constando informa\u00e7\u00f5es dos Centros Acad\u00eamicos (CA&#8217;s) dos cursos da FAFIC, com seus respectivos membros e contatos de e-mail e telefone.<\/p>\n<p>&nbsp;<\/p>\n<p><strong>Representa\u00e7\u00e3o estudantil<\/strong><\/p>\n<p><strong>DIRET\u00d3RIO ACAD\u00caMICO DA FAFIC<\/strong><\/p>\n","protected":false},"excerpt":{"rendered":"<p>Processo de desenvolvimento do Estatuto do Diret\u00f3rio Acad\u00eamico da FAFIC\/UERN] Considerando o processo de desenvolvimento do Estatuto do Diret\u00f3rio Acad\u00eamico da Faculdade de Filosofia e Ci\u00eancias Sociais da UERN (FAFIC\/UERN), o Diret\u00f3rio Central dos Estudantes Anat\u00e1lia de Melo Alves (DCE\/UERN) editou a Portaria N\u00ba 20\/2022 \u2013 DCE\/UERN, que disp\u00f5e sobre a composi\u00e7\u00e3o da comiss\u00e3o de [&hellip;]<\/p>\n","protected":false},"author":1,"featured_media":0,"parent":0,"menu_order":0,"comment_status":"closed","ping_status":"closed","template":"","meta":{"footnotes":""},"class_list":["post-227","page","type-page","status-publish","hentry"],"_links":{"self":[{"href":"https:\/\/portal.uern.br\/fafic\/wp-json\/wp\/v2\/pages\/227","targetHints":{"allow":["GET"]}}],"collection":[{"href":"https:\/\/portal.uern.br\/fafic\/wp-json\/wp\/v2\/pages"}],"about":[{"href":"https:\/\/portal.uern.br\/fafic\/wp-json\/wp\/v2\/types\/page"}],"author":[{"embeddable":true,"href":"https:\/\/portal.uern.br\/fafic\/wp-json\/wp\/v2\/users\/1"}],"replies":[{"embeddable":true,"href":"https:\/\/portal.uern.br\/fafic\/wp-json\/wp\/v2\/comments?post=227"}],"version-history":[{"count":3,"href":"https:\/\/portal.uern.br\/fafic\/wp-json\/wp\/v2\/pages\/227\/revisions"}],"predecessor-version":[{"id":230,"href":"https:\/\/portal.uern.br\/fafic\/wp-json\/wp\/v2\/pages\/227\/revisions\/230"}],"wp:attachment":[{"href":"https:\/\/portal.uern.br\/fafic\/wp-json\/wp\/v2\/media?parent=227"}],"curies":[{"name":"wp","href":"https:\/\/api.w.org\/{rel}","templated":true}]}}