{"id":201,"date":"2022-06-09T16:36:03","date_gmt":"2022-06-09T19:36:03","guid":{"rendered":"https:\/\/paisdemossoro.com.br\/wordpress\/fafic\/?page_id=201"},"modified":"2023-06-12T16:31:10","modified_gmt":"2023-06-12T19:31:10","slug":"home","status":"publish","type":"page","link":"https:\/\/portal.uern.br\/fafic\/","title":{"rendered":"Home"},"content":{"rendered":"\t\t<div data-elementor-type=\"wp-page\" data-elementor-id=\"201\" class=\"elementor elementor-201\" data-elementor-post-type=\"page\">\n\t\t\t\t\t\t<section class=\"elementor-section elementor-top-section elementor-element elementor-element-f16220c elementor-section-full_width elementor-section-height-default elementor-section-height-default\" data-id=\"f16220c\" data-element_type=\"section\">\n\t\t\t\t\t\t<div class=\"elementor-container elementor-column-gap-default\">\n\t\t\t\t\t<div class=\"elementor-column elementor-col-100 elementor-top-column elementor-element elementor-element-64448f4\" data-id=\"64448f4\" data-element_type=\"column\">\n\t\t\t<div class=\"elementor-widget-wrap elementor-element-populated\">\n\t\t\t\t\t\t<div class=\"elementor-element elementor-element-2fdf57a elementor-widget elementor-widget-image\" data-id=\"2fdf57a\" data-element_type=\"widget\" data-widget_type=\"image.default\">\n\t\t\t\t<div class=\"elementor-widget-container\">\n\t\t\t\t\t\t\t\t\t\t\t\t\t\t\t<img fetchpriority=\"high\" decoding=\"async\" width=\"1920\" height=\"1080\" src=\"https:\/\/portal.uern.br\/fafic\/wp-content\/uploads\/2023\/06\/fafic__.jpg\" class=\"attachment-full size-full wp-image-987\" alt=\"\" srcset=\"https:\/\/portal.uern.br\/fafic\/wp-content\/uploads\/2023\/06\/fafic__.jpg 1920w, https:\/\/portal.uern.br\/fafic\/wp-content\/uploads\/2023\/06\/fafic__-300x169.jpg 300w, https:\/\/portal.uern.br\/fafic\/wp-content\/uploads\/2023\/06\/fafic__-1024x576.jpg 1024w, https:\/\/portal.uern.br\/fafic\/wp-content\/uploads\/2023\/06\/fafic__-768x432.jpg 768w, https:\/\/portal.uern.br\/fafic\/wp-content\/uploads\/2023\/06\/fafic__-1536x864.jpg 1536w\" sizes=\"(max-width: 1920px) 100vw, 1920px\" \/>\t\t\t\t\t\t\t\t\t\t\t\t\t\t\t<\/div>\n\t\t\t\t<\/div>\n\t\t\t\t\t<\/div>\n\t\t<\/div>\n\t\t\t\t\t<\/div>\n\t\t<\/section>\n\t\t\t\t<section class=\"elementor-section elementor-top-section elementor-element elementor-element-4d77bcf elementor-reverse-mobile elementor-section-height-min-height elementor-section-items-stretch elementor-section-boxed elementor-section-height-default\" data-id=\"4d77bcf\" data-element_type=\"section\" data-settings=\"{&quot;background_background&quot;:&quot;classic&quot;}\">\n\t\t\t\t\t\t<div class=\"elementor-container elementor-column-gap-default\">\n\t\t\t\t\t<div class=\"elementor-column elementor-col-50 elementor-top-column elementor-element elementor-element-37816c2 elementor-hidden-mobile\" data-id=\"37816c2\" data-element_type=\"column\" data-settings=\"{&quot;background_background&quot;:&quot;classic&quot;}\">\n\t\t\t<div class=\"elementor-widget-wrap elementor-element-populated\">\n\t\t\t\t\t\t<div class=\"elementor-element elementor-element-1583cad elementor-nav-menu__text-align-aside elementor-widget elementor-widget-nav-menu\" data-id=\"1583cad\" data-element_type=\"widget\" data-settings=\"{&quot;layout&quot;:&quot;dropdown&quot;,&quot;submenu_icon&quot;:{&quot;value&quot;:&quot;&lt;i class=\\&quot;fas fa-caret-down\\&quot; aria-hidden=\\&quot;true\\&quot;&gt;&lt;\\\/i&gt;&quot;,&quot;library&quot;:&quot;fa-solid&quot;}}\" data-widget_type=\"nav-menu.default\">\n\t\t\t\t<div class=\"elementor-widget-container\">\n\t\t\t\t\t\t\t\t<nav class=\"elementor-nav-menu--dropdown elementor-nav-menu__container\" aria-hidden=\"true\">\n\t\t\t\t<ul id=\"menu-2-1583cad\" class=\"elementor-nav-menu\"><li class=\"menu-item menu-item-type-custom menu-item-object-custom menu-item-home menu-item-571\"><a href=\"http:\/\/portal.uern.br\/fafic\/\" class=\"elementor-item\" tabindex=\"-1\">Home<\/a><\/li>\n<li class=\"menu-item menu-item-type-post_type menu-item-object-page menu-item-1368\"><a href=\"https:\/\/portal.uern.br\/fafic\/apresentacao\/\" class=\"elementor-item\" tabindex=\"-1\">Apresenta\u00e7\u00e3o<\/a><\/li>\n<li class=\"menu-item menu-item-type-post_type menu-item-object-page menu-item-431\"><a href=\"https:\/\/portal.uern.br\/fafic\/contato\/\" class=\"elementor-item\" tabindex=\"-1\">Equipe Gestora\/Contatos<\/a><\/li>\n<li class=\"menu-item menu-item-type-post_type menu-item-object-page menu-item-1373\"><a href=\"https:\/\/portal.uern.br\/fafic\/horario-de-atendimento\/\" class=\"elementor-item\" tabindex=\"-1\">Hor\u00e1rio de atendimento<\/a><\/li>\n<li class=\"menu-item menu-item-type-post_type menu-item-object-page menu-item-420\"><a href=\"https:\/\/portal.uern.br\/fafic\/corpo-docente\/\" class=\"elementor-item\" tabindex=\"-1\">Corpo Docente<\/a><\/li>\n<li class=\"menu-item menu-item-type-post_type menu-item-object-page menu-item-has-children menu-item-421\"><a href=\"https:\/\/portal.uern.br\/fafic\/estudantes\/\" class=\"elementor-item\" tabindex=\"-1\">Estudantes<\/a>\n<ul class=\"sub-menu elementor-nav-menu--dropdown\">\n\t<li class=\"menu-item menu-item-type-post_type menu-item-object-page menu-item-425\"><a href=\"https:\/\/portal.uern.br\/fafic\/requerimento-de-2a-chamada-de-avaliacao\/\" class=\"elementor-sub-item\" tabindex=\"-1\">Requerimento de 2\u00aa Chamada de Avalia\u00e7\u00e3o<\/a><\/li>\n\t<li class=\"menu-item menu-item-type-post_type menu-item-object-page menu-item-426\"><a href=\"https:\/\/portal.uern.br\/fafic\/solicitacao-de-oferta-de-disciplina-em-carater-especial\/\" class=\"elementor-sub-item\" tabindex=\"-1\">Solicita\u00e7\u00e3o de oferta de disciplina em car\u00e1ter especial<\/a><\/li>\n\t<li class=\"menu-item menu-item-type-post_type menu-item-object-page menu-item-1205\"><a href=\"https:\/\/portal.uern.br\/fafic\/edital-de-fluxo-continuo-cadastramento-de-discentes-para-estagio-nao-obrigatorio\/\" class=\"elementor-sub-item\" tabindex=\"-1\">Edital de fluxo cont\u00ednuo \u2013 Cadastramento de discentes para Est\u00e1gio N\u00e3o Obrigat\u00f3rio<\/a><\/li>\n\t<li class=\"menu-item menu-item-type-post_type menu-item-object-page menu-item-829\"><a href=\"https:\/\/portal.uern.br\/fafic\/acompanhamento-de-egressosas\/\" class=\"elementor-sub-item\" tabindex=\"-1\">Acompanhamento de Egressos(as)<\/a><\/li>\n<\/ul>\n<\/li>\n<li class=\"menu-item menu-item-type-post_type menu-item-object-page menu-item-429\"><a href=\"https:\/\/portal.uern.br\/fafic\/pos-graduacao\/\" class=\"elementor-item\" tabindex=\"-1\">P\u00f3s-Gradua\u00e7\u00e3o<\/a><\/li>\n<li class=\"menu-item menu-item-type-post_type menu-item-object-page menu-item-422\"><a href=\"https:\/\/portal.uern.br\/fafic\/movimento-estudantil\/\" class=\"elementor-item\" tabindex=\"-1\">Movimento Estudantil<\/a><\/li>\n<li class=\"menu-item menu-item-type-post_type menu-item-object-page menu-item-424\"><a href=\"https:\/\/portal.uern.br\/fafic\/publicacoes\/\" class=\"elementor-item\" tabindex=\"-1\">Publica\u00e7\u00f5es<\/a><\/li>\n<li class=\"menu-item menu-item-type-post_type menu-item-object-page menu-item-730\"><a href=\"https:\/\/portal.uern.br\/fafic\/reserva-do-auditorio\/\" class=\"elementor-item\" tabindex=\"-1\">Reserva do Audit\u00f3rio<\/a><\/li>\n<li class=\"menu-item menu-item-type-post_type menu-item-object-page menu-item-747\"><a href=\"https:\/\/portal.uern.br\/fafic\/eventos\/\" class=\"elementor-item\" tabindex=\"-1\">Eventos<\/a><\/li>\n<li class=\"menu-item menu-item-type-post_type menu-item-object-page menu-item-has-children menu-item-1176\"><a href=\"https:\/\/portal.uern.br\/fafic\/vi-semana-de-humanidades\/\" class=\"elementor-item\" tabindex=\"-1\">VI Semana de Humanidades<\/a>\n<ul class=\"sub-menu elementor-nav-menu--dropdown\">\n\t<li class=\"menu-item menu-item-type-post_type menu-item-object-page menu-item-1174\"><a href=\"https:\/\/portal.uern.br\/fafic\/cronograma-de-atividades\/\" class=\"elementor-sub-item\" tabindex=\"-1\">Cronograma de atividades<\/a><\/li>\n\t<li class=\"menu-item menu-item-type-post_type menu-item-object-page menu-item-1178\"><a href=\"https:\/\/portal.uern.br\/fafic\/inscricao\/\" class=\"elementor-sub-item\" tabindex=\"-1\">Inscri\u00e7\u00e3o<\/a><\/li>\n\t<li class=\"menu-item menu-item-type-post_type menu-item-object-page menu-item-1170\"><a href=\"https:\/\/portal.uern.br\/fafic\/simposios-tematicos\/\" class=\"elementor-sub-item\" tabindex=\"-1\">Simp\u00f3sios Tem\u00e1ticos<\/a><\/li>\n\t<li class=\"menu-item menu-item-type-post_type menu-item-object-page menu-item-1171\"><a href=\"https:\/\/portal.uern.br\/fafic\/minicursos\/\" class=\"elementor-sub-item\" tabindex=\"-1\">Minicursos<\/a><\/li>\n\t<li class=\"menu-item menu-item-type-post_type menu-item-object-page menu-item-1172\"><a href=\"https:\/\/portal.uern.br\/fafic\/sessao-de-programas-formativos\/\" class=\"elementor-sub-item\" tabindex=\"-1\">Sess\u00e3o de Programas Formativos<\/a><\/li>\n\t<li class=\"menu-item menu-item-type-post_type menu-item-object-page menu-item-1177\"><a href=\"https:\/\/portal.uern.br\/fafic\/envio-de-resumo-texto-completo\/\" class=\"elementor-sub-item\" tabindex=\"-1\">Envio de resumo\/texto completo<\/a><\/li>\n\t<li class=\"menu-item menu-item-type-post_type menu-item-object-page menu-item-1175\"><a href=\"https:\/\/portal.uern.br\/fafic\/programacao-cultural\/\" class=\"elementor-sub-item\" tabindex=\"-1\">Programa\u00e7\u00e3o cultural<\/a><\/li>\n\t<li class=\"menu-item menu-item-type-post_type menu-item-object-page menu-item-1173\"><a href=\"https:\/\/portal.uern.br\/fafic\/lancamento-de-livros\/\" class=\"elementor-sub-item\" tabindex=\"-1\">Lan\u00e7amento de livros<\/a><\/li>\n<\/ul>\n<\/li>\n<li class=\"menu-item menu-item-type-post_type menu-item-object-page menu-item-430\"><a href=\"https:\/\/portal.uern.br\/fafic\/documentos\/\" class=\"elementor-item\" tabindex=\"-1\">Documentos<\/a><\/li>\n<li class=\"menu-item menu-item-type-post_type menu-item-object-page menu-item-1218\"><a href=\"https:\/\/portal.uern.br\/fafic\/perguntas-frequentes\/\" class=\"elementor-item\" tabindex=\"-1\">Perguntas frequentes<\/a><\/li>\n<\/ul>\t\t\t<\/nav>\n\t\t\t\t\t\t<\/div>\n\t\t\t\t<\/div>\n\t\t\t\t\t<\/div>\n\t\t<\/div>\n\t\t\t\t<div class=\"elementor-column elementor-col-50 elementor-top-column elementor-element elementor-element-1173406\" data-id=\"1173406\" data-element_type=\"column\" data-settings=\"{&quot;background_background&quot;:&quot;classic&quot;}\">\n\t\t\t<div class=\"elementor-widget-wrap elementor-element-populated\">\n\t\t\t\t\t\t<div class=\"elementor-element elementor-element-3bac1c2 elementor-grid-1 elementor-posts--thumbnail-left elementor-grid-tablet-2 elementor-grid-mobile-1 elementor-widget elementor-widget-posts\" data-id=\"3bac1c2\" data-element_type=\"widget\" data-settings=\"{&quot;classic_columns&quot;:&quot;1&quot;,&quot;classic_columns_tablet&quot;:&quot;2&quot;,&quot;classic_columns_mobile&quot;:&quot;1&quot;,&quot;classic_row_gap&quot;:{&quot;unit&quot;:&quot;px&quot;,&quot;size&quot;:35,&quot;sizes&quot;:[]},&quot;classic_row_gap_tablet&quot;:{&quot;unit&quot;:&quot;px&quot;,&quot;size&quot;:&quot;&quot;,&quot;sizes&quot;:[]},&quot;classic_row_gap_mobile&quot;:{&quot;unit&quot;:&quot;px&quot;,&quot;size&quot;:&quot;&quot;,&quot;sizes&quot;:[]}}\" data-widget_type=\"posts.classic\">\n\t\t\t\t<div class=\"elementor-widget-container\">\n\t\t\t\t\t\t\t<div class=\"elementor-posts-container elementor-posts elementor-posts--skin-classic elementor-grid\" role=\"list\">\n\t\t\t\t<article class=\"elementor-post elementor-grid-item post-1007 destaques_ type-destaques_ status-publish has-post-thumbnail hentry nivel_do_destaque_-destaque-topo\" role=\"listitem\">\n\t\t\t\t<a class=\"elementor-post__thumbnail__link\" href=\"https:\/\/portal.uern.br\/fafic\/destaques_\/eleicao-para-direcao-da-fafic-2022\/\" tabindex=\"-1\" >\n\t\t\t<div class=\"elementor-post__thumbnail\"><img decoding=\"async\" width=\"768\" height=\"426\" src=\"https:\/\/portal.uern.br\/fafic\/wp-content\/uploads\/2022\/06\/TAGs_eleicoes_-768x426.png\" class=\"attachment-medium_large size-medium_large wp-image-176\" alt=\"\" srcset=\"https:\/\/portal.uern.br\/fafic\/wp-content\/uploads\/2022\/06\/TAGs_eleicoes_-768x426.png 768w, https:\/\/portal.uern.br\/fafic\/wp-content\/uploads\/2022\/06\/TAGs_eleicoes_-300x166.png 300w, https:\/\/portal.uern.br\/fafic\/wp-content\/uploads\/2022\/06\/TAGs_eleicoes_.png 904w\" sizes=\"(max-width: 768px) 100vw, 768px\" \/><\/div>\n\t\t<\/a>\n\t\t\t\t<div class=\"elementor-post__text\">\n\t\t\t\t<h3 class=\"elementor-post__title\">\n\t\t\t<a href=\"https:\/\/portal.uern.br\/fafic\/destaques_\/eleicao-para-direcao-da-fafic-2022\/\" >\n\t\t\t\tElei\u00e7\u00e3o para dire\u00e7\u00e3o da Faculdade de Filosofia e Ci\u00eancias Sociais ser\u00e1 dia 06 de julho\t\t\t<\/a>\n\t\t<\/h3>\n\t\t\t\t<div class=\"elementor-post__meta-data\">\n\t\t\t\t\t<span class=\"elementor-post-date\">\n\t\t\t6 de maio de 2022\t\t<\/span>\n\t\t\t\t<\/div>\n\t\t\t\t<div class=\"elementor-post__excerpt\">\n\t\t\t<p>A Faculdade de Filosofia e Ci\u00eancias Sociais (Fafic) divulga o\u00a0Edital n\u00ba 01\/2022-FAFIC, que trata das elei\u00e7\u00f5es para os cargos de diretor e vice-diretor para o quadri\u00eanio 2022\/2026. Conforme retifica\u00e7\u00e3o publicada nesta quarta-feira (4), as inscri\u00e7\u00f5es das candidaturas devem ser realizadas entre nos dias 13, 16 e 17 de maio de<\/p>\n\t\t<\/div>\n\t\t\t\t<\/div>\n\t\t\t\t<\/article>\n\t\t\t\t<\/div>\n\t\t\n\t\t\t\t\t\t<\/div>\n\t\t\t\t<\/div>\n\t\t\t\t<div class=\"elementor-element elementor-element-6d4d459 elementor-posts--thumbnail-none elementor-grid-3 elementor-grid-tablet-2 elementor-grid-mobile-1 elementor-card-shadow-yes elementor-posts__hover-gradient elementor-widget elementor-widget-posts\" data-id=\"6d4d459\" data-element_type=\"widget\" data-settings=\"{&quot;cards_columns&quot;:&quot;3&quot;,&quot;cards_columns_tablet&quot;:&quot;2&quot;,&quot;cards_columns_mobile&quot;:&quot;1&quot;,&quot;cards_row_gap&quot;:{&quot;unit&quot;:&quot;px&quot;,&quot;size&quot;:35,&quot;sizes&quot;:[]},&quot;cards_row_gap_tablet&quot;:{&quot;unit&quot;:&quot;px&quot;,&quot;size&quot;:&quot;&quot;,&quot;sizes&quot;:[]},&quot;cards_row_gap_mobile&quot;:{&quot;unit&quot;:&quot;px&quot;,&quot;size&quot;:&quot;&quot;,&quot;sizes&quot;:[]}}\" data-widget_type=\"posts.cards\">\n\t\t\t\t<div class=\"elementor-widget-container\">\n\t\t\t\t\t\t\t<div class=\"elementor-posts-container elementor-posts elementor-posts--skin-cards elementor-grid\" role=\"list\">\n\t\t\t\t<article class=\"elementor-post elementor-grid-item post-1193 destaques_ type-destaques_ status-publish has-post-thumbnail hentry nivel_do_destaque_-outros-destaques\" role=\"listitem\">\n\t\t\t<div class=\"elementor-post__card\">\n\t\t\t\t<div class=\"elementor-post__text\">\n\t\t\t\t<h3 class=\"elementor-post__title\">\n\t\t\t<a href=\"https:\/\/portal.uern.br\/fafic\/destaques_\/uern-ofertara-curso-de-especializacao-em-geografia-escolar\/\" >\n\t\t\t\tUern ofertar\u00e1 curso de especializa\u00e7\u00e3o em Geografia Escolar\t\t\t<\/a>\n\t\t<\/h3>\n\t\t\t\t<div class=\"elementor-post__excerpt\">\n\t\t\t<p>Em breve a Universidade do Estado do Rio Grande do Norte (Uern) vai lan\u00e7ar o edital de sele\u00e7\u00e3o do Curso de Especializa\u00e7\u00e3o em Geografia Escolar<\/p>\n\t\t<\/div>\n\t\t\t\t<\/div>\n\t\t\t\t\t<\/div>\n\t\t<\/article>\n\t\t\t\t<article class=\"elementor-post elementor-grid-item post-1181 destaques_ type-destaques_ status-publish has-post-thumbnail hentry nivel_do_destaque_-outros-destaques\" role=\"listitem\">\n\t\t\t<div class=\"elementor-post__card\">\n\t\t\t\t<div class=\"elementor-post__text\">\n\t\t\t\t<h3 class=\"elementor-post__title\">\n\t\t\t<a href=\"https:\/\/portal.uern.br\/fafic\/destaques_\/selecao-do-mestrado-profissional-de-sociologia-em-rede-nacional-oferta-15-vagas-na-uern\/\" >\n\t\t\t\tSele\u00e7\u00e3o do Mestrado Profissional de Sociologia em Rede Nacional oferta 15 vagas na Uern\t\t\t<\/a>\n\t\t<\/h3>\n\t\t\t\t<div class=\"elementor-post__excerpt\">\n\t\t\t<p>O Mestrado Profissional de Sociologia em Rede Nacional (ProfSocio) est\u00e1 com inscri\u00e7\u00f5es para a sele\u00e7\u00e3o 2023 abertas at\u00e9 17 de novembro. Na Universidade do Estado<\/p>\n\t\t<\/div>\n\t\t\t\t<\/div>\n\t\t\t\t\t<\/div>\n\t\t<\/article>\n\t\t\t\t<\/div>\n\t\t\n\t\t\t\t\t\t<\/div>\n\t\t\t\t<\/div>\n\t\t\t\t\t<\/div>\n\t\t<\/div>\n\t\t\t\t\t<\/div>\n\t\t<\/section>\n\t\t\t\t<\/div>\n\t\t","protected":false},"excerpt":{"rendered":"","protected":false},"author":1,"featured_media":0,"parent":0,"menu_order":0,"comment_status":"closed","ping_status":"closed","template":"","meta":{"footnotes":""},"class_list":["post-201","page","type-page","status-publish","hentry"],"_links":{"self":[{"href":"https:\/\/portal.uern.br\/fafic\/wp-json\/wp\/v2\/pages\/201","targetHints":{"allow":["GET"]}}],"collection":[{"href":"https:\/\/portal.uern.br\/fafic\/wp-json\/wp\/v2\/pages"}],"about":[{"href":"https:\/\/portal.uern.br\/fafic\/wp-json\/wp\/v2\/types\/page"}],"author":[{"embeddable":true,"href":"https:\/\/portal.uern.br\/fafic\/wp-json\/wp\/v2\/users\/1"}],"replies":[{"embeddable":true,"href":"https:\/\/portal.uern.br\/fafic\/wp-json\/wp\/v2\/comments?post=201"}],"version-history":[{"count":49,"href":"https:\/\/portal.uern.br\/fafic\/wp-json\/wp\/v2\/pages\/201\/revisions"}],"predecessor-version":[{"id":1006,"href":"https:\/\/portal.uern.br\/fafic\/wp-json\/wp\/v2\/pages\/201\/revisions\/1006"}],"wp:attachment":[{"href":"https:\/\/portal.uern.br\/fafic\/wp-json\/wp\/v2\/media?parent=201"}],"curies":[{"name":"wp","href":"https:\/\/api.w.org\/{rel}","templated":true}]}}