{"id":1215,"date":"2024-04-25T12:40:40","date_gmt":"2024-04-25T15:40:40","guid":{"rendered":"https:\/\/portal.uern.br\/fafic\/?page_id=1215"},"modified":"2025-06-27T19:51:28","modified_gmt":"2025-06-27T22:51:28","slug":"perguntas-frequentes","status":"publish","type":"page","link":"https:\/\/portal.uern.br\/fafic\/perguntas-frequentes\/","title":{"rendered":"Perguntas frequentes"},"content":{"rendered":"<p><strong>P: Como solicitar a reserva do audit\u00f3rio da FAFIC (audit\u00f3rio Elder Heronildes da Silva)?<\/strong><br \/>\nR: A solicita\u00e7\u00e3o de reserva do audit\u00f3rio da FAFIC pode ser realizada via formul\u00e1rio acess\u00edvel atrav\u00e9s do seguinte endere\u00e7o: <a href=\"https:\/\/forms.gle\/Z6c6TBFjjmufcG5b8\">https:\/\/forms.gle\/Z6c6TBFjjmufcG5b8<\/a>.<\/p>\n<p><strong>P: Como consultar a atual disponibilidade e cronograma de atividades do audit\u00f3rio da FAFIC?<\/strong><br \/>\nR: A consulta \u00e0 disponibilidade do audit\u00f3rio da FAFIC pode ser realizada atrav\u00e9s do seguinte endere\u00e7o: <a href=\"https:\/\/docs.google.com\/spreadsheets\/d\/e\/2PACX-1vSCGYccRkPt0fRfHCkIi1jN3-wXhA-IQ-8MUfjBe36gecPT50VQYcezsciBVzbZZPIhr3WVa1ONUijp\/pubhtml\">https:\/\/docs.google.com\/spreadsheets\/d\/e\/2PACX- 1vSCGYccRkPt0fRfHCkIi1jN3-wXhA-IQ8MUfjBe36gecPT50VQYcezsciBVzbZZPIhr3WVa1ONUijp\/pubhtml<\/a>.<br \/>\nAtrav\u00e9s do mesmo endere\u00e7o \u00e9 poss\u00edvel verificar o deferimento ou recusa quanto \u00e0 solicita\u00e7\u00e3o apresentada.<\/p>\n<p><strong>P: Como solicitar realiza\u00e7\u00e3o de 2\u00aa chamada de avalia\u00e7\u00e3o no \u00e2mbito da FAFIC?<\/strong><br \/>\nR: Para solicitar a realiza\u00e7\u00e3o de 2\u00aa chamada de avalia\u00e7\u00e3o de componentes curriculares ofertados em qualquer dos cursos integrantes da FAFIC, basta preencher corretamente o formul\u00e1rio dispon\u00edvel atrav\u00e9s do endere\u00e7o a seguir: <a href=\"https:\/\/forms.gle\/WseMSatAd2WWefFW9\">https:\/\/forms.gle\/WseMSatAd2WWefFW9<\/a>.<br \/>\nRealizado o devido preenchimento do formul\u00e1rio, a secretaria da FAFIC ter\u00e1 acesso a uma c\u00f3pia do mesmo, a qual ser\u00e1 remetida simultaneamente, por e- mail, ao(\u00e0) discente solicitante, ao(\u00e0) docente respons\u00e1vel pelo componente curricular e ao departamento acad\u00eamico respons\u00e1vel pela oferta da disciplina. Ap\u00f3s analisar a solicita\u00e7\u00e3o, conforme o Regimento Geral da UERN (alterado atrav\u00e9s da Resolu\u00e7\u00e3o N\u00ba 11\/93 &#8211; CONSUNI), o(a) docente dever\u00e1 emitir parecer justificado aos interessados.<\/p>\n","protected":false},"excerpt":{"rendered":"<p>P: Como solicitar a reserva do audit\u00f3rio da FAFIC (audit\u00f3rio Elder Heronildes da Silva)? R: A solicita\u00e7\u00e3o de reserva do audit\u00f3rio da FAFIC pode ser realizada via formul\u00e1rio acess\u00edvel atrav\u00e9s do seguinte endere\u00e7o: https:\/\/forms.gle\/Z6c6TBFjjmufcG5b8. P: Como consultar a atual disponibilidade e cronograma de atividades do audit\u00f3rio da FAFIC? R: A consulta \u00e0 disponibilidade do audit\u00f3rio [&hellip;]<\/p>\n","protected":false},"author":3,"featured_media":0,"parent":0,"menu_order":0,"comment_status":"closed","ping_status":"closed","template":"","meta":{"footnotes":""},"class_list":["post-1215","page","type-page","status-publish","hentry"],"_links":{"self":[{"href":"https:\/\/portal.uern.br\/fafic\/wp-json\/wp\/v2\/pages\/1215","targetHints":{"allow":["GET"]}}],"collection":[{"href":"https:\/\/portal.uern.br\/fafic\/wp-json\/wp\/v2\/pages"}],"about":[{"href":"https:\/\/portal.uern.br\/fafic\/wp-json\/wp\/v2\/types\/page"}],"author":[{"embeddable":true,"href":"https:\/\/portal.uern.br\/fafic\/wp-json\/wp\/v2\/users\/3"}],"replies":[{"embeddable":true,"href":"https:\/\/portal.uern.br\/fafic\/wp-json\/wp\/v2\/comments?post=1215"}],"version-history":[{"count":5,"href":"https:\/\/portal.uern.br\/fafic\/wp-json\/wp\/v2\/pages\/1215\/revisions"}],"predecessor-version":[{"id":1362,"href":"https:\/\/portal.uern.br\/fafic\/wp-json\/wp\/v2\/pages\/1215\/revisions\/1362"}],"wp:attachment":[{"href":"https:\/\/portal.uern.br\/fafic\/wp-json\/wp\/v2\/media?parent=1215"}],"curies":[{"name":"wp","href":"https:\/\/api.w.org\/{rel}","templated":true}]}}