{"id":1198,"date":"2024-03-01T11:42:57","date_gmt":"2024-03-01T14:42:57","guid":{"rendered":"https:\/\/portal.uern.br\/fafic\/?page_id=1198"},"modified":"2024-03-01T11:42:57","modified_gmt":"2024-03-01T14:42:57","slug":"edital-de-fluxo-continuo-cadastramento-de-discentes-para-estagio-nao-obrigatorio","status":"publish","type":"page","link":"https:\/\/portal.uern.br\/fafic\/edital-de-fluxo-continuo-cadastramento-de-discentes-para-estagio-nao-obrigatorio\/","title":{"rendered":"Edital de fluxo cont\u00ednuo &#8211; Cadastramento de discentes para Est\u00e1gio N\u00e3o Obrigat\u00f3rio"},"content":{"rendered":"<p>A Pr\u00f3-Reitoria de Assuntos Estudantis (Prae\/Uern) informa que, a partir do edital n\u00ba 114\/2023 &#8211; PRAE-UERN, o processo de sele\u00e7\u00e3o do Programa de <strong>Est\u00e1gio Supervisionado N\u00e3o Obrigat\u00f3ri<\/strong>o no \u00e2mbito da UERN passou a utilizar o <strong>banco de cadastramento<\/strong> como base de dados para a ocupa\u00e7\u00e3o das vagas dispon\u00edveis no referido programa.<\/p>\n<p>&nbsp;<\/p>\n<p>Link de acesso ao edital:\u00a0<a href=\"https:\/\/drive.google.com\/file\/d\/1WxcBVT6-v5_VNeXLlFvkLfDm7LvwazTR\/view?usp=sharing\">https:\/\/drive.google.com\/file\/d\/1WxcBVT6-v5_VNeXLlFvkLfDm7LvwazTR\/view?usp=sharing<\/a><\/p>\n<p>Link do formul\u00e1rio de inscri\u00e7\u00e3o:\u00a0<a href=\"https:\/\/forms.gle\/HsVCmFzVrWtBgVMu9\">https:\/\/forms.gle\/HsVCmFzVrWtBgVMu9<\/a><\/p>\n","protected":false},"excerpt":{"rendered":"<p>A Pr\u00f3-Reitoria de Assuntos Estudantis (Prae\/Uern) informa que, a partir do edital n\u00ba 114\/2023 &#8211; PRAE-UERN, o processo de sele\u00e7\u00e3o do Programa de Est\u00e1gio Supervisionado N\u00e3o Obrigat\u00f3rio no \u00e2mbito da UERN passou a utilizar o banco de cadastramento como base de dados para a ocupa\u00e7\u00e3o das vagas dispon\u00edveis no referido programa. &nbsp; Link de acesso [&hellip;]<\/p>\n","protected":false},"author":3,"featured_media":0,"parent":0,"menu_order":0,"comment_status":"closed","ping_status":"closed","template":"","meta":{"footnotes":""},"class_list":["post-1198","page","type-page","status-publish","hentry"],"_links":{"self":[{"href":"https:\/\/portal.uern.br\/fafic\/wp-json\/wp\/v2\/pages\/1198","targetHints":{"allow":["GET"]}}],"collection":[{"href":"https:\/\/portal.uern.br\/fafic\/wp-json\/wp\/v2\/pages"}],"about":[{"href":"https:\/\/portal.uern.br\/fafic\/wp-json\/wp\/v2\/types\/page"}],"author":[{"embeddable":true,"href":"https:\/\/portal.uern.br\/fafic\/wp-json\/wp\/v2\/users\/3"}],"replies":[{"embeddable":true,"href":"https:\/\/portal.uern.br\/fafic\/wp-json\/wp\/v2\/comments?post=1198"}],"version-history":[{"count":5,"href":"https:\/\/portal.uern.br\/fafic\/wp-json\/wp\/v2\/pages\/1198\/revisions"}],"predecessor-version":[{"id":1204,"href":"https:\/\/portal.uern.br\/fafic\/wp-json\/wp\/v2\/pages\/1198\/revisions\/1204"}],"wp:attachment":[{"href":"https:\/\/portal.uern.br\/fafic\/wp-json\/wp\/v2\/media?parent=1198"}],"curies":[{"name":"wp","href":"https:\/\/api.w.org\/{rel}","templated":true}]}}