{"id":1156,"date":"2023-10-11T21:51:05","date_gmt":"2023-10-12T00:51:05","guid":{"rendered":"https:\/\/portal.uern.br\/fafic\/?page_id=1156"},"modified":"2023-10-11T21:54:26","modified_gmt":"2023-10-12T00:54:26","slug":"lancamento-de-livros","status":"publish","type":"page","link":"https:\/\/portal.uern.br\/fafic\/lancamento-de-livros\/","title":{"rendered":"Lan\u00e7amento de livros"},"content":{"rendered":"<p>P\u00e1gina em constru\u00e7\u00e3o.<\/p>\n","protected":false},"excerpt":{"rendered":"<p>P\u00e1gina em constru\u00e7\u00e3o.<\/p>\n","protected":false},"author":3,"featured_media":0,"parent":0,"menu_order":0,"comment_status":"closed","ping_status":"closed","template":"","meta":{"footnotes":""},"class_list":["post-1156","page","type-page","status-publish","hentry"],"_links":{"self":[{"href":"https:\/\/portal.uern.br\/fafic\/wp-json\/wp\/v2\/pages\/1156","targetHints":{"allow":["GET"]}}],"collection":[{"href":"https:\/\/portal.uern.br\/fafic\/wp-json\/wp\/v2\/pages"}],"about":[{"href":"https:\/\/portal.uern.br\/fafic\/wp-json\/wp\/v2\/types\/page"}],"author":[{"embeddable":true,"href":"https:\/\/portal.uern.br\/fafic\/wp-json\/wp\/v2\/users\/3"}],"replies":[{"embeddable":true,"href":"https:\/\/portal.uern.br\/fafic\/wp-json\/wp\/v2\/comments?post=1156"}],"version-history":[{"count":3,"href":"https:\/\/portal.uern.br\/fafic\/wp-json\/wp\/v2\/pages\/1156\/revisions"}],"predecessor-version":[{"id":1166,"href":"https:\/\/portal.uern.br\/fafic\/wp-json\/wp\/v2\/pages\/1156\/revisions\/1166"}],"wp:attachment":[{"href":"https:\/\/portal.uern.br\/fafic\/wp-json\/wp\/v2\/media?parent=1156"}],"curies":[{"name":"wp","href":"https:\/\/api.w.org\/{rel}","templated":true}]}}