{"id":1154,"date":"2023-10-11T21:51:26","date_gmt":"2023-10-12T00:51:26","guid":{"rendered":"https:\/\/portal.uern.br\/fafic\/?page_id=1154"},"modified":"2023-10-11T21:54:03","modified_gmt":"2023-10-12T00:54:03","slug":"sessao-de-programas-formativos","status":"publish","type":"page","link":"https:\/\/portal.uern.br\/fafic\/sessao-de-programas-formativos\/","title":{"rendered":"Sess\u00e3o de Programas Formativos"},"content":{"rendered":"<p>P\u00e1gina em constru\u00e7\u00e3o.<\/p>\n","protected":false},"excerpt":{"rendered":"<p>P\u00e1gina em constru\u00e7\u00e3o.<\/p>\n","protected":false},"author":3,"featured_media":0,"parent":0,"menu_order":0,"comment_status":"closed","ping_status":"closed","template":"","meta":{"footnotes":""},"class_list":["post-1154","page","type-page","status-publish","hentry"],"_links":{"self":[{"href":"https:\/\/portal.uern.br\/fafic\/wp-json\/wp\/v2\/pages\/1154","targetHints":{"allow":["GET"]}}],"collection":[{"href":"https:\/\/portal.uern.br\/fafic\/wp-json\/wp\/v2\/pages"}],"about":[{"href":"https:\/\/portal.uern.br\/fafic\/wp-json\/wp\/v2\/types\/page"}],"author":[{"embeddable":true,"href":"https:\/\/portal.uern.br\/fafic\/wp-json\/wp\/v2\/users\/3"}],"replies":[{"embeddable":true,"href":"https:\/\/portal.uern.br\/fafic\/wp-json\/wp\/v2\/comments?post=1154"}],"version-history":[{"count":2,"href":"https:\/\/portal.uern.br\/fafic\/wp-json\/wp\/v2\/pages\/1154\/revisions"}],"predecessor-version":[{"id":1167,"href":"https:\/\/portal.uern.br\/fafic\/wp-json\/wp\/v2\/pages\/1154\/revisions\/1167"}],"wp:attachment":[{"href":"https:\/\/portal.uern.br\/fafic\/wp-json\/wp\/v2\/media?parent=1154"}],"curies":[{"name":"wp","href":"https:\/\/api.w.org\/{rel}","templated":true}]}}