{"id":1152,"date":"2023-10-11T21:51:47","date_gmt":"2023-10-12T00:51:47","guid":{"rendered":"https:\/\/portal.uern.br\/fafic\/?page_id=1152"},"modified":"2023-10-11T21:54:08","modified_gmt":"2023-10-12T00:54:08","slug":"minicursos","status":"publish","type":"page","link":"https:\/\/portal.uern.br\/fafic\/minicursos\/","title":{"rendered":"Minicursos"},"content":{"rendered":"<p>P\u00e1gina em constru\u00e7\u00e3o.<\/p>\n","protected":false},"excerpt":{"rendered":"<p>P\u00e1gina em constru\u00e7\u00e3o.<\/p>\n","protected":false},"author":3,"featured_media":0,"parent":0,"menu_order":0,"comment_status":"closed","ping_status":"closed","template":"","meta":{"footnotes":""},"class_list":["post-1152","page","type-page","status-publish","hentry"],"_links":{"self":[{"href":"https:\/\/portal.uern.br\/fafic\/wp-json\/wp\/v2\/pages\/1152","targetHints":{"allow":["GET"]}}],"collection":[{"href":"https:\/\/portal.uern.br\/fafic\/wp-json\/wp\/v2\/pages"}],"about":[{"href":"https:\/\/portal.uern.br\/fafic\/wp-json\/wp\/v2\/types\/page"}],"author":[{"embeddable":true,"href":"https:\/\/portal.uern.br\/fafic\/wp-json\/wp\/v2\/users\/3"}],"replies":[{"embeddable":true,"href":"https:\/\/portal.uern.br\/fafic\/wp-json\/wp\/v2\/comments?post=1152"}],"version-history":[{"count":2,"href":"https:\/\/portal.uern.br\/fafic\/wp-json\/wp\/v2\/pages\/1152\/revisions"}],"predecessor-version":[{"id":1168,"href":"https:\/\/portal.uern.br\/fafic\/wp-json\/wp\/v2\/pages\/1152\/revisions\/1168"}],"wp:attachment":[{"href":"https:\/\/portal.uern.br\/fafic\/wp-json\/wp\/v2\/media?parent=1152"}],"curies":[{"name":"wp","href":"https:\/\/api.w.org\/{rel}","templated":true}]}}