{"id":1150,"date":"2023-10-11T21:52:07","date_gmt":"2023-10-12T00:52:07","guid":{"rendered":"https:\/\/portal.uern.br\/fafic\/?page_id=1150"},"modified":"2023-10-11T21:54:13","modified_gmt":"2023-10-12T00:54:13","slug":"simposios-tematicos","status":"publish","type":"page","link":"https:\/\/portal.uern.br\/fafic\/simposios-tematicos\/","title":{"rendered":"Simp\u00f3sios Tem\u00e1ticos"},"content":{"rendered":"<p>P\u00e1gina em constru\u00e7\u00e3o.<\/p>\n","protected":false},"excerpt":{"rendered":"<p>P\u00e1gina em constru\u00e7\u00e3o.<\/p>\n","protected":false},"author":3,"featured_media":0,"parent":0,"menu_order":0,"comment_status":"closed","ping_status":"closed","template":"","meta":{"footnotes":""},"class_list":["post-1150","page","type-page","status-publish","hentry"],"_links":{"self":[{"href":"https:\/\/portal.uern.br\/fafic\/wp-json\/wp\/v2\/pages\/1150","targetHints":{"allow":["GET"]}}],"collection":[{"href":"https:\/\/portal.uern.br\/fafic\/wp-json\/wp\/v2\/pages"}],"about":[{"href":"https:\/\/portal.uern.br\/fafic\/wp-json\/wp\/v2\/types\/page"}],"author":[{"embeddable":true,"href":"https:\/\/portal.uern.br\/fafic\/wp-json\/wp\/v2\/users\/3"}],"replies":[{"embeddable":true,"href":"https:\/\/portal.uern.br\/fafic\/wp-json\/wp\/v2\/comments?post=1150"}],"version-history":[{"count":2,"href":"https:\/\/portal.uern.br\/fafic\/wp-json\/wp\/v2\/pages\/1150\/revisions"}],"predecessor-version":[{"id":1169,"href":"https:\/\/portal.uern.br\/fafic\/wp-json\/wp\/v2\/pages\/1150\/revisions\/1169"}],"wp:attachment":[{"href":"https:\/\/portal.uern.br\/fafic\/wp-json\/wp\/v2\/media?parent=1150"}],"curies":[{"name":"wp","href":"https:\/\/api.w.org\/{rel}","templated":true}]}}