{"id":1144,"date":"2023-10-11T21:39:04","date_gmt":"2023-10-12T00:39:04","guid":{"rendered":"https:\/\/portal.uern.br\/fafic\/?page_id=1144"},"modified":"2023-10-11T21:53:46","modified_gmt":"2023-10-12T00:53:46","slug":"inscricao","status":"publish","type":"page","link":"https:\/\/portal.uern.br\/fafic\/inscricao\/","title":{"rendered":"Inscri\u00e7\u00e3o"},"content":{"rendered":"<p>Para participar da VI Semana de Humanidades, seja apenas como ouvinte ou apresentando trabalhos\/experi\u00eancias acad\u00eamicas, basta preencher o formul\u00e1rio a seguir: <a href=\"https:\/\/docs.google.com\/forms\/d\/e\/1FAIpQLSdOYDlFGozFycK0f2Hi6jJUydKMmofBji-ciWJYzPXuMOHoiA\/viewform\">clique aqui<\/a><\/p>\n","protected":false},"excerpt":{"rendered":"<p>Para participar da VI Semana de Humanidades, seja apenas como ouvinte ou apresentando trabalhos\/experi\u00eancias acad\u00eamicas, basta preencher o formul\u00e1rio a seguir: clique aqui<\/p>\n","protected":false},"author":3,"featured_media":0,"parent":0,"menu_order":0,"comment_status":"closed","ping_status":"closed","template":"","meta":{"footnotes":""},"class_list":["post-1144","page","type-page","status-publish","hentry"],"_links":{"self":[{"href":"https:\/\/portal.uern.br\/fafic\/wp-json\/wp\/v2\/pages\/1144","targetHints":{"allow":["GET"]}}],"collection":[{"href":"https:\/\/portal.uern.br\/fafic\/wp-json\/wp\/v2\/pages"}],"about":[{"href":"https:\/\/portal.uern.br\/fafic\/wp-json\/wp\/v2\/types\/page"}],"author":[{"embeddable":true,"href":"https:\/\/portal.uern.br\/fafic\/wp-json\/wp\/v2\/users\/3"}],"replies":[{"embeddable":true,"href":"https:\/\/portal.uern.br\/fafic\/wp-json\/wp\/v2\/comments?post=1144"}],"version-history":[{"count":1,"href":"https:\/\/portal.uern.br\/fafic\/wp-json\/wp\/v2\/pages\/1144\/revisions"}],"predecessor-version":[{"id":1145,"href":"https:\/\/portal.uern.br\/fafic\/wp-json\/wp\/v2\/pages\/1144\/revisions\/1145"}],"wp:attachment":[{"href":"https:\/\/portal.uern.br\/fafic\/wp-json\/wp\/v2\/media?parent=1144"}],"curies":[{"name":"wp","href":"https:\/\/api.w.org\/{rel}","templated":true}]}}