{"id":958,"date":"2024-08-30T11:53:33","date_gmt":"2024-08-30T14:53:33","guid":{"rendered":"https:\/\/portal.uern.br\/fafic\/historia\/?page_id=958"},"modified":"2024-08-30T11:57:02","modified_gmt":"2024-08-30T14:57:02","slug":"estagio-obrigatorio","status":"publish","type":"page","link":"https:\/\/portal.uern.br\/fafic\/historia\/estagio-obrigatorio\/","title":{"rendered":"Est\u00e1gio obrigat\u00f3rio"},"content":{"rendered":"<p>Escolas p\u00fablicas estaduais e municipais localizadas em Mossor\u00f3-RN.<\/p>\n","protected":false},"excerpt":{"rendered":"<p>Escolas p\u00fablicas estaduais e municipais localizadas em Mossor\u00f3-RN.<\/p>\n","protected":false},"author":8,"featured_media":0,"parent":0,"menu_order":0,"comment_status":"closed","ping_status":"closed","template":"","meta":{"footnotes":""},"class_list":["post-958","page","type-page","status-publish","hentry"],"_links":{"self":[{"href":"https:\/\/portal.uern.br\/fafic\/historia\/wp-json\/wp\/v2\/pages\/958","targetHints":{"allow":["GET"]}}],"collection":[{"href":"https:\/\/portal.uern.br\/fafic\/historia\/wp-json\/wp\/v2\/pages"}],"about":[{"href":"https:\/\/portal.uern.br\/fafic\/historia\/wp-json\/wp\/v2\/types\/page"}],"author":[{"embeddable":true,"href":"https:\/\/portal.uern.br\/fafic\/historia\/wp-json\/wp\/v2\/users\/8"}],"replies":[{"embeddable":true,"href":"https:\/\/portal.uern.br\/fafic\/historia\/wp-json\/wp\/v2\/comments?post=958"}],"version-history":[{"count":3,"href":"https:\/\/portal.uern.br\/fafic\/historia\/wp-json\/wp\/v2\/pages\/958\/revisions"}],"predecessor-version":[{"id":961,"href":"https:\/\/portal.uern.br\/fafic\/historia\/wp-json\/wp\/v2\/pages\/958\/revisions\/961"}],"wp:attachment":[{"href":"https:\/\/portal.uern.br\/fafic\/historia\/wp-json\/wp\/v2\/media?parent=958"}],"curies":[{"name":"wp","href":"https:\/\/api.w.org\/{rel}","templated":true}]}}