{"id":928,"date":"2024-08-30T10:10:28","date_gmt":"2024-08-30T13:10:28","guid":{"rendered":"https:\/\/portal.uern.br\/fafic\/historia\/?page_id=928"},"modified":"2024-08-30T11:08:42","modified_gmt":"2024-08-30T14:08:42","slug":"cose","status":"publish","type":"page","link":"https:\/\/portal.uern.br\/fafic\/historia\/cose\/","title":{"rendered":"Cose"},"content":{"rendered":"<p><strong>Integrantes<\/strong><\/p>\n<p>Valdeci dos Santos Junior (Coordenador);<\/p>\n<p>Francisco Linhares Fonteles Neto (docente do curso de Hist\u00f3ria);<\/p>\n<p>Jos\u00e9 In\u00e1cio da Costa Sobrinho (servidor t\u00e9cnico-administrativo); e<\/p>\n<p>Lucas Felipe Carlos do Nascimento (discente do curso de Hist\u00f3ria).<\/p>\n<p>&nbsp;<\/p>\n<p><a href=\"https:\/\/drive.google.com\/file\/d\/1Bo1NOyuZ3UUe8b8cfpcUacwO4SPVkxoy\/view?usp=sharing\">Portaria Cose &#8211; 09 de mar\u00e7o 2023<\/a><\/p>\n","protected":false},"excerpt":{"rendered":"<p>Integrantes Valdeci dos Santos Junior (Coordenador); Francisco Linhares Fonteles Neto (docente do curso de Hist\u00f3ria); Jos\u00e9 In\u00e1cio da Costa Sobrinho (servidor t\u00e9cnico-administrativo); e Lucas Felipe Carlos do Nascimento (discente do curso de Hist\u00f3ria). &nbsp; Portaria Cose &#8211; 09 de mar\u00e7o 2023<\/p>\n","protected":false},"author":8,"featured_media":0,"parent":0,"menu_order":0,"comment_status":"closed","ping_status":"closed","template":"","meta":{"footnotes":""},"class_list":["post-928","page","type-page","status-publish","hentry"],"_links":{"self":[{"href":"https:\/\/portal.uern.br\/fafic\/historia\/wp-json\/wp\/v2\/pages\/928","targetHints":{"allow":["GET"]}}],"collection":[{"href":"https:\/\/portal.uern.br\/fafic\/historia\/wp-json\/wp\/v2\/pages"}],"about":[{"href":"https:\/\/portal.uern.br\/fafic\/historia\/wp-json\/wp\/v2\/types\/page"}],"author":[{"embeddable":true,"href":"https:\/\/portal.uern.br\/fafic\/historia\/wp-json\/wp\/v2\/users\/8"}],"replies":[{"embeddable":true,"href":"https:\/\/portal.uern.br\/fafic\/historia\/wp-json\/wp\/v2\/comments?post=928"}],"version-history":[{"count":3,"href":"https:\/\/portal.uern.br\/fafic\/historia\/wp-json\/wp\/v2\/pages\/928\/revisions"}],"predecessor-version":[{"id":943,"href":"https:\/\/portal.uern.br\/fafic\/historia\/wp-json\/wp\/v2\/pages\/928\/revisions\/943"}],"wp:attachment":[{"href":"https:\/\/portal.uern.br\/fafic\/historia\/wp-json\/wp\/v2\/media?parent=928"}],"curies":[{"name":"wp","href":"https:\/\/api.w.org\/{rel}","templated":true}]}}