{"id":926,"date":"2024-08-30T10:09:10","date_gmt":"2024-08-30T13:09:10","guid":{"rendered":"https:\/\/portal.uern.br\/fafic\/historia\/?page_id=926"},"modified":"2024-08-30T11:03:58","modified_gmt":"2024-08-30T14:03:58","slug":"nde","status":"publish","type":"page","link":"https:\/\/portal.uern.br\/fafic\/historia\/nde\/","title":{"rendered":"NDE"},"content":{"rendered":"<p><strong>Integrantes<\/strong><\/p>\n<p>Leonardo C\u00e2ndido Rolim (Coordenador);<\/p>\n<p>Aryana Lima Costa (Vice-coordenadora);<\/p>\n<p>Andr\u00e9 Victor Cavalcanti Seal da Cunha (Membro);<\/p>\n<p>Valdeci dos Santos J\u00fanior (Membro); e<\/p>\n<p>Francisco Linhares Fonteles Neto (Membro).<\/p>\n<p>&nbsp;<\/p>\n<p><a href=\"https:\/\/drive.google.com\/file\/d\/1cL4DdSdl02rfuVjXxBvYFdSucmcbt2t3\/view?usp=sharing\">Portaria NDE &#8211; 20 de julho de 2024<\/a><\/p>\n<p>&nbsp;<\/p>\n","protected":false},"excerpt":{"rendered":"<p>Integrantes Leonardo C\u00e2ndido Rolim (Coordenador); Aryana Lima Costa (Vice-coordenadora); Andr\u00e9 Victor Cavalcanti Seal da Cunha (Membro); Valdeci dos Santos J\u00fanior (Membro); e Francisco Linhares Fonteles Neto (Membro). &nbsp; Portaria NDE &#8211; 20 de julho de 2024 &nbsp;<\/p>\n","protected":false},"author":8,"featured_media":0,"parent":0,"menu_order":0,"comment_status":"closed","ping_status":"closed","template":"","meta":{"footnotes":""},"class_list":["post-926","page","type-page","status-publish","hentry"],"_links":{"self":[{"href":"https:\/\/portal.uern.br\/fafic\/historia\/wp-json\/wp\/v2\/pages\/926","targetHints":{"allow":["GET"]}}],"collection":[{"href":"https:\/\/portal.uern.br\/fafic\/historia\/wp-json\/wp\/v2\/pages"}],"about":[{"href":"https:\/\/portal.uern.br\/fafic\/historia\/wp-json\/wp\/v2\/types\/page"}],"author":[{"embeddable":true,"href":"https:\/\/portal.uern.br\/fafic\/historia\/wp-json\/wp\/v2\/users\/8"}],"replies":[{"embeddable":true,"href":"https:\/\/portal.uern.br\/fafic\/historia\/wp-json\/wp\/v2\/comments?post=926"}],"version-history":[{"count":3,"href":"https:\/\/portal.uern.br\/fafic\/historia\/wp-json\/wp\/v2\/pages\/926\/revisions"}],"predecessor-version":[{"id":941,"href":"https:\/\/portal.uern.br\/fafic\/historia\/wp-json\/wp\/v2\/pages\/926\/revisions\/941"}],"wp:attachment":[{"href":"https:\/\/portal.uern.br\/fafic\/historia\/wp-json\/wp\/v2\/media?parent=926"}],"curies":[{"name":"wp","href":"https:\/\/api.w.org\/{rel}","templated":true}]}}