{"id":924,"date":"2024-08-30T10:08:47","date_gmt":"2024-08-30T13:08:47","guid":{"rendered":"https:\/\/portal.uern.br\/fafic\/historia\/?page_id=924"},"modified":"2024-08-30T10:43:37","modified_gmt":"2024-08-30T13:43:37","slug":"tecnicos","status":"publish","type":"page","link":"https:\/\/portal.uern.br\/fafic\/historia\/tecnicos\/","title":{"rendered":"T\u00e9cnicos"},"content":{"rendered":"<table width=\"100%\" cellspacing=\"0\" cellpadding=\"5\">\n<tbody>\n<tr valign=\"top\">\n<td width=\"38%\">\n<p align=\"center\"><span style=\"color: #000000\"><span style=\"font-family: Arial\"><b>Nome Completo<\/b><\/span><\/span><\/p>\n<\/td>\n<td width=\"62%\">\n<p align=\"center\"><span style=\"color: #000000\"><span style=\"font-family: Arial\"><b>Cargo\/Fun\u00e7\u00e3o<\/b><\/span><\/span><\/p>\n<\/td>\n<\/tr>\n<tr valign=\"top\">\n<td width=\"38%\">\n<p align=\"left\"><span style=\"color: #000000\">Aryanne S\u00e9rgia Queiroz de Oliveira <\/span><\/p>\n<\/td>\n<td width=\"62%\">\n<p align=\"left\"><span style=\"color: #000000\">T\u00e9cnico administrativo<\/span><\/p>\n<\/td>\n<\/tr>\n<tr valign=\"top\">\n<td width=\"38%\">\n<p align=\"left\"><span style=\"color: #000000\">Jos\u00e9 In\u00e1cio da Costa Sobrinho<\/span><\/p>\n<\/td>\n<td width=\"62%\">\n<p align=\"left\"><span style=\"color: #000000\">T\u00e9cnico administrativo\/ Secret\u00e1rio de Departamento<\/span><\/p>\n<\/td>\n<\/tr>\n<\/tbody>\n<\/table>\n","protected":false},"excerpt":{"rendered":"<p>Nome Completo Cargo\/Fun\u00e7\u00e3o Aryanne S\u00e9rgia Queiroz de Oliveira T\u00e9cnico administrativo Jos\u00e9 In\u00e1cio da Costa Sobrinho T\u00e9cnico administrativo\/ Secret\u00e1rio de Departamento<\/p>\n","protected":false},"author":8,"featured_media":0,"parent":0,"menu_order":0,"comment_status":"closed","ping_status":"closed","template":"","meta":{"footnotes":""},"class_list":["post-924","page","type-page","status-publish","hentry"],"_links":{"self":[{"href":"https:\/\/portal.uern.br\/fafic\/historia\/wp-json\/wp\/v2\/pages\/924","targetHints":{"allow":["GET"]}}],"collection":[{"href":"https:\/\/portal.uern.br\/fafic\/historia\/wp-json\/wp\/v2\/pages"}],"about":[{"href":"https:\/\/portal.uern.br\/fafic\/historia\/wp-json\/wp\/v2\/types\/page"}],"author":[{"embeddable":true,"href":"https:\/\/portal.uern.br\/fafic\/historia\/wp-json\/wp\/v2\/users\/8"}],"replies":[{"embeddable":true,"href":"https:\/\/portal.uern.br\/fafic\/historia\/wp-json\/wp\/v2\/comments?post=924"}],"version-history":[{"count":3,"href":"https:\/\/portal.uern.br\/fafic\/historia\/wp-json\/wp\/v2\/pages\/924\/revisions"}],"predecessor-version":[{"id":939,"href":"https:\/\/portal.uern.br\/fafic\/historia\/wp-json\/wp\/v2\/pages\/924\/revisions\/939"}],"wp:attachment":[{"href":"https:\/\/portal.uern.br\/fafic\/historia\/wp-json\/wp\/v2\/media?parent=924"}],"curies":[{"name":"wp","href":"https:\/\/api.w.org\/{rel}","templated":true}]}}