{"id":920,"date":"2024-08-30T10:07:07","date_gmt":"2024-08-30T13:07:07","guid":{"rendered":"https:\/\/portal.uern.br\/fafic\/historia\/?page_id=920"},"modified":"2024-08-30T11:35:40","modified_gmt":"2024-08-30T14:35:40","slug":"docentes","status":"publish","type":"page","link":"https:\/\/portal.uern.br\/fafic\/historia\/docentes\/","title":{"rendered":"Docentes"},"content":{"rendered":"<table width=\"100%\">\n<tbody>\n<tr>\n<td width=\"25%\"><strong>Nome Completo<\/strong><\/td>\n<td width=\"25%\"><strong>Titula\u00e7\u00e3o M\u00e1xima<\/strong><\/td>\n<td width=\"25%\"><strong>V\u00ednculo Empregat\u00edcio<\/strong><\/td>\n<td width=\"25%\"><strong>link do curr\u00edculo Lattes<\/strong><\/td>\n<\/tr>\n<tr>\n<td width=\"25%\">Andr\u00e9 Victor Cavalcanti Seal da Cunha<\/td>\n<td width=\"25%\">Doutor<\/td>\n<td width=\"25%\">Efetivo<\/td>\n<td width=\"25%\"><a href=\"http:\/\/lattes.cnpq.br\/0036287571083389\"><u>http:\/\/lattes.cnpq.br\/0036287571083389<\/u><\/a><\/td>\n<\/tr>\n<tr>\n<td width=\"25%\">Aryana Lima Costa<\/td>\n<td width=\"25%\">Doutora (Est\u00e1gio P\u00f3s-doutoral)<\/td>\n<td width=\"25%\">Efetiva<\/td>\n<td width=\"25%\"><a href=\"http:\/\/lattes.cnpq.br\/2062062013289722\"><u>http:\/\/lattes.cnpq.br\/2062062013289722<\/u><\/a><\/td>\n<\/tr>\n<tr>\n<td width=\"25%\">Carlos Eduardo Martins Torcato<\/td>\n<td width=\"25%\">Doutor<\/td>\n<td width=\"25%\">Efetivo<\/td>\n<td width=\"25%\"><a href=\"http:\/\/lattes.cnpq.br\/5345309977704153\"><u>http:\/\/lattes.cnpq.br\/5345309977704153<\/u><\/a><\/td>\n<\/tr>\n<tr>\n<td width=\"25%\">Francisco Fabiano de Freitas Mendes<\/td>\n<td width=\"25%\">Doutor<\/td>\n<td width=\"25%\">Efetivo<\/td>\n<td width=\"25%\"><a href=\"http:\/\/lattes.cnpq.br\/7845344312617032\"><u>http:\/\/lattes.cnpq.br\/7845344312617032<\/u><\/a><\/td>\n<\/tr>\n<tr>\n<td width=\"25%\">Francisco Linhares Fonteles Neto<\/td>\n<td width=\"25%\">Doutor (Est\u00e1gio P\u00f3s-doutoral)<\/td>\n<td width=\"25%\">Efetivo<\/td>\n<td width=\"25%\"><a href=\"http:\/\/lattes.cnpq.br\/2722115247940091\"><u>http:\/\/lattes.cnpq.br\/2722115247940091<\/u><\/a><\/td>\n<\/tr>\n<tr>\n<td width=\"25%\">Lemuel Rodrigues da Silva<\/td>\n<td width=\"25%\">P\u00f3s-doutor (Est\u00e1gio P\u00f3s-doutoral)<\/td>\n<td width=\"25%\">Efetivo<\/td>\n<td width=\"25%\"><a href=\"http:\/\/lattes.cnpq.br\/5816005449693385\"><u>http:\/\/lattes.cnpq.br\/5816005449693385<\/u><\/a><\/td>\n<\/tr>\n<tr>\n<td width=\"25%\">Leonardo C\u00e2ndido Rolim<\/td>\n<td width=\"25%\">Doutor<\/td>\n<td width=\"25%\">Efetivo<\/td>\n<td width=\"25%\"><a href=\"http:\/\/lattes.cnpq.br\/8298520277046604\"><u>http:\/\/lattes.cnpq.br\/8298520277046604<\/u><\/a><\/td>\n<\/tr>\n<tr>\n<td width=\"25%\">Lindercy Francisco Tom\u00e9 de Souza Lins<\/td>\n<td width=\"25%\">Doutor<\/td>\n<td width=\"25%\">Efetivo<\/td>\n<td width=\"25%\"><a href=\"http:\/\/lattes.cnpq.br\/5604004020077955\"><u>http:\/\/lattes.cnpq.br\/5604004020077955<\/u><\/a><\/td>\n<\/tr>\n<tr>\n<td width=\"25%\">Marc\u00edlio Lima Falc\u00e3o<\/td>\n<td width=\"25%\">Doutor<\/td>\n<td width=\"25%\">Efetivo<\/td>\n<td width=\"25%\"><a href=\"http:\/\/lattes.cnpq.br\/5594231476327875\"><u>http:\/\/lattes.cnpq.br\/5594231476327875<\/u><\/a><\/td>\n<\/tr>\n<tr>\n<td width=\"25%\">Valdeci dos Santos J\u00fanior<\/td>\n<td width=\"25%\">P\u00f3s-doutor (Est\u00e1gio P\u00f3s-doutoral)<\/td>\n<td width=\"25%\">Efetivo<\/td>\n<td width=\"25%\"><a href=\"http:\/\/lattes.cnpq.br\/5748382599024802\"><u>http:\/\/lattes.cnpq.br\/5748382599024802<\/u><\/a><\/td>\n<\/tr>\n<tr>\n<td width=\"25%\">Tatianne Ellen Cavalcante Silva<\/td>\n<td width=\"25%\">Doutora<\/td>\n<td width=\"25%\">Tempor\u00e1ria<\/td>\n<td width=\"25%\"><a href=\"http:\/\/lattes.cnpq.br\/4671008722416222\"><u>http:\/\/lattes.cnpq.br\/4671008722416222<\/u><\/a><\/td>\n<\/tr>\n<\/tbody>\n<\/table>\n","protected":false},"excerpt":{"rendered":"<p>Nome Completo Titula\u00e7\u00e3o M\u00e1xima V\u00ednculo Empregat\u00edcio link do curr\u00edculo Lattes Andr\u00e9 Victor Cavalcanti Seal da Cunha Doutor Efetivo http:\/\/lattes.cnpq.br\/0036287571083389 Aryana Lima Costa Doutora (Est\u00e1gio P\u00f3s-doutoral) Efetiva http:\/\/lattes.cnpq.br\/2062062013289722 Carlos Eduardo Martins Torcato Doutor Efetivo http:\/\/lattes.cnpq.br\/5345309977704153 Francisco Fabiano de Freitas Mendes Doutor Efetivo http:\/\/lattes.cnpq.br\/7845344312617032 Francisco Linhares Fonteles Neto Doutor (Est\u00e1gio P\u00f3s-doutoral) Efetivo http:\/\/lattes.cnpq.br\/2722115247940091 Lemuel Rodrigues da Silva [&hellip;]<\/p>\n","protected":false},"author":8,"featured_media":0,"parent":0,"menu_order":0,"comment_status":"closed","ping_status":"closed","template":"","meta":{"footnotes":""},"class_list":["post-920","page","type-page","status-publish","hentry"],"_links":{"self":[{"href":"https:\/\/portal.uern.br\/fafic\/historia\/wp-json\/wp\/v2\/pages\/920","targetHints":{"allow":["GET"]}}],"collection":[{"href":"https:\/\/portal.uern.br\/fafic\/historia\/wp-json\/wp\/v2\/pages"}],"about":[{"href":"https:\/\/portal.uern.br\/fafic\/historia\/wp-json\/wp\/v2\/types\/page"}],"author":[{"embeddable":true,"href":"https:\/\/portal.uern.br\/fafic\/historia\/wp-json\/wp\/v2\/users\/8"}],"replies":[{"embeddable":true,"href":"https:\/\/portal.uern.br\/fafic\/historia\/wp-json\/wp\/v2\/comments?post=920"}],"version-history":[{"count":5,"href":"https:\/\/portal.uern.br\/fafic\/historia\/wp-json\/wp\/v2\/pages\/920\/revisions"}],"predecessor-version":[{"id":957,"href":"https:\/\/portal.uern.br\/fafic\/historia\/wp-json\/wp\/v2\/pages\/920\/revisions\/957"}],"wp:attachment":[{"href":"https:\/\/portal.uern.br\/fafic\/historia\/wp-json\/wp\/v2\/media?parent=920"}],"curies":[{"name":"wp","href":"https:\/\/api.w.org\/{rel}","templated":true}]}}