{"id":869,"date":"2024-09-18T12:58:54","date_gmt":"2024-09-18T15:58:54","guid":{"rendered":"https:\/\/portal.uern.br\/fafic\/filosofia\/?page_id=869"},"modified":"2024-09-18T20:32:49","modified_gmt":"2024-09-18T23:32:49","slug":"monografias","status":"publish","type":"page","link":"https:\/\/portal.uern.br\/fafic\/filosofia\/monografias\/","title":{"rendered":"Monografias"},"content":{"rendered":"<table style=\"width: 100%;border-collapse: collapse;border-style: solid\">\n<caption>\u00a0<\/caption>\n<tbody>\n<tr>\n<td style=\"width: 186.182%;text-align: center\" colspan=\"5\"><strong>2024.1<\/strong><\/td>\n<\/tr>\n<tr>\n<td style=\"width: 2.68311%;text-align: center\"><strong>\u00a0<\/strong><\/td>\n<td style=\"width: 21.6502%;text-align: center\"><strong>Discente<\/strong><\/td>\n<td style=\"width: 40.7827%;text-align: center\"><strong>T\u00edtulo<\/strong><\/td>\n<td style=\"width: 14.9683%;text-align: center\"><strong>Orientador<\/strong><\/td>\n<td style=\"width: 106.098%;text-align: center\"><strong>Banca<\/strong><\/td>\n<\/tr>\n<tr>\n<td style=\"width: 2.68311%\">01<\/td>\n<td style=\"width: 21.6502%\">Viviane Siarlini Lucena<\/td>\n<td style=\"width: 40.7827%\">A beleza corp\u00f3rea e incorp\u00f3rea a partir de h\u00edpias maior em Plat\u00e3o<\/td>\n<td style=\"width: 14.9683%;text-align: center\">Telmir de Souza Soares<\/td>\n<td style=\"width: 106.098%\">Ant\u00f4nio Pereira J\u00fanior Maria Veral\u00facia Pessoa Porto<\/td>\n<\/tr>\n<tr>\n<td style=\"width: 2.68311%\">02<\/td>\n<td style=\"width: 21.6502%\">Jo\u00e3o Wesley de Aquino Ara\u00fajo<\/td>\n<td style=\"width: 40.7827%\">Os aspectos negativos advindos das ci\u00eancias e das artes na transi\u00e7\u00e3o do homem de seu estado de natureza para a sociedade civil em Rousseau<\/td>\n<td style=\"width: 14.9683%;text-align: center\">Telmir de Souza Soares<\/td>\n<td style=\"width: 106.098%\">Ant\u00f4nio Pereira J\u00fanior Maria Veral\u00facia Pessoa Porto<\/td>\n<\/tr>\n<tr>\n<td style=\"width: 2.68311%\">03<\/td>\n<td style=\"width: 21.6502%\">Ant\u00f4nio Danilo Ferreira de Oliveira<\/td>\n<td style=\"width: 40.7827%\">A quest\u00e3o do sofrimento na filosofia de Schopenhauer: caminhos para uma liberta\u00e7\u00e3o<\/td>\n<td style=\"width: 14.9683%;text-align: center\">Francisco Ramos Neves<\/td>\n<td style=\"width: 106.098%\">Silvana Maria Santiago Josailton Fernandes de Mendon\u00e7a<\/td>\n<\/tr>\n<\/tbody>\n<\/table>\n<p>&nbsp;<\/p>\n<table style=\"width: 100%;border-collapse: collapse;border-style: solid\">\n<caption>\u00a0<\/caption>\n<tbody>\n<tr>\n<td style=\"width: 186.182%;text-align: center\" colspan=\"5\"><strong>2023.2<\/strong><\/td>\n<\/tr>\n<tr>\n<td style=\"width: 2.68311%\"><strong>\u00a0<\/strong><\/td>\n<td style=\"width: 21.6502%;text-align: center\"><strong>Discente<\/strong><\/td>\n<td style=\"width: 37.3019%;text-align: center\"><strong>T\u00edtulo<\/strong><\/td>\n<td style=\"width: 18.4491%;text-align: center\"><strong>Orientador<\/strong><\/td>\n<td style=\"width: 106.098%;text-align: center\"><strong>Banca<\/strong><\/td>\n<\/tr>\n<tr>\n<td style=\"width: 2.68311%\">01<\/td>\n<td style=\"width: 21.6502%\">Caio de Castro Lob\u00e3o<\/td>\n<td style=\"width: 37.3019%\">A eudaimonia como fundamento \u00e9tico-moral do agir humano no pensamento de Arist\u00f3teles<\/td>\n<td style=\"width: 18.4491%;text-align: center\">Maria Veral\u00facia Pessoa Porto<\/td>\n<td style=\"width: 106.098%\">Ant\u00f4nio Pereira J\u00fanior<\/p>\n<p>Telmir de Souza Soares<\/td>\n<\/tr>\n<tr>\n<td style=\"width: 2.68311%\">02<\/td>\n<td style=\"width: 21.6502%\">Carlos Daniel Lopes da Silva<\/td>\n<td style=\"width: 37.3019%\">A origem e o desenvolvimento da desigualdade social no segundo discurso de Jean-Jacques Rousseau<\/td>\n<td style=\"width: 18.4491%;text-align: center\">Telmir de Souza Soares<\/td>\n<td style=\"width: 106.098%\">Guilherme Paiva de Carvalho<\/p>\n<p>Maria Veral\u00facia Pessoa Porto<\/td>\n<\/tr>\n<tr>\n<td style=\"width: 2.68311%\">03<\/td>\n<td style=\"width: 21.6502%\">Francisco Alex Soares Matias<\/td>\n<td style=\"width: 37.3019%\">A felicidade como princ\u00edpio \u00e9tico em Arist\u00f3teles<\/td>\n<td style=\"width: 18.4491%;text-align: center\">Maria Veral\u00facia Pessoa Porto<\/td>\n<td style=\"width: 106.098%\">Ant\u00f4nio Pereira J\u00fanior<\/p>\n<p>Telmir de Souza Soares<\/td>\n<\/tr>\n<tr>\n<td style=\"width: 2.68311%\">04<\/td>\n<td style=\"width: 21.6502%\">Geovanna Raniely dos Santos Guerra<\/td>\n<td style=\"width: 37.3019%\">A est\u00e9tica do enclausuramento: uma investiga\u00e7\u00e3o acerca da percep\u00e7\u00e3o foucaultiana da loucura<\/td>\n<td style=\"width: 18.4491%;text-align: center\">Maria Veral\u00facia Pessoa Porto<\/td>\n<td style=\"width: 106.098%\">Telmir de Souza Soares<\/p>\n<p>Guilherme Paiva de Carvalho<\/td>\n<\/tr>\n<tr>\n<td style=\"width: 2.68311%\">05<\/td>\n<td style=\"width: 21.6502%\">Jos\u00e9 Marle de Queiroz Lucena<\/td>\n<td style=\"width: 37.3019%\">Da natureza \u00e0 raz\u00e3o, pedra c\u00fabica da paz filos\u00f3fica no estado de direito em Immanuel Kant<\/td>\n<td style=\"width: 18.4491%;text-align: center\">Francisco Ramos Neves<\/td>\n<td style=\"width: 106.098%\">Silvana Maria Santiago<\/p>\n<p>Josailton Fernandes de Mendon\u00e7a<\/td>\n<\/tr>\n<tr>\n<td style=\"width: 2.68311%\">06<\/td>\n<td style=\"width: 21.6502%\">Josivan Jos\u00e9 da Silva<\/td>\n<td style=\"width: 37.3019%\">O agir por puro dever na \u00e9tica kantiana<\/td>\n<td style=\"width: 18.4491%;text-align: center\">Francisco Ramos Neves<\/td>\n<td style=\"width: 106.098%\">Silvana Maria Santiago<\/p>\n<p>Josailton Fernandes de Mendon\u00e7a<\/td>\n<\/tr>\n<tr>\n<td style=\"width: 2.68311%\">07<\/td>\n<td style=\"width: 21.6502%\">Ketsia Raissa Souza Farias<\/td>\n<td style=\"width: 37.3019%\">O processo de subjetiva\u00e7\u00e3o do poder na constru\u00e7\u00e3o do espa\u00e7o feminino dentro da filosofia<\/td>\n<td style=\"width: 18.4491%;text-align: center\">Guilherme Paiva de Carvalho<\/td>\n<td style=\"width: 106.098%\">Maria Veral\u00facia Pessoa Porto<\/p>\n<p>Silvana Maria Santiago<\/td>\n<\/tr>\n<tr>\n<td style=\"width: 2.68311%\">08<\/td>\n<td style=\"width: 21.6502%\">Mizael Adam Vieira da Silva<\/td>\n<td style=\"width: 37.3019%\">O mito de s\u00edsifo como representa\u00e7\u00e3o ontol\u00f3gica do absurdo da condi\u00e7\u00e3o humana<\/td>\n<td style=\"width: 18.4491%;text-align: center\">Telmir de Souza Soares<\/td>\n<td style=\"width: 106.098%\">\u00c9lder Lacerda Queiroz<\/p>\n<p>Maria Veral\u00facia Pessoa Porto<\/td>\n<\/tr>\n<tr>\n<td style=\"width: 2.68311%\">09<\/td>\n<td style=\"width: 21.6502%\">Vinicius Emanuel Evangelista dos Santos<\/td>\n<td style=\"width: 37.3019%\">Exame do problema da verdade no De Veritate de Santo Tom\u00e1s de Aquino<\/td>\n<td style=\"width: 18.4491%;text-align: center\">Josa\u00edlton Fernandes de Mendon\u00e7a<\/td>\n<td style=\"width: 106.098%\">Ant\u00f4nio Pereira J\u00fanior<\/p>\n<p>Telmir de Souza Soares<\/td>\n<\/tr>\n<\/tbody>\n<\/table>\n<p>&nbsp;<\/p>\n<table style=\"height: 538px;width: 100%;border-collapse: collapse;border-style: solid\">\n<caption>\u00a0<\/caption>\n<tbody>\n<tr style=\"height: 10px\">\n<td style=\"width: 186.168%;height: 10px;text-align: center\" colspan=\"5\"><strong>2022.2<\/strong><\/td>\n<\/tr>\n<tr style=\"height: 24px\">\n<td style=\"width: 2.6686%;height: 24px;text-align: center\"><\/td>\n<td style=\"width: 21.6502%;height: 24px;text-align: center\"><strong>Discente<\/strong><\/td>\n<td style=\"width: 37.3019%;height: 24px;text-align: center\"><strong>T\u00edtulo<\/strong><\/td>\n<td style=\"width: 18.4491%;height: 24px;text-align: center\"><strong>Orientador<\/strong><\/td>\n<td style=\"width: 106.098%;height: 24px;text-align: center\"><strong>Banca<\/strong><\/td>\n<\/tr>\n<tr style=\"height: 48px\">\n<td style=\"width: 2.6686%;height: 48px\">01<\/td>\n<td style=\"width: 21.6502%;height: 48px\">D\u00e9bora Alves Mariano<\/td>\n<td style=\"width: 37.3019%;height: 48px\">G\u00eanero e educa\u00e7\u00e3o em N\u00edsia Floresta<\/td>\n<td style=\"width: 18.4491%;height: 48px;text-align: center\">Guilherme Paiva de Carvalho<\/td>\n<td style=\"width: 106.098%;height: 48px\">Andrea Moraes de Menezes<\/p>\n<p>Maria Veral\u00facia Pessoa Porto<\/td>\n<\/tr>\n<tr style=\"height: 48px\">\n<td style=\"width: 2.6686%;height: 48px\">02<\/td>\n<td style=\"width: 21.6502%;height: 48px\">Deyverson Fran\u00e7a da Silva<\/td>\n<td style=\"width: 37.3019%;height: 48px\">Psicopol\u00edtica e sociedade p\u00f3s-disciplinar: uma an\u00e1lise a partir da filosofia de Byung-Chul Han<\/td>\n<td style=\"width: 18.4491%;height: 48px;text-align: center\">Francisco Ramos Neves<\/td>\n<td style=\"width: 106.098%;height: 48px\">\u00c9lder Lacerda Queiroz<\/p>\n<p>Josa\u00edlton Fernandes de Mendon\u00e7a<\/td>\n<\/tr>\n<tr style=\"height: 48px\">\n<td style=\"width: 2.6686%;height: 48px\">03<\/td>\n<td style=\"width: 21.6502%;height: 48px\">Dom\u00edcio Gabriel Costa do Vale<\/td>\n<td style=\"width: 37.3019%;height: 48px\">Sartre e a quest\u00e3o do m\u00e9todo: considera\u00e7\u00f5es sobre uma integra\u00e7\u00e3o do existencialismo ao marxismo<\/td>\n<td style=\"width: 18.4491%;height: 48px;text-align: center\">Jo\u00e3o Bosco Brito do Nascimento<\/td>\n<td style=\"width: 106.098%;height: 48px\">Francisco Ramos Neves<\/p>\n<p>Silvana Maria Santiago<\/td>\n<\/tr>\n<tr style=\"height: 48px\">\n<td style=\"width: 2.6686%;height: 48px\">04<\/td>\n<td style=\"width: 21.6502%;height: 48px\">Francinaldo Dantas Nunes<\/td>\n<td style=\"width: 37.3019%;height: 48px\">Reflex\u00f5es sobre o conceito de amor em Erich Fromm<\/td>\n<td style=\"width: 18.4491%;height: 48px;text-align: center\">Francisco Ramos Neves<\/td>\n<td style=\"width: 106.098%;height: 48px\">Daniel Liberalino Monte<\/p>\n<p>\u00c9lder Lacerda Queiroz<\/td>\n<\/tr>\n<tr style=\"height: 48px\">\n<td style=\"width: 2.6686%;height: 48px\">05<\/td>\n<td style=\"width: 21.6502%;height: 48px\">Gerson Relva de Lima<\/td>\n<td style=\"width: 37.3019%;height: 48px\">Sobre o pensamento da complexidade em Edgar Morin<\/td>\n<td style=\"width: 18.4491%;height: 48px;text-align: center\">Francisco Ramos Neves<\/td>\n<td style=\"width: 106.098%;height: 48px\">Daniel Liberalino Monte<\/p>\n<p>Silvana Maria Santiago<\/td>\n<\/tr>\n<tr style=\"height: 48px\">\n<td style=\"width: 2.6686%;height: 48px\">06<\/td>\n<td style=\"width: 21.6502%;height: 48px\">Ildemberg Vital Nicolau<\/td>\n<td style=\"width: 37.3019%;height: 48px\">Import\u00e2ncia, significado e contribui\u00e7\u00f5es do &#8220;mito&#8221; segundo o pensamento de Claude Levi-Straus<\/td>\n<td style=\"width: 18.4491%;height: 48px;text-align: center\">Maria Veral\u00facia Pessoa Porto<\/td>\n<td style=\"width: 106.098%;height: 48px\">Francisco Assis da Costa Filho Ant\u00f4nio Pereira J\u00fanior<\/td>\n<\/tr>\n<tr style=\"height: 48px\">\n<td style=\"width: 2.6686%;height: 48px\">07<\/td>\n<td style=\"width: 21.6502%;height: 48px\">M\u00e1rcia Andrade Martins<\/td>\n<td style=\"width: 37.3019%;height: 48px\">Aloucura em Erasmo de Rotterdam: uma an\u00e1lise da obra &#8220;Elogio da Loucura&#8221;<\/td>\n<td style=\"width: 18.4491%;height: 48px;text-align: center\">Maria Veral\u00facia Pessoa Porto<\/td>\n<td style=\"width: 106.098%;height: 48px\">Ant\u00f4nio Pereira J\u00fanior<\/p>\n<p>Telmir de Souza Soares<\/td>\n<\/tr>\n<tr style=\"height: 72px\">\n<td style=\"width: 2.6686%;height: 72px\">08<\/td>\n<td style=\"width: 21.6502%;height: 72px\">Pedro Lucas C\u00e2mara Gurgel<\/td>\n<td style=\"width: 37.3019%;height: 72px\">De mentes inquietas \u00e0 mentes brilhantes: a contribui\u00e7\u00e3o da filosofia e a educa\u00e7\u00e3o de Em\u00edlio (Rousseau) para o estudante com TDAH<\/td>\n<td style=\"width: 18.4491%;height: 72px;text-align: center\">Telmir de Souza Soares<\/td>\n<td style=\"width: 106.098%;height: 72px\">\u00c9rica Patr\u00edcia da Silva Galv\u00e3o Medeiros Manoel Jarbas Vasconcelos Carvalho<\/td>\n<\/tr>\n<tr style=\"height: 48px\">\n<td style=\"width: 2.6686%;height: 48px\">09<\/td>\n<td style=\"width: 21.6502%;height: 48px\">Rafaela Melo dos Santos<\/td>\n<td style=\"width: 37.3019%;height: 48px\">A educa\u00e7\u00e3o como pr\u00e1tica da liberdade<\/td>\n<td style=\"width: 18.4491%;height: 48px;text-align: center\">Silvana Maria Santiago<\/td>\n<td style=\"width: 106.098%;height: 48px\">Daniel Liberalino Monte<\/p>\n<p>Francisco Ramos Neves<\/td>\n<\/tr>\n<tr style=\"height: 48px\">\n<td style=\"width: 2.6686%;height: 48px\">10<\/td>\n<td style=\"width: 21.6502%;height: 48px\">Railson Ferreira da Silva<\/td>\n<td style=\"width: 37.3019%;height: 48px\">A ess\u00eancia evidenciada segundo Schopenhauer<\/td>\n<td style=\"width: 18.4491%;height: 48px;text-align: center\">\u00c9lder Lacerda Queiroz<\/td>\n<td style=\"width: 106.098%;height: 48px\">Josa\u00edlton Fernandes de Mendon\u00e7a William Coelho de Oliveira<\/td>\n<\/tr>\n<\/tbody>\n<\/table>\n<p>&nbsp;<\/p>\n<table style=\"width: 100%;border-collapse: collapse;border-style: solid;height: 82px\">\n<caption>\u00a0<\/caption>\n<tbody>\n<tr style=\"height: 10px\">\n<td style=\"width: 186.168%;height: 10px;text-align: center\" colspan=\"5\"><strong>2022.1<\/strong><\/td>\n<\/tr>\n<tr style=\"height: 24px\">\n<td style=\"width: 2.6686%;height: 24px;text-align: center\"><\/td>\n<td style=\"width: 21.6502%;height: 24px;text-align: center\"><strong>Discente<\/strong><\/td>\n<td style=\"width: 37.3019%;height: 24px;text-align: center\"><strong>T\u00edtulo<\/strong><\/td>\n<td style=\"width: 18.4491%;height: 24px;text-align: center\"><strong>Orientador<\/strong><\/td>\n<td style=\"width: 106.098%;height: 24px;text-align: center\"><strong>Banca<\/strong><\/td>\n<\/tr>\n<tr style=\"height: 48px\">\n<td style=\"width: 2.6686%;height: 48px\">02<\/td>\n<td style=\"width: 21.6502%;height: 48px\">Iury Ravelly da Silva Paiva<\/td>\n<td style=\"width: 37.3019%;height: 48px\">A rela\u00e7\u00e3o entre estado e religi\u00e3o no tractus theologicopoliticus<\/td>\n<td style=\"width: 18.4491%;height: 48px;text-align: center\">Telmir de Souza Soares<\/td>\n<td style=\"width: 106.098%;height: 48px\">Adalberto Ximenes Leit\u00e3o Filho Josa\u00edlton Fernandes de Mendon\u00e7a<\/td>\n<\/tr>\n<\/tbody>\n<\/table>\n<p>&nbsp;<\/p>\n<table style=\"width: 100%;border-collapse: collapse;border-style: solid\">\n<caption>\u00a0<\/caption>\n<tbody>\n<tr style=\"height: 10px\">\n<td style=\"width: 186.168%;height: 10px;text-align: center\" colspan=\"5\"><strong>2021.2<\/strong><\/td>\n<\/tr>\n<tr style=\"height: 24px\">\n<td style=\"width: 2.6686%;height: 24px;text-align: center\"><\/td>\n<td style=\"width: 21.6502%;height: 24px;text-align: center\"><strong>Discente<\/strong><\/td>\n<td style=\"width: 37.3019%;height: 24px;text-align: center\"><strong>T\u00edtulo<\/strong><\/td>\n<td style=\"width: 18.4491%;height: 24px;text-align: center\"><strong>Orientador<\/strong><\/td>\n<td style=\"width: 106.098%;height: 24px;text-align: center\"><strong>Banca<\/strong><\/td>\n<\/tr>\n<tr style=\"height: 48px\">\n<td style=\"width: 2.6686%;height: 48px\">01<\/td>\n<td style=\"width: 21.6502%\">Allan Sebasti\u00e3o Braga Bezerra<\/td>\n<td style=\"width: 37.3019%\">A transforma\u00e7\u00e3o da realidade social a partir da f\u00e9: fundamentos filos\u00f3ficos da teologia da liberta\u00e7\u00e3o<\/td>\n<td style=\"width: 18.4491%;text-align: center\">Francisco Ramos Neves<\/td>\n<td style=\"width: 106.098%\">Jo\u00e3o Bosco Brito do Nascimento Manoel Jarbas Vasconcelos Carvalho<\/td>\n<\/tr>\n<tr style=\"height: 48px\">\n<td style=\"width: 2.6686%;height: 48px\">02<\/td>\n<td style=\"width: 21.6502%\">Ana K\u00e9zia de Lima Silva<\/td>\n<td style=\"width: 37.3019%\">A condi\u00e7\u00e3o da mulher negra escravizada e o racismo p\u00f3s escravid\u00e3o nos Estados Unidos: a filosofia de \u00c2ngela Davis<\/td>\n<td style=\"width: 18.4491%;text-align: center\">Guilherme Paiva de Carvalho<\/td>\n<td style=\"width: 106.098%\">Manoel Jarbas Vasconcelos Carvalho Silvana Maria Santiago<\/td>\n<\/tr>\n<tr style=\"height: 48px\">\n<td style=\"width: 2.6686%;height: 48px\">03<\/td>\n<td style=\"width: 21.6502%\">Dara Daniella de Oliveira Nascimento<\/td>\n<td style=\"width: 37.3019%\">Educa\u00e7\u00e3o como pr\u00e1tica da liberdade no ensino de Filosofia em Bell Hooks<\/td>\n<td style=\"width: 18.4491%;text-align: center\">Guilherme Paiva de Carvalho<\/td>\n<td style=\"width: 106.098%\">Jo\u00e3o Bosco Brito do Nascimento Silvana Maria Santiago<\/td>\n<\/tr>\n<tr style=\"height: 48px\">\n<td style=\"width: 2.6686%;height: 48px\">04<\/td>\n<td style=\"width: 21.6502%\">Edson Danilo Cavalcante Filho<\/td>\n<td style=\"width: 37.3019%\">Processos de subjetiva\u00e7\u00e3o e rela\u00e7\u00f5es de poder na filosofia de Michel Foucault<\/td>\n<td style=\"width: 18.4491%;text-align: center\">Maria Veral\u00facia Pessoa Porto<\/td>\n<td style=\"width: 106.098%\">Manoel Jarbas Vasconcelos Carvalho Telmir de Souza Soares<\/td>\n<\/tr>\n<tr style=\"height: 48px\">\n<td style=\"width: 2.6686%;height: 48px\">05<\/td>\n<td style=\"width: 21.6502%\">Gustavo da Silva<\/td>\n<td style=\"width: 37.3019%\">A rela\u00e7\u00e3o enttre o mito da caverna de plat\u00e3o e o papel do ensino de filosofia<\/td>\n<td style=\"width: 18.4491%;text-align: center\">Telmir de Souza Soares<\/td>\n<td style=\"width: 106.098%\">Josa\u00edlton Fernandes de Mendon\u00e7a Maria Veral\u00facia Pessoa Porto<\/td>\n<\/tr>\n<tr style=\"height: 48px\">\n<td style=\"width: 2.6686%;height: 48px\">06<\/td>\n<td style=\"width: 21.6502%\">Jord\u00e2nia Emanuella Rosa de Souza<\/td>\n<td style=\"width: 37.3019%\">A natureza a religi\u00e3o segundo Freud<\/td>\n<td style=\"width: 18.4491%;text-align: center\">\u00c9lder Lacerda Queiroz<\/td>\n<td style=\"width: 106.098%\">Adalberto Ximenes Leit\u00e3o Filho Josa\u00edlton Fernandes de Mendon\u00e7a<\/td>\n<\/tr>\n<tr style=\"height: 48px\">\n<td style=\"width: 2.6686%;height: 48px\">07<\/td>\n<td style=\"width: 21.6502%\">Josiv\u00e2nio Ferreira de Sousa<\/td>\n<td style=\"width: 37.3019%\">Cr\u00edtica da sociedade do consumo segundo Erich Fromm<\/td>\n<td style=\"width: 18.4491%;text-align: center\">\u00c9lder Lacerda Queiroz<\/td>\n<td style=\"width: 106.098%\">Adalberto Ximenes Leit\u00e3o Filho Francisco Ramos Neves<\/td>\n<\/tr>\n<tr style=\"height: 72px\">\n<td style=\"width: 2.6686%;height: 72px\">08<\/td>\n<td style=\"width: 21.6502%\">Karlos Luan da Silva Pereira<\/td>\n<td style=\"width: 37.3019%\">Viol\u00eancia e revolu\u00e7\u00e3o: considera\u00e7\u00f5es acerca da emancipa\u00e7\u00e3o humana do pensamento marxiano<\/td>\n<td style=\"width: 18.4491%;text-align: center\">Jo\u00e3o Bosco Brito do Nascimento<\/td>\n<td style=\"width: 106.098%\">Francisco Ramos Neves Manoel Jarbas Vasconcelos Carvalho<\/td>\n<\/tr>\n<tr>\n<td style=\"width: 2.6686%\">09<\/td>\n<td style=\"width: 21.6502%\">M\u00e1rcia Ara\u00fajo Silva de Amorim<\/td>\n<td style=\"width: 37.3019%\">\u00c9tica, moral e pol\u00edtica: a constru\u00e7\u00e3o de uma sociedade harm\u00f4nica a partir de Immanuel Kant<\/td>\n<td style=\"width: 18.4491%;text-align: center\">Francisco Ramos Neves<\/td>\n<td style=\"width: 106.098%\">\u00c9lder Lacerda Queiroz Manoel Jarbas Vasconcelos Carvalho<\/td>\n<\/tr>\n<tr>\n<td style=\"width: 2.6686%\">10<\/td>\n<td style=\"width: 21.6502%\">Maria Eduarda Marinho Freire de Andrade<\/td>\n<td style=\"width: 37.3019%\">Monoculturas da mente: o exterm\u00ednio da diversidade cultural como sintoma da colonialidade global<\/td>\n<td style=\"width: 18.4491%;text-align: center\">Guilherme Paiva de Carvalho<\/td>\n<td style=\"width: 106.098%\">Tobias Arruda Queiroz Manoel Jarbas Vasconcelos Carvalho<\/td>\n<\/tr>\n<tr>\n<td style=\"width: 2.6686%\">11<\/td>\n<td style=\"width: 21.6502%\">Mateus de Oliveira Sobrinho<\/td>\n<td style=\"width: 37.3019%\">Representa\u00e7\u00e3o da morte na reflex\u00e3o moral em Michel de Montaigne<\/td>\n<td style=\"width: 18.4491%;text-align: center\">Josa\u00edlton Fernandes de Mendon\u00e7a<\/td>\n<td style=\"width: 106.098%\">Adalberto Ximenes Leit\u00e3o Filho Silvana Maria Santiago<\/td>\n<\/tr>\n<tr>\n<td style=\"width: 2.6686%\">12<\/td>\n<td style=\"width: 21.6502%\">Poliana Rodrigues de Almeida<\/td>\n<td style=\"width: 37.3019%\">A hist\u00f3ria da constru\u00e7\u00e3o e fundamenta\u00e7\u00e3o dos valores morais no ocidente: cr\u00edtica da moralidade judaico-crist\u00e3 na genealogia da moral de Nietzsche<\/td>\n<td style=\"width: 18.4491%;text-align: center\">Manoel Jarbas Vasconcelos Carvalho<\/td>\n<td style=\"width: 106.098%\">Francisco Ramos Neves Josa\u00edlton Fernandes de Mendon\u00e7a<\/td>\n<\/tr>\n<tr>\n<td style=\"width: 2.6686%\">13<\/td>\n<td style=\"width: 21.6502%\">Ravi Dias de Almeida Oliveira<\/td>\n<td style=\"width: 37.3019%\">Paideia e Filosofia nos Livros V e VII da Rep\u00fablica de Plat\u00e3o<\/td>\n<td style=\"width: 18.4491%;text-align: center\">Telmir de Souza Soares<\/td>\n<td style=\"width: 106.098%\">Ant\u00f4nio Pereira J\u00fanior Erick Vinicius SAntos Gomes<\/td>\n<\/tr>\n<tr>\n<td style=\"width: 2.6686%\">14<\/td>\n<td style=\"width: 21.6502%\">Rejane dos Anjos Santos<\/td>\n<td style=\"width: 37.3019%\">A rela\u00e7\u00e3o da pol\u00edtica, do poder e da viol\u00eancia em Hannah Arendt<\/td>\n<td style=\"width: 18.4491%;text-align: center\">Silvana Maria Santiago<\/td>\n<td style=\"width: 106.098%\">Francisco Ramos Neves Manoel Jarbas Vasconcelos Carvalho<\/td>\n<\/tr>\n<tr>\n<td style=\"width: 2.6686%\">15<\/td>\n<td style=\"width: 21.6502%\">R\u00fatilo Thiago de Freitas<\/td>\n<td style=\"width: 37.3019%\">O pensamento \u00e9tico-pol\u00edtico de plat\u00e3o na constitui\u00e7\u00e3o de uma cidadde ideal<\/td>\n<td style=\"width: 18.4491%;text-align: center\">Telmir de Souza Soares<\/td>\n<td style=\"width: 106.098%\">Ant\u00f4nio Pereira J\u00fanior Manoel Jarbas Vasconcelos Carvalho<\/td>\n<\/tr>\n<tr>\n<td style=\"width: 2.6686%\">16<\/td>\n<td style=\"width: 21.6502%\">Willian Giovanne Oliveira Praxedes<\/td>\n<td style=\"width: 37.3019%\">Epimeleia heautou e identidade homossexual: uma perspectiva na filosofia de Michel Foucault<\/td>\n<td style=\"width: 18.4491%;text-align: center\">Maria Veral\u00facia Pessoa Porto<\/td>\n<td style=\"width: 106.098%\">Guilherme Paiva de Carvalho Manoel Jarbas Vasconcelos Carvalho<\/td>\n<\/tr>\n<\/tbody>\n<\/table>\n","protected":false},"excerpt":{"rendered":"<p>\u00a0 2024.1 \u00a0 Discente T\u00edtulo Orientador Banca 01 Viviane Siarlini Lucena A beleza corp\u00f3rea e incorp\u00f3rea a partir de h\u00edpias maior em Plat\u00e3o Telmir de Souza Soares Ant\u00f4nio Pereira J\u00fanior Maria Veral\u00facia Pessoa Porto 02 Jo\u00e3o Wesley de Aquino Ara\u00fajo Os aspectos negativos advindos das ci\u00eancias e das artes na transi\u00e7\u00e3o do homem de seu [&hellip;]<\/p>\n","protected":false},"author":6,"featured_media":0,"parent":0,"menu_order":0,"comment_status":"closed","ping_status":"closed","template":"","meta":{"footnotes":""},"class_list":["post-869","page","type-page","status-publish","hentry"],"_links":{"self":[{"href":"https:\/\/portal.uern.br\/fafic\/filosofia\/wp-json\/wp\/v2\/pages\/869","targetHints":{"allow":["GET"]}}],"collection":[{"href":"https:\/\/portal.uern.br\/fafic\/filosofia\/wp-json\/wp\/v2\/pages"}],"about":[{"href":"https:\/\/portal.uern.br\/fafic\/filosofia\/wp-json\/wp\/v2\/types\/page"}],"author":[{"embeddable":true,"href":"https:\/\/portal.uern.br\/fafic\/filosofia\/wp-json\/wp\/v2\/users\/6"}],"replies":[{"embeddable":true,"href":"https:\/\/portal.uern.br\/fafic\/filosofia\/wp-json\/wp\/v2\/comments?post=869"}],"version-history":[{"count":7,"href":"https:\/\/portal.uern.br\/fafic\/filosofia\/wp-json\/wp\/v2\/pages\/869\/revisions"}],"predecessor-version":[{"id":883,"href":"https:\/\/portal.uern.br\/fafic\/filosofia\/wp-json\/wp\/v2\/pages\/869\/revisions\/883"}],"wp:attachment":[{"href":"https:\/\/portal.uern.br\/fafic\/filosofia\/wp-json\/wp\/v2\/media?parent=869"}],"curies":[{"name":"wp","href":"https:\/\/api.w.org\/{rel}","templated":true}]}}