{"id":862,"date":"2024-09-18T12:49:04","date_gmt":"2024-09-18T15:49:04","guid":{"rendered":"https:\/\/portal.uern.br\/fafic\/filosofia\/?page_id=862"},"modified":"2024-09-19T09:25:40","modified_gmt":"2024-09-19T12:25:40","slug":"contato","status":"publish","type":"page","link":"https:\/\/portal.uern.br\/fafic\/filosofia\/contato\/","title":{"rendered":"Contato"},"content":{"rendered":"<p><strong>Endere\u00e7o:<\/strong><\/p>\n<p>Campus Central da UERN, FAFIC &#8211; Setor III &#8211; BR 110 &#8211; KM 46, Av. Prof. Antonio Campos, S\/N, Bairro Costa e Silva, CEP. 59.625-620, Mossor\u00f3-RN.<\/p>\n<p><strong>Hor\u00e1rio de Funcionamento:<\/strong> 07:00h \u00e0s 13:00h\u00a0 \/\u00a0 16:00h \u00e0s 22:00h<\/p>\n<p><strong>Telefone\/WhatsApp:<\/strong> 3315 \u2013 2194<\/p>\n<p><strong>E-mail:<\/strong> dfi@uern.br<\/p>\n<p><strong>Instagram:<\/strong> <a href=\"https:\/\/www.instagram.com\/filosofia.fafic.uern?igsh=c2w5dTVnNDllbmdp\"><span style=\"font-weight: 400\">@filosofia.fafic.uern<\/span><\/a><\/p>\n","protected":false},"excerpt":{"rendered":"<p>Endere\u00e7o: Campus Central da UERN, FAFIC &#8211; Setor III &#8211; BR 110 &#8211; KM 46, Av. Prof. Antonio Campos, S\/N, Bairro Costa e Silva, CEP. 59.625-620, Mossor\u00f3-RN. Hor\u00e1rio de Funcionamento: 07:00h \u00e0s 13:00h\u00a0 \/\u00a0 16:00h \u00e0s 22:00h Telefone\/WhatsApp: 3315 \u2013 2194 E-mail: dfi@uern.br Instagram: @filosofia.fafic.uern<\/p>\n","protected":false},"author":6,"featured_media":0,"parent":0,"menu_order":0,"comment_status":"closed","ping_status":"closed","template":"","meta":{"footnotes":""},"class_list":["post-862","page","type-page","status-publish","hentry"],"_links":{"self":[{"href":"https:\/\/portal.uern.br\/fafic\/filosofia\/wp-json\/wp\/v2\/pages\/862","targetHints":{"allow":["GET"]}}],"collection":[{"href":"https:\/\/portal.uern.br\/fafic\/filosofia\/wp-json\/wp\/v2\/pages"}],"about":[{"href":"https:\/\/portal.uern.br\/fafic\/filosofia\/wp-json\/wp\/v2\/types\/page"}],"author":[{"embeddable":true,"href":"https:\/\/portal.uern.br\/fafic\/filosofia\/wp-json\/wp\/v2\/users\/6"}],"replies":[{"embeddable":true,"href":"https:\/\/portal.uern.br\/fafic\/filosofia\/wp-json\/wp\/v2\/comments?post=862"}],"version-history":[{"count":2,"href":"https:\/\/portal.uern.br\/fafic\/filosofia\/wp-json\/wp\/v2\/pages\/862\/revisions"}],"predecessor-version":[{"id":892,"href":"https:\/\/portal.uern.br\/fafic\/filosofia\/wp-json\/wp\/v2\/pages\/862\/revisions\/892"}],"wp:attachment":[{"href":"https:\/\/portal.uern.br\/fafic\/filosofia\/wp-json\/wp\/v2\/media?parent=862"}],"curies":[{"name":"wp","href":"https:\/\/api.w.org\/{rel}","templated":true}]}}