{"id":853,"date":"2024-09-18T11:44:17","date_gmt":"2024-09-18T14:44:17","guid":{"rendered":"https:\/\/portal.uern.br\/fafic\/filosofia\/?page_id=853"},"modified":"2024-09-18T11:54:55","modified_gmt":"2024-09-18T14:54:55","slug":"orientacao-academica","status":"publish","type":"page","link":"https:\/\/portal.uern.br\/fafic\/filosofia\/orientacao-academica\/","title":{"rendered":"Orienta\u00e7\u00e3o Acad\u00eamica"},"content":{"rendered":"<table style=\"width: 100%;border-collapse: collapse;border-style: solid\">\n<caption>\u00a0<\/caption>\n<tbody>\n<tr>\n<td style=\"width: 99.9999%;text-align: center\" colspan=\"3\"><strong>Orienta\u00e7\u00e3o Acad\u00eamica do Curso de Filosofia<\/strong><\/td>\n<\/tr>\n<tr>\n<td style=\"width: 33.3333%;text-align: center\"><strong>Docente<\/strong><\/td>\n<td style=\"width: 40.8485%;text-align: center\"><strong>Portaria<\/strong><\/td>\n<td style=\"width: 25.8181%;text-align: center\"><strong>Contato<\/strong><\/td>\n<\/tr>\n<tr>\n<td style=\"width: 33.3333%;text-align: center\">Silvana Maria Santiago<\/td>\n<td style=\"width: 40.8485%;text-align: center\"><a href=\"https:\/\/portal.uern.br\/fafic\/filosofia\/wp-content\/uploads\/sites\/7\/2024\/09\/PORTARIA-SEI-No-284-DE-20-DE-JUNHO-DE-2023-Orientacao-Academica.pdf\">Portaria-SEI n\u00ba 284, de 20 de junho 2023<\/a><\/td>\n<td style=\"width: 25.8181%;text-align: center\">silvanasantiago@uern.br<\/td>\n<\/tr>\n<\/tbody>\n<\/table>\n<p>&nbsp;<\/p>\n<p>De acordo com o Art.65 do <a href=\"https:\/\/portal.uern.br\/fafic\/filosofia\/wp-content\/uploads\/sites\/7\/2024\/09\/Regulamento-de-Cursos-de-Graduacao.pdf\">Regulamento dos Cursos de Gradua\u00e7\u00e3o<\/a>, s\u00e3o atribui\u00e7\u00f5es do orientador acad\u00eamico:<\/p>\n<p align=\"justify\">I. Acompanhar o desenvolvimento acad\u00eamico dos alunos sob sua orienta\u00e7\u00e3o;<br \/>\nII. Planejar, junto aos discentes, considerando a programa\u00e7\u00e3o acad\u00eamica do curso, fluxo curricular compat\u00edvel com seus interesses e possibilidades de desempenho acad\u00eamico, quando for o caso;<br \/>\nIII. Orientar a tomada de decis\u00f5es relativas \u00e0 matr\u00edcula, trancamentos e outros atos de interesse acad\u00eamico;<br \/>\nIV. Apresentar aos alunos o PPC e a estrutura universit\u00e1ria;<br \/>\nV. Atuar como membro nato da Comiss\u00e3o de NDE;<\/p>\n<p align=\"justify\">VI. Disponibilizar, ao Departamento Acad\u00eamico, as informa\u00e7\u00f5es necess\u00e1rias para o fim de subsidiar a oferta de componentes curriculares, bem como as prioridades relativas ao Programa Institucional de Monitoria (PIM) no semestre letivo;<br \/>\nVII. Acompanhar, junto ao aluno, o desenvolvimento das atividades complementares por meio de controle e registro no Sistema de Administra\u00e7\u00e3o Escolar;<br \/>\nVIII. Apresentar, semestralmente, \u00e0 plen\u00e1ria departamental, diagn\u00f3stico do processo formativo-acad\u00eamico referente ao grupo de alunos sob sua orienta\u00e7\u00e3o;<br \/>\nIX. Conduzir processos de aproveitamento de estudos;<br \/>\nX. Atuar como membro nato da comiss\u00e3o departamental de avalia\u00e7\u00e3o de processo seletivo de vagas n\u00e3o iniciais.<\/p>\n","protected":false},"excerpt":{"rendered":"<p>\u00a0 Orienta\u00e7\u00e3o Acad\u00eamica do Curso de Filosofia Docente Portaria Contato Silvana Maria Santiago Portaria-SEI n\u00ba 284, de 20 de junho 2023 silvanasantiago@uern.br &nbsp; De acordo com o Art.65 do Regulamento dos Cursos de Gradua\u00e7\u00e3o, s\u00e3o atribui\u00e7\u00f5es do orientador acad\u00eamico: I. Acompanhar o desenvolvimento acad\u00eamico dos alunos sob sua orienta\u00e7\u00e3o; II. Planejar, junto aos discentes, considerando [&hellip;]<\/p>\n","protected":false},"author":6,"featured_media":0,"parent":0,"menu_order":0,"comment_status":"closed","ping_status":"closed","template":"","meta":{"footnotes":""},"class_list":["post-853","page","type-page","status-publish","hentry"],"_links":{"self":[{"href":"https:\/\/portal.uern.br\/fafic\/filosofia\/wp-json\/wp\/v2\/pages\/853","targetHints":{"allow":["GET"]}}],"collection":[{"href":"https:\/\/portal.uern.br\/fafic\/filosofia\/wp-json\/wp\/v2\/pages"}],"about":[{"href":"https:\/\/portal.uern.br\/fafic\/filosofia\/wp-json\/wp\/v2\/types\/page"}],"author":[{"embeddable":true,"href":"https:\/\/portal.uern.br\/fafic\/filosofia\/wp-json\/wp\/v2\/users\/6"}],"replies":[{"embeddable":true,"href":"https:\/\/portal.uern.br\/fafic\/filosofia\/wp-json\/wp\/v2\/comments?post=853"}],"version-history":[{"count":5,"href":"https:\/\/portal.uern.br\/fafic\/filosofia\/wp-json\/wp\/v2\/pages\/853\/revisions"}],"predecessor-version":[{"id":861,"href":"https:\/\/portal.uern.br\/fafic\/filosofia\/wp-json\/wp\/v2\/pages\/853\/revisions\/861"}],"wp:attachment":[{"href":"https:\/\/portal.uern.br\/fafic\/filosofia\/wp-json\/wp\/v2\/media?parent=853"}],"curies":[{"name":"wp","href":"https:\/\/api.w.org\/{rel}","templated":true}]}}