{"id":846,"date":"2024-09-18T11:28:27","date_gmt":"2024-09-18T14:28:27","guid":{"rendered":"https:\/\/portal.uern.br\/fafic\/filosofia\/?page_id=846"},"modified":"2024-09-18T11:28:40","modified_gmt":"2024-09-18T14:28:40","slug":"tecnico-administrativo","status":"publish","type":"page","link":"https:\/\/portal.uern.br\/fafic\/filosofia\/tecnico-administrativo\/","title":{"rendered":"T\u00e9cnico Administrativo"},"content":{"rendered":"<table style=\"width: 100%;border-collapse: collapse;border-style: solid\">\n<caption>\u00a0<\/caption>\n<tbody>\n<tr>\n<td style=\"width: 33.3333%;text-align: center\" colspan=\"3\"><strong>T\u00e9cnicos do Departamento de Filosofia &#8211; DFI\/FAFIC<\/strong><\/td>\n<\/tr>\n<tr>\n<td style=\"width: 33.3333%;text-align: center\"><strong>NOME<\/strong><\/td>\n<td style=\"width: 33.3333%;text-align: center\"><strong>CARGO<\/strong><\/td>\n<td style=\"width: 33.3333%;text-align: center\"><strong>CONTATO<\/strong><\/td>\n<\/tr>\n<tr>\n<td style=\"width: 33.3333%\">\u00c2ngelo Emanuel Lopes Souza<\/td>\n<td style=\"width: 33.3333%;text-align: center\">Agente T\u00e9cnico Administrativo &#8211; Assistente Administrativo<\/td>\n<td style=\"width: 33.3333%;text-align: center\">angeloemanuel@uern.br<\/td>\n<\/tr>\n<tr>\n<td style=\"width: 33.3333%\">Priscilla Rayanny Alves Saraiva<\/td>\n<td style=\"width: 33.3333%;text-align: center\">Agente T\u00e9cnico Administrativo &#8211; Auxiliar Administrativo<\/td>\n<td style=\"width: 33.3333%;text-align: center\">priscillasaraiva@uern.br<\/td>\n<\/tr>\n<\/tbody>\n<\/table>\n","protected":false},"excerpt":{"rendered":"<p>\u00a0 T\u00e9cnicos do Departamento de Filosofia &#8211; DFI\/FAFIC NOME CARGO CONTATO \u00c2ngelo Emanuel Lopes Souza Agente T\u00e9cnico Administrativo &#8211; Assistente Administrativo angeloemanuel@uern.br Priscilla Rayanny Alves Saraiva Agente T\u00e9cnico Administrativo &#8211; Auxiliar Administrativo priscillasaraiva@uern.br<\/p>\n","protected":false},"author":6,"featured_media":0,"parent":0,"menu_order":0,"comment_status":"closed","ping_status":"closed","template":"","meta":{"footnotes":""},"class_list":["post-846","page","type-page","status-publish","hentry"],"_links":{"self":[{"href":"https:\/\/portal.uern.br\/fafic\/filosofia\/wp-json\/wp\/v2\/pages\/846","targetHints":{"allow":["GET"]}}],"collection":[{"href":"https:\/\/portal.uern.br\/fafic\/filosofia\/wp-json\/wp\/v2\/pages"}],"about":[{"href":"https:\/\/portal.uern.br\/fafic\/filosofia\/wp-json\/wp\/v2\/types\/page"}],"author":[{"embeddable":true,"href":"https:\/\/portal.uern.br\/fafic\/filosofia\/wp-json\/wp\/v2\/users\/6"}],"replies":[{"embeddable":true,"href":"https:\/\/portal.uern.br\/fafic\/filosofia\/wp-json\/wp\/v2\/comments?post=846"}],"version-history":[{"count":2,"href":"https:\/\/portal.uern.br\/fafic\/filosofia\/wp-json\/wp\/v2\/pages\/846\/revisions"}],"predecessor-version":[{"id":848,"href":"https:\/\/portal.uern.br\/fafic\/filosofia\/wp-json\/wp\/v2\/pages\/846\/revisions\/848"}],"wp:attachment":[{"href":"https:\/\/portal.uern.br\/fafic\/filosofia\/wp-json\/wp\/v2\/media?parent=846"}],"curies":[{"name":"wp","href":"https:\/\/api.w.org\/{rel}","templated":true}]}}