{"id":832,"date":"2024-09-17T22:46:58","date_gmt":"2024-09-18T01:46:58","guid":{"rendered":"https:\/\/portal.uern.br\/fafic\/filosofia\/?page_id=832"},"modified":"2024-09-17T22:56:38","modified_gmt":"2024-09-18T01:56:38","slug":"grupos-de-pesquisa","status":"publish","type":"page","link":"https:\/\/portal.uern.br\/fafic\/filosofia\/grupos-de-pesquisa\/","title":{"rendered":"Grupos de Pesquisa"},"content":{"rendered":"<ul>\n<li><strong>Epistemologia e Ci\u00eancias Humanas<\/strong> (L\u00edder: Prof. Dr. Guilherme Paiva de Carvalho)<\/li>\n<li><strong>N\u00facleo de Estudos, Ensino e Investiga\u00e7\u00f5es em Filosofia &#8211; NEFIL<\/strong> (L\u00edder: Prof. Dr. Francisco Ramos Neves)<\/li>\n<\/ul>\n<p>&nbsp;<\/p>\n","protected":false},"excerpt":{"rendered":"<p>Epistemologia e Ci\u00eancias Humanas (L\u00edder: Prof. Dr. Guilherme Paiva de Carvalho) N\u00facleo de Estudos, Ensino e Investiga\u00e7\u00f5es em Filosofia &#8211; NEFIL (L\u00edder: Prof. Dr. Francisco Ramos Neves) &nbsp;<\/p>\n","protected":false},"author":6,"featured_media":0,"parent":0,"menu_order":0,"comment_status":"closed","ping_status":"closed","template":"","meta":{"footnotes":""},"class_list":["post-832","page","type-page","status-publish","hentry"],"_links":{"self":[{"href":"https:\/\/portal.uern.br\/fafic\/filosofia\/wp-json\/wp\/v2\/pages\/832","targetHints":{"allow":["GET"]}}],"collection":[{"href":"https:\/\/portal.uern.br\/fafic\/filosofia\/wp-json\/wp\/v2\/pages"}],"about":[{"href":"https:\/\/portal.uern.br\/fafic\/filosofia\/wp-json\/wp\/v2\/types\/page"}],"author":[{"embeddable":true,"href":"https:\/\/portal.uern.br\/fafic\/filosofia\/wp-json\/wp\/v2\/users\/6"}],"replies":[{"embeddable":true,"href":"https:\/\/portal.uern.br\/fafic\/filosofia\/wp-json\/wp\/v2\/comments?post=832"}],"version-history":[{"count":4,"href":"https:\/\/portal.uern.br\/fafic\/filosofia\/wp-json\/wp\/v2\/pages\/832\/revisions"}],"predecessor-version":[{"id":837,"href":"https:\/\/portal.uern.br\/fafic\/filosofia\/wp-json\/wp\/v2\/pages\/832\/revisions\/837"}],"wp:attachment":[{"href":"https:\/\/portal.uern.br\/fafic\/filosofia\/wp-json\/wp\/v2\/media?parent=832"}],"curies":[{"name":"wp","href":"https:\/\/api.w.org\/{rel}","templated":true}]}}