{"id":825,"date":"2024-09-17T22:40:12","date_gmt":"2024-09-18T01:40:12","guid":{"rendered":"https:\/\/portal.uern.br\/fafic\/filosofia\/?page_id=825"},"modified":"2024-09-18T10:58:18","modified_gmt":"2024-09-18T13:58:18","slug":"extensao","status":"publish","type":"page","link":"https:\/\/portal.uern.br\/fafic\/filosofia\/extensao\/","title":{"rendered":"Extens\u00e3o"},"content":{"rendered":"<table style=\"width: 100%;border-collapse: collapse;border-style: solid\">\n<caption>\u00a0<\/caption>\n<tbody>\n<tr>\n<td style=\"width: 99.9999%;text-align: center\" colspan=\"3\"><strong>Projetos de Extens\u00e3o (2024.1 &#8211; 2024.2)<\/strong><\/td>\n<\/tr>\n<tr>\n<td style=\"width: 30.5454%;text-align: center\"><strong>Docente<\/strong><\/td>\n<td style=\"width: 51.6364%;text-align: center\"><strong>Projeto<\/strong><\/td>\n<td style=\"width: 17.8181%;text-align: center\"><strong>Bolsa<\/strong><\/td>\n<\/tr>\n<tr>\n<td style=\"width: 30.5454%\">Francisco Ramos Neves<\/td>\n<td style=\"width: 51.6364%\">CUIDAR E ACOLHER: escuta e acolhimento psicol\u00f3gico e filos\u00f3fico<\/td>\n<td style=\"width: 17.8181%;text-align: center\">&#8211;<\/td>\n<\/tr>\n<tr>\n<td style=\"width: 30.5454%\">Jo\u00e3o Bosco Brito do Nascimento<\/td>\n<td style=\"width: 51.6364%\">Projeto de Extens\u00e3o de Estudos e Pr\u00e1xis Marxistas &#8211; PEPM<\/td>\n<td style=\"width: 17.8181%;text-align: center\">&#8211;<\/td>\n<\/tr>\n<\/tbody>\n<\/table>\n<p>&nbsp;<\/p>\n<table style=\"width: 100%;border-collapse: collapse;border-style: solid;height: 120px\">\n<caption>\u00a0<\/caption>\n<tbody>\n<tr style=\"height: 24px\">\n<td style=\"width: 99.9999%;height: 24px;text-align: center\" colspan=\"3\"><strong>Projetos de Extens\u00e3o (2023.1 &#8211; 2023.2)<\/strong><\/td>\n<\/tr>\n<tr style=\"height: 24px\">\n<td style=\"width: 30.0606%;height: 24px;text-align: center\"><strong>Docente<\/strong><\/td>\n<td style=\"width: 41.0909%;height: 24px;text-align: center\"><strong>Projeto<\/strong><\/td>\n<td style=\"width: 28.8484%;height: 24px;text-align: center\"><strong>Bolsa<\/strong><\/td>\n<\/tr>\n<tr style=\"height: 24px\">\n<td style=\"width: 30.0606%;height: 24px\">Francisco Ramos Neves<\/td>\n<td style=\"width: 41.0909%;height: 24px\">CINESOFIA: A Filosofia vai ao cinema<\/td>\n<td style=\"width: 28.8484%;height: 24px;text-align: center\">Viviane Siarlini Lucena<\/td>\n<\/tr>\n<tr style=\"height: 48px\">\n<td style=\"width: 30.0606%;height: 48px\">Jo\u00e3o Bosco Brito do Nascimento<\/td>\n<td style=\"width: 41.0909%;height: 48px\">Projeto de Estudos e Pr\u00e1xis Marxistas &#8211; PEPM<\/td>\n<td style=\"width: 28.8484%;height: 48px;text-align: center\">Diogo Hermano Barbosa Soares de Lima<\/td>\n<\/tr>\n<\/tbody>\n<\/table>\n<p>&nbsp;<\/p>\n<table style=\"width: 100%;border-collapse: collapse;border-style: solid\">\n<caption>\u00a0<\/caption>\n<tbody>\n<tr>\n<td style=\"width: 99.9999%;text-align: center\" colspan=\"3\"><strong>Projetos de Extens\u00e3o &#8211; Filosofia \/ FAFIC (2022.1 &#8211; 2022.2)<\/strong><\/td>\n<\/tr>\n<tr style=\"height: 24px\">\n<td style=\"width: 30.0606%;height: 24px;text-align: center\"><strong>Docente<\/strong><\/td>\n<td style=\"width: 41.0909%;height: 24px;text-align: center\"><strong>Projeto<\/strong><\/td>\n<td style=\"width: 28.8484%;height: 24px;text-align: center\"><strong>Bolsa<\/strong><\/td>\n<\/tr>\n<tr>\n<td style=\"width: 30.0606%\">Francisco Ramos Neves<\/td>\n<td style=\"width: 41.0909%\">Cinesofia: a filosofia vai ao cinema<\/td>\n<td style=\"width: 28.8484%;text-align: center\">Ricardo Decio da Silva Santos<\/td>\n<\/tr>\n<tr>\n<td style=\"width: 30.0606%\">Guilherme Paiva de Carvalho<\/td>\n<td style=\"width: 41.0909%\">Balaio da M\u00fasica<\/td>\n<td style=\"width: 28.8484%;text-align: center\">Maria Eduarda Freire de Andrade<\/td>\n<\/tr>\n<tr>\n<td style=\"width: 30.0606%\">\u00c9lder Lacerda Queiroz<\/td>\n<td style=\"width: 41.0909%\">Filosofando em Alem\u00e3o<\/td>\n<td style=\"width: 28.8484%;text-align: center\">\u00a0&#8211;<\/td>\n<\/tr>\n<tr>\n<td style=\"width: 30.0606%\">Guilherme Paiva de Carvalho<\/td>\n<td style=\"width: 41.0909%\">Balaio da M\u00fasica<\/td>\n<td style=\"width: 28.8484%;text-align: center\">\u00a0&#8211;<\/td>\n<\/tr>\n<tr>\n<td style=\"width: 30.0606%\">Jo\u00e3o Bosco Brito do Nascimento<\/td>\n<td style=\"width: 41.0909%\">Projeto de Estudos e Pr\u00e1xis Marxistas &#8211; PEPM<\/td>\n<td style=\"width: 28.8484%;text-align: center\">\u00a0&#8211;<\/td>\n<\/tr>\n<\/tbody>\n<\/table>\n<p>&nbsp;<\/p>\n<table style=\"width: 100%;border-collapse: collapse;border-style: solid\">\n<caption>\u00a0<\/caption>\n<tbody>\n<tr>\n<td style=\"width: 99.9999%;text-align: center\" colspan=\"3\"><strong>Projetos de Extens\u00e3o (2021.1 &#8211; 2021.2)<\/strong><\/td>\n<\/tr>\n<tr style=\"height: 24px\">\n<td style=\"width: 30.0606%;height: 24px;text-align: center\"><strong>Docente<\/strong><\/td>\n<td style=\"width: 41.0909%;height: 24px;text-align: center\"><strong>Projeto<\/strong><\/td>\n<td style=\"width: 28.8484%;height: 24px;text-align: center\"><strong>Bolsa<\/strong><\/td>\n<\/tr>\n<tr>\n<td style=\"width: 30.0606%\">Francisco Ramos Neves<\/td>\n<td style=\"width: 41.0909%\">Cinesofia: a filosofia vai ao cinema<\/td>\n<td style=\"width: 28.8484%;text-align: center\">Ricardo D\u00e9cio da Silva Santos<\/td>\n<\/tr>\n<tr>\n<td style=\"width: 30.0606%\">Jo\u00e3o Bosco Brito do Nascimento<\/td>\n<td style=\"width: 41.0909%\">Projeto de Estudos e Pr\u00e1xis Marxistas &#8211; PEPM<\/td>\n<td style=\"width: 28.8484%;text-align: center\">Jessica de Sousa Pontes<\/td>\n<\/tr>\n<tr>\n<td style=\"width: 30.0606%\">Guilherme Paiva de Carvalho<\/td>\n<td style=\"width: 41.0909%\">Balaio da M\u00fasica<\/td>\n<td style=\"width: 28.8484%;text-align: center\">\u00a0&#8211;<\/td>\n<\/tr>\n<tr>\n<td style=\"width: 30.0606%\">\u00c9lder Lacerda Queiroz<\/td>\n<td style=\"width: 41.0909%\">Filosofando em Alem\u00e3o<\/td>\n<td style=\"width: 28.8484%;text-align: center\">\u00a0&#8211;<\/td>\n<\/tr>\n<\/tbody>\n<\/table>\n<p>&nbsp;<\/p>\n<table style=\"width: 100%;border-collapse: collapse;border-style: solid;height: 144px\">\n<caption>\u00a0<\/caption>\n<tbody>\n<tr style=\"height: 24px\">\n<td style=\"width: 99.9999%;height: 24px;text-align: center\" colspan=\"3\"><strong>Projetos de Extens\u00e3o (2020.1 &#8211; 2020.2)<\/strong><\/td>\n<\/tr>\n<tr style=\"height: 24px\">\n<td style=\"width: 30.0606%;height: 24px;text-align: center\"><strong>Docente<\/strong><\/td>\n<td style=\"width: 41.0909%;height: 24px;text-align: center\"><strong>Projeto<\/strong><\/td>\n<td style=\"width: 28.8484%;height: 24px;text-align: center\"><strong>Bolsa<\/strong><\/td>\n<\/tr>\n<tr style=\"height: 24px\">\n<td style=\"width: 30.0606%;height: 24px\">Francisco Ramos Neves<\/td>\n<td style=\"width: 41.0909%;height: 24px\">Cinesofia: a filosofia vai ao cinema<\/td>\n<td style=\"width: 28.8484%;height: 24px;text-align: center\">D\u00e9bora Alves Mariano<\/td>\n<\/tr>\n<tr style=\"height: 24px\">\n<td style=\"width: 30.0606%;height: 24px\">Maria Veral\u00facia Pessoa Porto<\/td>\n<td style=\"width: 41.0909%;height: 24px\">Conversas sobre Filosofia em Minicursos<\/td>\n<td style=\"width: 28.8484%;height: 24px;text-align: center\">\u00a0&#8211;<\/td>\n<\/tr>\n<tr style=\"height: 48px\">\n<td style=\"width: 30.0606%;height: 48px\">Telmir de Souza Soares<\/td>\n<td style=\"width: 41.0909%;height: 48px\">Grupo de Tradu\u00e7\u00e3o Philo en fran\u00e7ais Edi\u00e7\u00e3o 2017-2018<\/td>\n<td style=\"width: 28.8484%;height: 48px;text-align: center\">\u00a0&#8211;<\/td>\n<\/tr>\n<\/tbody>\n<\/table>\n","protected":false},"excerpt":{"rendered":"<p>\u00a0 Projetos de Extens\u00e3o (2024.1 &#8211; 2024.2) Docente Projeto Bolsa Francisco Ramos Neves CUIDAR E ACOLHER: escuta e acolhimento psicol\u00f3gico e filos\u00f3fico &#8211; Jo\u00e3o Bosco Brito do Nascimento Projeto de Extens\u00e3o de Estudos e Pr\u00e1xis Marxistas &#8211; PEPM &#8211; &nbsp; \u00a0 Projetos de Extens\u00e3o (2023.1 &#8211; 2023.2) Docente Projeto Bolsa Francisco Ramos Neves CINESOFIA: A [&hellip;]<\/p>\n","protected":false},"author":6,"featured_media":0,"parent":0,"menu_order":0,"comment_status":"closed","ping_status":"closed","template":"","meta":{"footnotes":""},"class_list":["post-825","page","type-page","status-publish","hentry"],"_links":{"self":[{"href":"https:\/\/portal.uern.br\/fafic\/filosofia\/wp-json\/wp\/v2\/pages\/825","targetHints":{"allow":["GET"]}}],"collection":[{"href":"https:\/\/portal.uern.br\/fafic\/filosofia\/wp-json\/wp\/v2\/pages"}],"about":[{"href":"https:\/\/portal.uern.br\/fafic\/filosofia\/wp-json\/wp\/v2\/types\/page"}],"author":[{"embeddable":true,"href":"https:\/\/portal.uern.br\/fafic\/filosofia\/wp-json\/wp\/v2\/users\/6"}],"replies":[{"embeddable":true,"href":"https:\/\/portal.uern.br\/fafic\/filosofia\/wp-json\/wp\/v2\/comments?post=825"}],"version-history":[{"count":3,"href":"https:\/\/portal.uern.br\/fafic\/filosofia\/wp-json\/wp\/v2\/pages\/825\/revisions"}],"predecessor-version":[{"id":841,"href":"https:\/\/portal.uern.br\/fafic\/filosofia\/wp-json\/wp\/v2\/pages\/825\/revisions\/841"}],"wp:attachment":[{"href":"https:\/\/portal.uern.br\/fafic\/filosofia\/wp-json\/wp\/v2\/media?parent=825"}],"curies":[{"name":"wp","href":"https:\/\/api.w.org\/{rel}","templated":true}]}}