{"id":801,"date":"2024-09-17T21:50:20","date_gmt":"2024-09-18T00:50:20","guid":{"rendered":"https:\/\/portal.uern.br\/fafic\/filosofia\/?page_id=801"},"modified":"2024-09-19T17:02:27","modified_gmt":"2024-09-19T20:02:27","slug":"cose","status":"publish","type":"page","link":"https:\/\/portal.uern.br\/fafic\/filosofia\/cose\/","title":{"rendered":"COSE"},"content":{"rendered":"<p><strong>Comiss\u00e3o Setorial de Avalia\u00e7\u00e3o &#8211; COSE<\/strong><\/p>\n<p><a href=\"https:\/\/portal.uern.br\/fafic\/filosofia\/wp-content\/uploads\/sites\/7\/2024\/09\/SEI_28352233_Portaria_406-COSE-2024.pdf\"><span style=\"font-size: 10pt\">Portaria-SEI n\u00ba 406, de 12 de agosto de 2024<\/span><\/a><\/p>\n<p>Compete a Comiss\u00e3o Setorial de Avalia\u00e7\u00e3o \u2013 COSE:<\/p>\n<ul>\n<li>Sensibilizar a comunidade acad\u00eamica do registro \u00f3rg\u00e3o para os processos de avalia\u00e7\u00e3o institucional;<\/li>\n<li>Desenvolver o processo de autoavalia\u00e7\u00e3o no \u00f3rg\u00e3o, conforme o\u00a0 projeto de autoavalia\u00e7\u00e3o da Unidade e orienta\u00e7\u00f5es da Comiss\u00e3o Pr\u00f3pria de Avalia\u00e7\u00e3o \u2013 CPA\/UERN;<\/li>\n<li>Organizar reuni\u00f5es sistem\u00e1ticas para desenvolver suas atividades;<\/li>\n<li>Sistematizar e prestar as informa\u00e7\u00f5es solicitadas pela Comiss\u00e3o Pr\u00f3pria de Avalia\u00e7\u00e3o \u2013 CPA\/UERN;<\/li>\n<li>Ao fim de cada semestre, a COSE dever\u00e1 apresentar \u00e0 CPA\/UERN relat\u00f3rio das atividades realizadas, conforme modelo procedente da pr\u00f3pria CPA\/UERN.<\/li>\n<\/ul>\n<p>&nbsp;<\/p>\n<p><strong>Membros:<\/strong><\/p>\n<p>Adalberto Ximenes Leit\u00e3o Filho (Coordenador)<\/p>\n<p>Maria Veral\u00facia Pessoa Porto (Vice-Coordenadora)<\/p>\n<p>Priscilla Rayanny Alves Saraiva (T\u00e9cnica Administrativa)<\/p>\n<p>Victor Cleyton Batista de Brito (Discente)<\/p>\n<p>&nbsp;<\/p>\n<p>Mais informa\u00e7\u00f5es e acesso aos Relat\u00f3rios de Avalia\u00e7\u00e3o Semestral atrav\u00e9s da p\u00e1gina da <a href=\"https:\/\/portal.uern.br\/aai\/relatorios-de-avaliacao-interna-semestral\/\">Assessoria de Avalia\u00e7\u00e3o Institucional (AAI)<\/a>.<\/p>\n","protected":false},"excerpt":{"rendered":"<p>Comiss\u00e3o Setorial de Avalia\u00e7\u00e3o &#8211; COSE Portaria-SEI n\u00ba 406, de 12 de agosto de 2024 Compete a Comiss\u00e3o Setorial de Avalia\u00e7\u00e3o \u2013 COSE: Sensibilizar a comunidade acad\u00eamica do registro \u00f3rg\u00e3o para os processos de avalia\u00e7\u00e3o institucional; Desenvolver o processo de autoavalia\u00e7\u00e3o no \u00f3rg\u00e3o, conforme o\u00a0 projeto de autoavalia\u00e7\u00e3o da Unidade e orienta\u00e7\u00f5es da Comiss\u00e3o Pr\u00f3pria [&hellip;]<\/p>\n","protected":false},"author":6,"featured_media":0,"parent":0,"menu_order":0,"comment_status":"closed","ping_status":"closed","template":"","meta":{"footnotes":""},"class_list":["post-801","page","type-page","status-publish","hentry"],"_links":{"self":[{"href":"https:\/\/portal.uern.br\/fafic\/filosofia\/wp-json\/wp\/v2\/pages\/801","targetHints":{"allow":["GET"]}}],"collection":[{"href":"https:\/\/portal.uern.br\/fafic\/filosofia\/wp-json\/wp\/v2\/pages"}],"about":[{"href":"https:\/\/portal.uern.br\/fafic\/filosofia\/wp-json\/wp\/v2\/types\/page"}],"author":[{"embeddable":true,"href":"https:\/\/portal.uern.br\/fafic\/filosofia\/wp-json\/wp\/v2\/users\/6"}],"replies":[{"embeddable":true,"href":"https:\/\/portal.uern.br\/fafic\/filosofia\/wp-json\/wp\/v2\/comments?post=801"}],"version-history":[{"count":7,"href":"https:\/\/portal.uern.br\/fafic\/filosofia\/wp-json\/wp\/v2\/pages\/801\/revisions"}],"predecessor-version":[{"id":810,"href":"https:\/\/portal.uern.br\/fafic\/filosofia\/wp-json\/wp\/v2\/pages\/801\/revisions\/810"}],"wp:attachment":[{"href":"https:\/\/portal.uern.br\/fafic\/filosofia\/wp-json\/wp\/v2\/media?parent=801"}],"curies":[{"name":"wp","href":"https:\/\/api.w.org\/{rel}","templated":true}]}}