{"id":793,"date":"2024-09-17T21:35:28","date_gmt":"2024-09-18T00:35:28","guid":{"rendered":"https:\/\/portal.uern.br\/fafic\/filosofia\/?page_id=793"},"modified":"2024-09-17T21:37:51","modified_gmt":"2024-09-18T00:37:51","slug":"nde","status":"publish","type":"page","link":"https:\/\/portal.uern.br\/fafic\/filosofia\/nde\/","title":{"rendered":"NDE"},"content":{"rendered":"<p><strong>N\u00facleo Docente Estruturante &#8211; NDE<\/strong><\/p>\n<p><span style=\"font-size: 10pt\"><a href=\"https:\/\/portal.uern.br\/fafic\/filosofia\/wp-content\/uploads\/sites\/7\/2024\/09\/PORTARIA-SEI-No-288-DE-21-DE-JUNHO-DE-2023-NDE.pdf\">Portaria-SEI n\u00ba 288, de 21 de junho de 2023<\/a> &#8211; validade 3 anos<\/span><\/p>\n<p>O N\u00facleo Docente Estruturante \u2013 NDE \u00e9 uma comiss\u00e3o permanente, de car\u00e1ter propositivo, consultivo e executivo, dos cursos de gradua\u00e7\u00e3o, vinculado aos Departamentos Acad\u00eamicos, que se ocupa da concep\u00e7\u00e3o do curso e de sua consolida\u00e7\u00e3o, desenvolvendo suas atividades de modo articulado com as entidades representativas e deliberativas de professores e alunos da UERN, considerando as demandas sociais locoregionais, as diretrizes curriculares nacionais e a miss\u00e3o da Universidade.<\/p>\n<p><strong>Membros:<\/strong><\/p>\n<ol>\n<li>Josa\u00edlton Fernandes de Mendon\u00e7a (Coordenador);<\/li>\n<li>\u00c9lder Lacerda Queiroz (Vice-Coordenador);<\/li>\n<li>Francisco Ramos Neves (Chefe do Departamento);<\/li>\n<li>Silvana Maria Santiago (Orientadora Acad\u00eamica);<\/li>\n<li>William Coelho de Oliveira (Coordenador de Est\u00e1gio).<\/li>\n<\/ol>\n<p>&nbsp;<\/p>\n<p>&nbsp;<\/p>\n<p>&nbsp;<\/p>\n","protected":false},"excerpt":{"rendered":"<p>N\u00facleo Docente Estruturante &#8211; NDE Portaria-SEI n\u00ba 288, de 21 de junho de 2023 &#8211; validade 3 anos O N\u00facleo Docente Estruturante \u2013 NDE \u00e9 uma comiss\u00e3o permanente, de car\u00e1ter propositivo, consultivo e executivo, dos cursos de gradua\u00e7\u00e3o, vinculado aos Departamentos Acad\u00eamicos, que se ocupa da concep\u00e7\u00e3o do curso e de sua consolida\u00e7\u00e3o, desenvolvendo suas [&hellip;]<\/p>\n","protected":false},"author":6,"featured_media":0,"parent":0,"menu_order":0,"comment_status":"closed","ping_status":"closed","template":"","meta":{"footnotes":""},"class_list":["post-793","page","type-page","status-publish","hentry"],"_links":{"self":[{"href":"https:\/\/portal.uern.br\/fafic\/filosofia\/wp-json\/wp\/v2\/pages\/793","targetHints":{"allow":["GET"]}}],"collection":[{"href":"https:\/\/portal.uern.br\/fafic\/filosofia\/wp-json\/wp\/v2\/pages"}],"about":[{"href":"https:\/\/portal.uern.br\/fafic\/filosofia\/wp-json\/wp\/v2\/types\/page"}],"author":[{"embeddable":true,"href":"https:\/\/portal.uern.br\/fafic\/filosofia\/wp-json\/wp\/v2\/users\/6"}],"replies":[{"embeddable":true,"href":"https:\/\/portal.uern.br\/fafic\/filosofia\/wp-json\/wp\/v2\/comments?post=793"}],"version-history":[{"count":2,"href":"https:\/\/portal.uern.br\/fafic\/filosofia\/wp-json\/wp\/v2\/pages\/793\/revisions"}],"predecessor-version":[{"id":796,"href":"https:\/\/portal.uern.br\/fafic\/filosofia\/wp-json\/wp\/v2\/pages\/793\/revisions\/796"}],"wp:attachment":[{"href":"https:\/\/portal.uern.br\/fafic\/filosofia\/wp-json\/wp\/v2\/media?parent=793"}],"curies":[{"name":"wp","href":"https:\/\/api.w.org\/{rel}","templated":true}]}}