{"id":787,"date":"2024-09-17T16:37:06","date_gmt":"2024-09-17T19:37:06","guid":{"rendered":"https:\/\/portal.uern.br\/fafic\/filosofia\/?page_id=787"},"modified":"2024-09-18T11:32:43","modified_gmt":"2024-09-18T14:32:43","slug":"corpo-docente-e-tecnico-administrativo","status":"publish","type":"page","link":"https:\/\/portal.uern.br\/fafic\/filosofia\/corpo-docente-e-tecnico-administrativo\/","title":{"rendered":"Corpo Docente"},"content":{"rendered":"<p>&nbsp;<\/p>\n<table style=\"height: 288px;width: 100%;border-collapse: collapse;background-color: #fafafa;border-style: solid\">\n<tbody>\n<tr style=\"height: 24px\">\n<td style=\"width: 3.27273%;height: 24px\"><\/td>\n<td style=\"width: 30.7879%;height: 24px;text-align: center\"><strong>Docente<\/strong><\/td>\n<td style=\"width: 9.81813%;height: 24px;text-align: center\"><strong>T\u00edtulo<\/strong><\/td>\n<td style=\"width: 11.5152%;text-align: center\"><strong>V\u00ednculo<\/strong><\/td>\n<td style=\"width: 26.4243%;height: 24px;text-align: center\"><strong>E-mail<\/strong><\/td>\n<td style=\"width: 18.1818%;height: 24px;text-align: center\"><strong>Curr\u00edculo Lattes<\/strong><\/td>\n<\/tr>\n<tr style=\"height: 24px\">\n<td style=\"width: 3.27273%;height: 24px\">01<\/td>\n<td style=\"width: 30.7879%;height: 24px\">Adalberto Ximenes Leit\u00e3o Filho<\/td>\n<td style=\"width: 9.81813%;height: 24px;text-align: center\">Doutor<\/td>\n<td style=\"width: 11.5152%;text-align: center\">Efetivo<\/td>\n<td style=\"width: 26.4243%;height: 24px;text-align: center\">adalbertoximenes@uern.br<\/td>\n<td style=\"width: 18.1818%;height: 24px;text-align: center\"><a href=\"http:\/\/lattes.cnpq.br\/5430878047068145\">Link<\/a><\/td>\n<\/tr>\n<tr style=\"height: 24px\">\n<td style=\"width: 3.27273%;height: 24px\">02<\/td>\n<td style=\"width: 30.7879%;height: 24px\">Alberto Leopoldo Batista Neto<\/td>\n<td style=\"width: 9.81813%;height: 24px;text-align: center\">Doutor<\/td>\n<td style=\"width: 11.5152%;text-align: center\">Tempor\u00e1rio<\/td>\n<td style=\"width: 26.4243%;height: 24px;text-align: center\">albertobatista@uern.br<\/td>\n<td style=\"width: 18.1818%;height: 24px;text-align: center\"><a href=\"http:\/\/lattes.cnpq.br\/6251212894591449\">Link<\/a><\/td>\n<\/tr>\n<tr style=\"height: 24px\">\n<td style=\"width: 3.27273%;height: 24px\">03<\/td>\n<td style=\"width: 30.7879%;height: 24px\">\u00c9lder Lacerda Queiroz<\/td>\n<td style=\"width: 9.81813%;height: 24px;text-align: center\">Mestre<\/td>\n<td style=\"width: 11.5152%;text-align: center\">Efetivo<\/td>\n<td style=\"width: 26.4243%;height: 24px;text-align: center\">elderlacerda@uern.br<\/td>\n<td style=\"width: 18.1818%;height: 24px;text-align: center\"><a href=\"http:\/\/lattes.cnpq.br\/2235342591164227\"> Link<\/a><\/td>\n<\/tr>\n<tr style=\"height: 24px\">\n<td style=\"width: 3.27273%;height: 24px\">04<\/td>\n<td style=\"width: 30.7879%;height: 24px\">Francisco Ramos Neves<\/td>\n<td style=\"width: 9.81813%;height: 24px;text-align: center\">Doutor<\/td>\n<td style=\"width: 11.5152%;text-align: center\">Efetivo<\/td>\n<td style=\"width: 26.4243%;height: 24px;text-align: center\">ramosneves@uern.br<\/td>\n<td style=\"width: 18.1818%;height: 24px;text-align: center\"><a href=\"http:\/\/lattes.cnpq.br\/2446309590738693\"> Link<\/a><\/td>\n<\/tr>\n<tr style=\"height: 24px\">\n<td style=\"width: 3.27273%;height: 24px\">05<\/td>\n<td style=\"width: 30.7879%;height: 24px\">Guilherme Paiva de Carvalho<\/td>\n<td style=\"width: 9.81813%;height: 24px;text-align: center\">Doutor<\/td>\n<td style=\"width: 11.5152%;text-align: center\">Efetivo<\/td>\n<td style=\"width: 26.4243%;height: 24px;text-align: center\">guilhermemartins@uern.br<\/td>\n<td style=\"width: 18.1818%;height: 24px;text-align: center\"><a href=\"http:\/\/lattes.cnpq.br\/3595938663091810\"> Link<\/a><\/td>\n<\/tr>\n<tr style=\"height: 24px\">\n<td style=\"width: 3.27273%;height: 24px\">06<\/td>\n<td style=\"width: 30.7879%;height: 24px\">Josailton Fernandes de Mendon\u00e7a<\/td>\n<td style=\"width: 9.81813%;height: 24px;text-align: center\">Doutor<\/td>\n<td style=\"width: 11.5152%;text-align: center\">Efetivo<\/td>\n<td style=\"width: 26.4243%;height: 24px;text-align: center\">josailtonfernandes@uern.br<\/td>\n<td style=\"width: 18.1818%;height: 24px;text-align: center\"><a href=\"http:\/\/lattes.cnpq.br\/3268848077045196\"> Link<\/a><\/td>\n<\/tr>\n<tr style=\"height: 24px\">\n<td style=\"width: 3.27273%;height: 24px\">07<\/td>\n<td style=\"width: 30.7879%;height: 24px\">Maria Veral\u00facia Pessoa Porto<\/td>\n<td style=\"width: 9.81813%;height: 24px;text-align: center\">Doutora<\/td>\n<td style=\"width: 11.5152%;text-align: center\">Efetivo<\/td>\n<td style=\"width: 26.4243%;height: 24px;text-align: center\">veraluciaporto@uern.br<\/td>\n<td style=\"width: 18.1818%;height: 24px;text-align: center\"><a href=\"http:\/\/lattes.cnpq.br\/1095116670154037\"> Link<\/a><\/td>\n<\/tr>\n<tr style=\"height: 24px\">\n<td style=\"width: 3.27273%;height: 24px\">08<\/td>\n<td style=\"width: 30.7879%;height: 24px\">Raquel C\u00e9lia Silva de Vasconcelos<\/td>\n<td style=\"width: 9.81813%;height: 24px;text-align: center\">Doutora<\/td>\n<td style=\"width: 11.5152%;text-align: center\">Tempor\u00e1rio<\/td>\n<td style=\"width: 26.4243%;height: 24px;text-align: center\">raquelvasconcelos@uern.br<\/td>\n<td style=\"width: 18.1818%;height: 24px;text-align: center\"><a href=\"http:\/\/lattes.cnpq.br\/5132017323469301\"> Link<\/a><\/td>\n<\/tr>\n<tr style=\"height: 24px\">\n<td style=\"width: 3.27273%;height: 24px\">09<\/td>\n<td style=\"width: 30.7879%;height: 24px\">Silvana Maria Santiago<\/td>\n<td style=\"width: 9.81813%;height: 24px;text-align: center\">Doutora<\/td>\n<td style=\"width: 11.5152%;text-align: center\">Efetivo<\/td>\n<td style=\"width: 26.4243%;height: 24px;text-align: center\">silvanasantiago@uern.br<\/td>\n<td style=\"width: 18.1818%;height: 24px;text-align: center\"><a href=\"http:\/\/lattes.cnpq.br\/5345898234065798\"> Link<\/a><\/td>\n<\/tr>\n<tr style=\"height: 24px\">\n<td style=\"width: 3.27273%;height: 24px\">10<\/td>\n<td style=\"width: 30.7879%;height: 24px\">Telmir de Souza Soares<\/td>\n<td style=\"width: 9.81813%;height: 24px;text-align: center\">Doutor<\/td>\n<td style=\"width: 11.5152%;text-align: center\">Efetivo<\/td>\n<td style=\"width: 26.4243%;height: 24px;text-align: center\">telmirsoares@uern.br<\/td>\n<td style=\"width: 18.1818%;height: 24px;text-align: center\"><a href=\"http:\/\/lattes.cnpq.br\/3158477319374974\"> Link<\/a><\/td>\n<\/tr>\n<tr style=\"height: 24px\">\n<td style=\"width: 3.27273%;height: 24px\">11<\/td>\n<td style=\"width: 30.7879%;height: 24px\">William Coelho de Oliveira<\/td>\n<td style=\"width: 9.81813%;height: 24px;text-align: center\">Mestre<\/td>\n<td style=\"width: 11.5152%;text-align: center\">Efetivo<\/td>\n<td style=\"width: 26.4243%;height: 24px;text-align: center\">williamcoelho@uern.br<\/td>\n<td style=\"width: 18.1818%;height: 24px;text-align: center\"><a href=\"http:\/\/lattes.cnpq.br\/4080614511862138\">Link<\/a><\/td>\n<\/tr>\n<\/tbody>\n<\/table>\n<p>&nbsp;<\/p>\n","protected":false},"excerpt":{"rendered":"<p>&nbsp; Docente T\u00edtulo V\u00ednculo E-mail Curr\u00edculo Lattes 01 Adalberto Ximenes Leit\u00e3o Filho Doutor Efetivo adalbertoximenes@uern.br Link 02 Alberto Leopoldo Batista Neto Doutor Tempor\u00e1rio albertobatista@uern.br Link 03 \u00c9lder Lacerda Queiroz Mestre Efetivo elderlacerda@uern.br Link 04 Francisco Ramos Neves Doutor Efetivo ramosneves@uern.br Link 05 Guilherme Paiva de Carvalho Doutor Efetivo guilhermemartins@uern.br Link 06 Josailton Fernandes de Mendon\u00e7a [&hellip;]<\/p>\n","protected":false},"author":6,"featured_media":0,"parent":0,"menu_order":0,"comment_status":"closed","ping_status":"closed","template":"","meta":{"footnotes":""},"class_list":["post-787","page","type-page","status-publish","hentry"],"_links":{"self":[{"href":"https:\/\/portal.uern.br\/fafic\/filosofia\/wp-json\/wp\/v2\/pages\/787","targetHints":{"allow":["GET"]}}],"collection":[{"href":"https:\/\/portal.uern.br\/fafic\/filosofia\/wp-json\/wp\/v2\/pages"}],"about":[{"href":"https:\/\/portal.uern.br\/fafic\/filosofia\/wp-json\/wp\/v2\/types\/page"}],"author":[{"embeddable":true,"href":"https:\/\/portal.uern.br\/fafic\/filosofia\/wp-json\/wp\/v2\/users\/6"}],"replies":[{"embeddable":true,"href":"https:\/\/portal.uern.br\/fafic\/filosofia\/wp-json\/wp\/v2\/comments?post=787"}],"version-history":[{"count":9,"href":"https:\/\/portal.uern.br\/fafic\/filosofia\/wp-json\/wp\/v2\/pages\/787\/revisions"}],"predecessor-version":[{"id":852,"href":"https:\/\/portal.uern.br\/fafic\/filosofia\/wp-json\/wp\/v2\/pages\/787\/revisions\/852"}],"wp:attachment":[{"href":"https:\/\/portal.uern.br\/fafic\/filosofia\/wp-json\/wp\/v2\/media?parent=787"}],"curies":[{"name":"wp","href":"https:\/\/api.w.org\/{rel}","templated":true}]}}