{"id":937,"date":"2024-10-24T07:13:44","date_gmt":"2024-10-24T10:13:44","guid":{"rendered":"https:\/\/portal.uern.br\/fafic\/dge\/?page_id=937"},"modified":"2024-10-24T07:13:44","modified_gmt":"2024-10-24T10:13:44","slug":"dge-em-numeros","status":"publish","type":"page","link":"https:\/\/portal.uern.br\/fafic\/dge\/dge-em-numeros\/","title":{"rendered":"DGE em n\u00fameros"},"content":{"rendered":"<table style=\"border-collapse: collapse;width: 100%\">\n<tbody>\n<tr>\n<td style=\"width: 100%\">\n<h4><strong>PROJETO PESQUISA &#8211; PIBIC<\/strong><\/h4>\n<\/td>\n<\/tr>\n<tr>\n<td style=\"width: 100%\"><img fetchpriority=\"high\" decoding=\"async\" class=\"alignnone wp-image-938\" src=\"https:\/\/portal.uern.br\/fafic\/dge\/wp-content\/uploads\/sites\/12\/2024\/10\/PROJETOS-DE-PESQUISA-PIBIC-300x186.png\" alt=\"\" width=\"619\" height=\"384\" srcset=\"https:\/\/portal.uern.br\/fafic\/dge\/wp-content\/uploads\/sites\/12\/2024\/10\/PROJETOS-DE-PESQUISA-PIBIC-300x186.png 300w, https:\/\/portal.uern.br\/fafic\/dge\/wp-content\/uploads\/sites\/12\/2024\/10\/PROJETOS-DE-PESQUISA-PIBIC.png 600w\" sizes=\"(max-width: 619px) 100vw, 619px\" \/><\/td>\n<\/tr>\n<tr>\n<td style=\"width: 100%\">\n<h4><strong>PROJETO EXTES\u00c3O &#8211; PIBEX<\/strong><\/h4>\n<\/td>\n<\/tr>\n<tr>\n<td style=\"width: 100%\"><img decoding=\"async\" class=\"alignnone wp-image-941\" src=\"https:\/\/portal.uern.br\/fafic\/dge\/wp-content\/uploads\/sites\/12\/2024\/10\/PIBEX-2019-2024-300x186.png\" alt=\"\" width=\"619\" height=\"384\" srcset=\"https:\/\/portal.uern.br\/fafic\/dge\/wp-content\/uploads\/sites\/12\/2024\/10\/PIBEX-2019-2024-300x186.png 300w, https:\/\/portal.uern.br\/fafic\/dge\/wp-content\/uploads\/sites\/12\/2024\/10\/PIBEX-2019-2024.png 600w\" sizes=\"(max-width: 619px) 100vw, 619px\" \/><\/td>\n<\/tr>\n<tr>\n<td style=\"width: 100%\">\n<h4><strong>PROJETO ENSINO &#8211; PEG<\/strong><\/h4>\n<\/td>\n<\/tr>\n<tr>\n<td style=\"width: 100%\"><img decoding=\"async\" class=\"alignnone wp-image-942\" src=\"https:\/\/portal.uern.br\/fafic\/dge\/wp-content\/uploads\/sites\/12\/2024\/10\/PEG-2018-2024-300x186.png\" alt=\"\" width=\"619\" height=\"384\" srcset=\"https:\/\/portal.uern.br\/fafic\/dge\/wp-content\/uploads\/sites\/12\/2024\/10\/PEG-2018-2024-300x186.png 300w, https:\/\/portal.uern.br\/fafic\/dge\/wp-content\/uploads\/sites\/12\/2024\/10\/PEG-2018-2024.png 600w\" sizes=\"(max-width: 619px) 100vw, 619px\" \/><\/td>\n<\/tr>\n<tr>\n<td style=\"width: 100%\">\n<h4><strong>PUBLICA\u00c7\u00d5ES EM PERI\u00d3DICOS<\/strong><\/h4>\n<\/td>\n<\/tr>\n<tr>\n<td style=\"width: 100%\"><img loading=\"lazy\" decoding=\"async\" class=\"alignnone wp-image-943\" src=\"https:\/\/portal.uern.br\/fafic\/dge\/wp-content\/uploads\/sites\/12\/2024\/10\/PUBLICACOES-PERIODICO-2018-2024-300x186.png\" alt=\"\" width=\"619\" height=\"384\" srcset=\"https:\/\/portal.uern.br\/fafic\/dge\/wp-content\/uploads\/sites\/12\/2024\/10\/PUBLICACOES-PERIODICO-2018-2024-300x186.png 300w, https:\/\/portal.uern.br\/fafic\/dge\/wp-content\/uploads\/sites\/12\/2024\/10\/PUBLICACOES-PERIODICO-2018-2024.png 600w\" sizes=\"(max-width: 619px) 100vw, 619px\" \/><\/td>\n<\/tr>\n<tr>\n<td style=\"width: 100%\">\n<h4><strong>LIVROS PUBLICADOS<\/strong><\/h4>\n<\/td>\n<\/tr>\n<tr>\n<td style=\"width: 100%\"><img loading=\"lazy\" decoding=\"async\" class=\"alignnone wp-image-944\" src=\"https:\/\/portal.uern.br\/fafic\/dge\/wp-content\/uploads\/sites\/12\/2024\/10\/LIVROS-2018-2024-300x186.png\" alt=\"\" width=\"619\" height=\"384\" srcset=\"https:\/\/portal.uern.br\/fafic\/dge\/wp-content\/uploads\/sites\/12\/2024\/10\/LIVROS-2018-2024-300x186.png 300w, https:\/\/portal.uern.br\/fafic\/dge\/wp-content\/uploads\/sites\/12\/2024\/10\/LIVROS-2018-2024.png 600w\" sizes=\"(max-width: 619px) 100vw, 619px\" \/><\/td>\n<\/tr>\n<tr>\n<td style=\"width: 100%\">\n<h4><strong>CAP\u00cdTULOS DE LIVROS PUBLICADOS<\/strong><\/h4>\n<\/td>\n<\/tr>\n<tr>\n<td style=\"width: 100%\"><img loading=\"lazy\" decoding=\"async\" class=\"alignnone wp-image-945\" src=\"https:\/\/portal.uern.br\/fafic\/dge\/wp-content\/uploads\/sites\/12\/2024\/10\/CAPITULOS-DE-LIVROS-2018-2024-300x186.png\" alt=\"\" width=\"619\" height=\"384\" srcset=\"https:\/\/portal.uern.br\/fafic\/dge\/wp-content\/uploads\/sites\/12\/2024\/10\/CAPITULOS-DE-LIVROS-2018-2024-300x186.png 300w, https:\/\/portal.uern.br\/fafic\/dge\/wp-content\/uploads\/sites\/12\/2024\/10\/CAPITULOS-DE-LIVROS-2018-2024.png 600w\" sizes=\"(max-width: 619px) 100vw, 619px\" \/><\/td>\n<\/tr>\n<tr>\n<td style=\"width: 100%\">\n<h4><strong>PUBLICA\u00c7\u00d5ES EM ANAIS DE CONGRESSOS<\/strong><\/h4>\n<\/td>\n<\/tr>\n<tr>\n<td style=\"width: 100%\"><img loading=\"lazy\" decoding=\"async\" class=\"alignnone wp-image-946\" src=\"https:\/\/portal.uern.br\/fafic\/dge\/wp-content\/uploads\/sites\/12\/2024\/10\/ANAIS-DE-CONGRESSOS-2018-2024-300x186.png\" alt=\"\" width=\"619\" height=\"384\" srcset=\"https:\/\/portal.uern.br\/fafic\/dge\/wp-content\/uploads\/sites\/12\/2024\/10\/ANAIS-DE-CONGRESSOS-2018-2024-300x186.png 300w, https:\/\/portal.uern.br\/fafic\/dge\/wp-content\/uploads\/sites\/12\/2024\/10\/ANAIS-DE-CONGRESSOS-2018-2024.png 600w\" sizes=\"(max-width: 619px) 100vw, 619px\" \/><\/p>\n<h4><strong>\u00a0<\/strong><\/h4>\n<\/td>\n<\/tr>\n<\/tbody>\n<\/table>\n","protected":false},"excerpt":{"rendered":"<p>PROJETO PESQUISA &#8211; PIBIC PROJETO EXTES\u00c3O &#8211; PIBEX PROJETO ENSINO &#8211; PEG PUBLICA\u00c7\u00d5ES EM PERI\u00d3DICOS LIVROS PUBLICADOS CAP\u00cdTULOS DE LIVROS PUBLICADOS PUBLICA\u00c7\u00d5ES EM ANAIS DE CONGRESSOS \u00a0<\/p>\n","protected":false},"author":7,"featured_media":0,"parent":0,"menu_order":0,"comment_status":"closed","ping_status":"closed","template":"","meta":{"footnotes":""},"class_list":["post-937","page","type-page","status-publish","hentry"],"_links":{"self":[{"href":"https:\/\/portal.uern.br\/fafic\/dge\/wp-json\/wp\/v2\/pages\/937","targetHints":{"allow":["GET"]}}],"collection":[{"href":"https:\/\/portal.uern.br\/fafic\/dge\/wp-json\/wp\/v2\/pages"}],"about":[{"href":"https:\/\/portal.uern.br\/fafic\/dge\/wp-json\/wp\/v2\/types\/page"}],"author":[{"embeddable":true,"href":"https:\/\/portal.uern.br\/fafic\/dge\/wp-json\/wp\/v2\/users\/7"}],"replies":[{"embeddable":true,"href":"https:\/\/portal.uern.br\/fafic\/dge\/wp-json\/wp\/v2\/comments?post=937"}],"version-history":[{"count":4,"href":"https:\/\/portal.uern.br\/fafic\/dge\/wp-json\/wp\/v2\/pages\/937\/revisions"}],"predecessor-version":[{"id":948,"href":"https:\/\/portal.uern.br\/fafic\/dge\/wp-json\/wp\/v2\/pages\/937\/revisions\/948"}],"wp:attachment":[{"href":"https:\/\/portal.uern.br\/fafic\/dge\/wp-json\/wp\/v2\/media?parent=937"}],"curies":[{"name":"wp","href":"https:\/\/api.w.org\/{rel}","templated":true}]}}