{"id":750,"date":"2023-11-13T10:21:48","date_gmt":"2023-11-13T13:21:48","guid":{"rendered":"https:\/\/portal.uern.br\/fafic\/dge\/?page_id=750"},"modified":"2024-11-08T07:23:35","modified_gmt":"2024-11-08T10:23:35","slug":"laghum","status":"publish","type":"page","link":"https:\/\/portal.uern.br\/fafic\/dge\/laghum\/","title":{"rendered":"LAGHUM"},"content":{"rendered":"<p><strong>LABORAT\u00d3RIO DE GEOGRAFIA HUMANA\u00a0&#8211; LAGHUM<\/strong><\/p>\n<p>Coordenador: Jionaldo Pereira de Oliveira<\/p>\n<p>O Laborat\u00f3rio de Geografia Humana &#8211; LAGHUM est\u00e1 instalado junto Faculdade de Filosofia e Ci\u00eancias Sociais &#8211; FAFIC, no Campus Central da Universidade do Estado do Rio Grande do Norte \u2013 UERN, no munic\u00edpio de Mossor\u00f3\/RN, visa desenvolver estudos na \u00e1rea de geografia humana voltados para as tem\u00e1ticas de produ\u00e7\u00e3o e organiza\u00e7\u00e3o do espa\u00e7o geogr\u00e1fico.<\/p>\n<p>&nbsp;<\/p>\n<p><img fetchpriority=\"high\" decoding=\"async\" class=\"alignnone wp-image-961\" src=\"https:\/\/portal.uern.br\/fafic\/dge\/wp-content\/uploads\/sites\/12\/2024\/10\/WhatsApp-Image-2024-10-24-at-06.55.59-300x224.jpeg\" alt=\"\" width=\"619\" height=\"462\" srcset=\"https:\/\/portal.uern.br\/fafic\/dge\/wp-content\/uploads\/sites\/12\/2024\/10\/WhatsApp-Image-2024-10-24-at-06.55.59-300x224.jpeg 300w, https:\/\/portal.uern.br\/fafic\/dge\/wp-content\/uploads\/sites\/12\/2024\/10\/WhatsApp-Image-2024-10-24-at-06.55.59-1024x766.jpeg 1024w, https:\/\/portal.uern.br\/fafic\/dge\/wp-content\/uploads\/sites\/12\/2024\/10\/WhatsApp-Image-2024-10-24-at-06.55.59-768x575.jpeg 768w, https:\/\/portal.uern.br\/fafic\/dge\/wp-content\/uploads\/sites\/12\/2024\/10\/WhatsApp-Image-2024-10-24-at-06.55.59-1536x1149.jpeg 1536w, https:\/\/portal.uern.br\/fafic\/dge\/wp-content\/uploads\/sites\/12\/2024\/10\/WhatsApp-Image-2024-10-24-at-06.55.59.jpeg 1600w\" sizes=\"(max-width: 619px) 100vw, 619px\" \/><\/p>\n","protected":false},"excerpt":{"rendered":"<p>LABORAT\u00d3RIO DE GEOGRAFIA HUMANA\u00a0&#8211; LAGHUM Coordenador: Jionaldo Pereira de Oliveira O Laborat\u00f3rio de Geografia Humana &#8211; LAGHUM est\u00e1 instalado junto Faculdade de Filosofia e Ci\u00eancias Sociais &#8211; FAFIC, no Campus Central da Universidade do Estado do Rio Grande do Norte \u2013 UERN, no munic\u00edpio de Mossor\u00f3\/RN, visa desenvolver estudos na \u00e1rea de geografia humana voltados [&hellip;]<\/p>\n","protected":false},"author":7,"featured_media":0,"parent":0,"menu_order":0,"comment_status":"closed","ping_status":"closed","template":"","meta":{"footnotes":""},"class_list":["post-750","page","type-page","status-publish","hentry"],"_links":{"self":[{"href":"https:\/\/portal.uern.br\/fafic\/dge\/wp-json\/wp\/v2\/pages\/750","targetHints":{"allow":["GET"]}}],"collection":[{"href":"https:\/\/portal.uern.br\/fafic\/dge\/wp-json\/wp\/v2\/pages"}],"about":[{"href":"https:\/\/portal.uern.br\/fafic\/dge\/wp-json\/wp\/v2\/types\/page"}],"author":[{"embeddable":true,"href":"https:\/\/portal.uern.br\/fafic\/dge\/wp-json\/wp\/v2\/users\/7"}],"replies":[{"embeddable":true,"href":"https:\/\/portal.uern.br\/fafic\/dge\/wp-json\/wp\/v2\/comments?post=750"}],"version-history":[{"count":4,"href":"https:\/\/portal.uern.br\/fafic\/dge\/wp-json\/wp\/v2\/pages\/750\/revisions"}],"predecessor-version":[{"id":975,"href":"https:\/\/portal.uern.br\/fafic\/dge\/wp-json\/wp\/v2\/pages\/750\/revisions\/975"}],"wp:attachment":[{"href":"https:\/\/portal.uern.br\/fafic\/dge\/wp-json\/wp\/v2\/media?parent=750"}],"curies":[{"name":"wp","href":"https:\/\/api.w.org\/{rel}","templated":true}]}}