{"id":746,"date":"2023-11-13T10:21:22","date_gmt":"2023-11-13T13:21:22","guid":{"rendered":"https:\/\/portal.uern.br\/fafic\/dge\/?page_id=746"},"modified":"2024-10-24T07:18:20","modified_gmt":"2024-10-24T10:18:20","slug":"lagef","status":"publish","type":"page","link":"https:\/\/portal.uern.br\/fafic\/dge\/lagef\/","title":{"rendered":"LAGEF"},"content":{"rendered":"<p><strong>LABORAT\u00d3RIO DE GEOGRAFIA F\u00cdSICA &#8211; LAGEF<\/strong><\/p>\n<p>Coordenador: Gutemberg Henrique Dias<\/p>\n<p>O Laborat\u00f3rio de Geografia F\u00edsica \u2013 LAGEF est\u00e1 instalado junto \u00e0 Faculdade Filosofia e Ci\u00eancias Sociais, no Campus Central da Universidade do Estado do Rio Grande do Norte \u2013 UERN, no munic\u00edpio de Mossor\u00f3\/RN, visa desenvolver estudos na \u00e1rea da geografia f\u00edsica (geologia, pedologia e geomorfologia).<\/p>\n<p>&nbsp;<\/p>\n<p><img fetchpriority=\"high\" decoding=\"async\" class=\"alignnone wp-image-958\" src=\"https:\/\/portal.uern.br\/fafic\/dge\/wp-content\/uploads\/sites\/12\/2024\/10\/WhatsApp-Image-2024-10-24-at-06.56.02-300x224.jpeg\" alt=\"\" width=\"403\" height=\"301\" srcset=\"https:\/\/portal.uern.br\/fafic\/dge\/wp-content\/uploads\/sites\/12\/2024\/10\/WhatsApp-Image-2024-10-24-at-06.56.02-300x224.jpeg 300w, https:\/\/portal.uern.br\/fafic\/dge\/wp-content\/uploads\/sites\/12\/2024\/10\/WhatsApp-Image-2024-10-24-at-06.56.02-1024x766.jpeg 1024w, https:\/\/portal.uern.br\/fafic\/dge\/wp-content\/uploads\/sites\/12\/2024\/10\/WhatsApp-Image-2024-10-24-at-06.56.02-768x575.jpeg 768w, https:\/\/portal.uern.br\/fafic\/dge\/wp-content\/uploads\/sites\/12\/2024\/10\/WhatsApp-Image-2024-10-24-at-06.56.02-1536x1149.jpeg 1536w, https:\/\/portal.uern.br\/fafic\/dge\/wp-content\/uploads\/sites\/12\/2024\/10\/WhatsApp-Image-2024-10-24-at-06.56.02.jpeg 1600w\" sizes=\"(max-width: 403px) 100vw, 403px\" \/> <img decoding=\"async\" class=\"alignnone wp-image-959\" src=\"https:\/\/portal.uern.br\/fafic\/dge\/wp-content\/uploads\/sites\/12\/2024\/10\/WhatsApp-Image-2024-10-24-at-06.56.01-3-300x224.jpeg\" alt=\"\" width=\"403\" height=\"301\" srcset=\"https:\/\/portal.uern.br\/fafic\/dge\/wp-content\/uploads\/sites\/12\/2024\/10\/WhatsApp-Image-2024-10-24-at-06.56.01-3-300x224.jpeg 300w, https:\/\/portal.uern.br\/fafic\/dge\/wp-content\/uploads\/sites\/12\/2024\/10\/WhatsApp-Image-2024-10-24-at-06.56.01-3-1024x766.jpeg 1024w, https:\/\/portal.uern.br\/fafic\/dge\/wp-content\/uploads\/sites\/12\/2024\/10\/WhatsApp-Image-2024-10-24-at-06.56.01-3-768x575.jpeg 768w, https:\/\/portal.uern.br\/fafic\/dge\/wp-content\/uploads\/sites\/12\/2024\/10\/WhatsApp-Image-2024-10-24-at-06.56.01-3-1536x1149.jpeg 1536w, https:\/\/portal.uern.br\/fafic\/dge\/wp-content\/uploads\/sites\/12\/2024\/10\/WhatsApp-Image-2024-10-24-at-06.56.01-3.jpeg 1600w\" sizes=\"(max-width: 403px) 100vw, 403px\" \/><\/p>\n","protected":false},"excerpt":{"rendered":"<p>LABORAT\u00d3RIO DE GEOGRAFIA F\u00cdSICA &#8211; LAGEF Coordenador: Gutemberg Henrique Dias O Laborat\u00f3rio de Geografia F\u00edsica \u2013 LAGEF est\u00e1 instalado junto \u00e0 Faculdade Filosofia e Ci\u00eancias Sociais, no Campus Central da Universidade do Estado do Rio Grande do Norte \u2013 UERN, no munic\u00edpio de Mossor\u00f3\/RN, visa desenvolver estudos na \u00e1rea da geografia f\u00edsica (geologia, pedologia e [&hellip;]<\/p>\n","protected":false},"author":7,"featured_media":0,"parent":0,"menu_order":0,"comment_status":"closed","ping_status":"closed","template":"","meta":{"footnotes":""},"class_list":["post-746","page","type-page","status-publish","hentry"],"_links":{"self":[{"href":"https:\/\/portal.uern.br\/fafic\/dge\/wp-json\/wp\/v2\/pages\/746","targetHints":{"allow":["GET"]}}],"collection":[{"href":"https:\/\/portal.uern.br\/fafic\/dge\/wp-json\/wp\/v2\/pages"}],"about":[{"href":"https:\/\/portal.uern.br\/fafic\/dge\/wp-json\/wp\/v2\/types\/page"}],"author":[{"embeddable":true,"href":"https:\/\/portal.uern.br\/fafic\/dge\/wp-json\/wp\/v2\/users\/7"}],"replies":[{"embeddable":true,"href":"https:\/\/portal.uern.br\/fafic\/dge\/wp-json\/wp\/v2\/comments?post=746"}],"version-history":[{"count":4,"href":"https:\/\/portal.uern.br\/fafic\/dge\/wp-json\/wp\/v2\/pages\/746\/revisions"}],"predecessor-version":[{"id":970,"href":"https:\/\/portal.uern.br\/fafic\/dge\/wp-json\/wp\/v2\/pages\/746\/revisions\/970"}],"wp:attachment":[{"href":"https:\/\/portal.uern.br\/fafic\/dge\/wp-json\/wp\/v2\/media?parent=746"}],"curies":[{"name":"wp","href":"https:\/\/api.w.org\/{rel}","templated":true}]}}