{"id":744,"date":"2023-11-13T10:21:09","date_gmt":"2023-11-13T13:21:09","guid":{"rendered":"https:\/\/portal.uern.br\/fafic\/dge\/?page_id=744"},"modified":"2024-10-24T07:00:43","modified_gmt":"2024-10-24T10:00:43","slug":"labepe","status":"publish","type":"page","link":"https:\/\/portal.uern.br\/fafic\/dge\/labepe\/","title":{"rendered":"LABEPE"},"content":{"rendered":"<p><strong>LABORAT\u00d3RIO DE ESTUDOS DA PAISAGEM E EDUCA\u00c7\u00c3O AMBIENTAL &#8211; LABEPE<\/strong><\/p>\n<p>Coordenador: Robson Fernandes Filgueira<\/p>\n<p>Laborat\u00f3rios s\u00e3o espa\u00e7os que proporcionam condi\u00e7\u00f5es para a realiza\u00e7\u00e3o de experimentos, observa\u00e7\u00f5es e pr\u00e1ticas em uma determinada \u00e1rea do conhecimento. O estudo geogr\u00e1fico est\u00e1 fundamentado sobretudo na identifica\u00e7\u00e3o, descri\u00e7\u00e3o e an\u00e1lise da paisagem e dos seus elementos constituintes. Portanto, condi\u00e7\u00f5es que possibilitem este estudo, como \u00e9 o caso da disponibilidade de laborat\u00f3rios, s\u00e3o de grande import\u00e2ncia para o aprimoramento do ensino, da pesquisa e de pr\u00e1ticas de extens\u00e3o em Geografia. Do mesmo modo, laborat\u00f3rios pedag\u00f3gicos podem fazer a diferen\u00e7a quando se pretende concretizar os objetivos da Educa\u00e7\u00e3o Ambiental, pois possibilitam o acesso ao conhecimento e, com isso, conscientizam e desenvolvem compet\u00eancias, consequentemente favorecem mudan\u00e7as comportamentais e aprimoram a capacidade de avalia\u00e7\u00e3o em rela\u00e7\u00e3o aos problemas ambientais decorrentes da rela\u00e7\u00e3o sociedade-natureza.<\/p>\n<p>&nbsp;<\/p>\n<p><img fetchpriority=\"high\" decoding=\"async\" class=\"alignnone  wp-image-952\" src=\"https:\/\/portal.uern.br\/fafic\/dge\/wp-content\/uploads\/sites\/12\/2024\/10\/WhatsApp-Image-2024-10-24-at-06.56.01-1-300x224.jpeg\" alt=\"\" width=\"619\" height=\"462\" srcset=\"https:\/\/portal.uern.br\/fafic\/dge\/wp-content\/uploads\/sites\/12\/2024\/10\/WhatsApp-Image-2024-10-24-at-06.56.01-1-300x224.jpeg 300w, https:\/\/portal.uern.br\/fafic\/dge\/wp-content\/uploads\/sites\/12\/2024\/10\/WhatsApp-Image-2024-10-24-at-06.56.01-1-1024x766.jpeg 1024w, https:\/\/portal.uern.br\/fafic\/dge\/wp-content\/uploads\/sites\/12\/2024\/10\/WhatsApp-Image-2024-10-24-at-06.56.01-1-768x575.jpeg 768w, https:\/\/portal.uern.br\/fafic\/dge\/wp-content\/uploads\/sites\/12\/2024\/10\/WhatsApp-Image-2024-10-24-at-06.56.01-1-1536x1149.jpeg 1536w, https:\/\/portal.uern.br\/fafic\/dge\/wp-content\/uploads\/sites\/12\/2024\/10\/WhatsApp-Image-2024-10-24-at-06.56.01-1.jpeg 1600w\" sizes=\"(max-width: 619px) 100vw, 619px\" \/><\/p>\n","protected":false},"excerpt":{"rendered":"<p>LABORAT\u00d3RIO DE ESTUDOS DA PAISAGEM E EDUCA\u00c7\u00c3O AMBIENTAL &#8211; LABEPE Coordenador: Robson Fernandes Filgueira Laborat\u00f3rios s\u00e3o espa\u00e7os que proporcionam condi\u00e7\u00f5es para a realiza\u00e7\u00e3o de experimentos, observa\u00e7\u00f5es e pr\u00e1ticas em uma determinada \u00e1rea do conhecimento. O estudo geogr\u00e1fico est\u00e1 fundamentado sobretudo na identifica\u00e7\u00e3o, descri\u00e7\u00e3o e an\u00e1lise da paisagem e dos seus elementos constituintes. Portanto, condi\u00e7\u00f5es que [&hellip;]<\/p>\n","protected":false},"author":7,"featured_media":0,"parent":0,"menu_order":0,"comment_status":"closed","ping_status":"closed","template":"","meta":{"footnotes":""},"class_list":["post-744","page","type-page","status-publish","hentry"],"_links":{"self":[{"href":"https:\/\/portal.uern.br\/fafic\/dge\/wp-json\/wp\/v2\/pages\/744","targetHints":{"allow":["GET"]}}],"collection":[{"href":"https:\/\/portal.uern.br\/fafic\/dge\/wp-json\/wp\/v2\/pages"}],"about":[{"href":"https:\/\/portal.uern.br\/fafic\/dge\/wp-json\/wp\/v2\/types\/page"}],"author":[{"embeddable":true,"href":"https:\/\/portal.uern.br\/fafic\/dge\/wp-json\/wp\/v2\/users\/7"}],"replies":[{"embeddable":true,"href":"https:\/\/portal.uern.br\/fafic\/dge\/wp-json\/wp\/v2\/comments?post=744"}],"version-history":[{"count":4,"href":"https:\/\/portal.uern.br\/fafic\/dge\/wp-json\/wp\/v2\/pages\/744\/revisions"}],"predecessor-version":[{"id":953,"href":"https:\/\/portal.uern.br\/fafic\/dge\/wp-json\/wp\/v2\/pages\/744\/revisions\/953"}],"wp:attachment":[{"href":"https:\/\/portal.uern.br\/fafic\/dge\/wp-json\/wp\/v2\/media?parent=744"}],"curies":[{"name":"wp","href":"https:\/\/api.w.org\/{rel}","templated":true}]}}