{"id":742,"date":"2023-11-13T10:20:58","date_gmt":"2023-11-13T13:20:58","guid":{"rendered":"https:\/\/portal.uern.br\/fafic\/dge\/?page_id=742"},"modified":"2024-10-24T07:11:13","modified_gmt":"2024-10-24T10:11:13","slug":"leg","status":"publish","type":"page","link":"https:\/\/portal.uern.br\/fafic\/dge\/leg\/","title":{"rendered":"LEG"},"content":{"rendered":"<p><strong>LABORAT\u00d3RIO DE ENSINO DE GEOGRAFIA &#8211; LEG<\/strong><\/p>\n<p>Coordenador: Otoniel Fernandes da Silva J\u00fanior<\/p>\n<p>O Laborat\u00f3rio de Ensino de Geografia (LEG) \u00e9 vinculado ao Departamento de Geografia, Faculdade de Ci\u00eancias Sociais (FAFIC), Universidade do Estado do Rio Grande do Norte (UERN). Desenvolve atividades atinentes ao ensino de geografia, como palestras, pesquisas, apoio did\u00e1tico e projetos de extens\u00e3o voltados para a produ\u00e7\u00e3o do conhecimento e \u00e0 educa\u00e7\u00e3o geogr\u00e1fica.<\/p>\n<p>&nbsp;<\/p>\n<p><img fetchpriority=\"high\" decoding=\"async\" class=\"alignnone wp-image-757\" src=\"https:\/\/portal.uern.br\/fafic\/dge\/wp-content\/uploads\/sites\/12\/2023\/11\/WhatsApp-Image-2023-11-13-at-10.28.32-300x224.jpeg\" alt=\"\" width=\"619\" height=\"462\" srcset=\"https:\/\/portal.uern.br\/fafic\/dge\/wp-content\/uploads\/sites\/12\/2023\/11\/WhatsApp-Image-2023-11-13-at-10.28.32-300x224.jpeg 300w, https:\/\/portal.uern.br\/fafic\/dge\/wp-content\/uploads\/sites\/12\/2023\/11\/WhatsApp-Image-2023-11-13-at-10.28.32-1024x766.jpeg 1024w, https:\/\/portal.uern.br\/fafic\/dge\/wp-content\/uploads\/sites\/12\/2023\/11\/WhatsApp-Image-2023-11-13-at-10.28.32-768x575.jpeg 768w, https:\/\/portal.uern.br\/fafic\/dge\/wp-content\/uploads\/sites\/12\/2023\/11\/WhatsApp-Image-2023-11-13-at-10.28.32-1536x1149.jpeg 1536w, https:\/\/portal.uern.br\/fafic\/dge\/wp-content\/uploads\/sites\/12\/2023\/11\/WhatsApp-Image-2023-11-13-at-10.28.32.jpeg 1600w\" sizes=\"(max-width: 619px) 100vw, 619px\" \/><\/p>\n","protected":false},"excerpt":{"rendered":"<p>LABORAT\u00d3RIO DE ENSINO DE GEOGRAFIA &#8211; LEG Coordenador: Otoniel Fernandes da Silva J\u00fanior O Laborat\u00f3rio de Ensino de Geografia (LEG) \u00e9 vinculado ao Departamento de Geografia, Faculdade de Ci\u00eancias Sociais (FAFIC), Universidade do Estado do Rio Grande do Norte (UERN). Desenvolve atividades atinentes ao ensino de geografia, como palestras, pesquisas, apoio did\u00e1tico e projetos de [&hellip;]<\/p>\n","protected":false},"author":7,"featured_media":0,"parent":0,"menu_order":0,"comment_status":"closed","ping_status":"closed","template":"","meta":{"footnotes":""},"class_list":["post-742","page","type-page","status-publish","hentry"],"_links":{"self":[{"href":"https:\/\/portal.uern.br\/fafic\/dge\/wp-json\/wp\/v2\/pages\/742","targetHints":{"allow":["GET"]}}],"collection":[{"href":"https:\/\/portal.uern.br\/fafic\/dge\/wp-json\/wp\/v2\/pages"}],"about":[{"href":"https:\/\/portal.uern.br\/fafic\/dge\/wp-json\/wp\/v2\/types\/page"}],"author":[{"embeddable":true,"href":"https:\/\/portal.uern.br\/fafic\/dge\/wp-json\/wp\/v2\/users\/7"}],"replies":[{"embeddable":true,"href":"https:\/\/portal.uern.br\/fafic\/dge\/wp-json\/wp\/v2\/comments?post=742"}],"version-history":[{"count":7,"href":"https:\/\/portal.uern.br\/fafic\/dge\/wp-json\/wp\/v2\/pages\/742\/revisions"}],"predecessor-version":[{"id":966,"href":"https:\/\/portal.uern.br\/fafic\/dge\/wp-json\/wp\/v2\/pages\/742\/revisions\/966"}],"wp:attachment":[{"href":"https:\/\/portal.uern.br\/fafic\/dge\/wp-json\/wp\/v2\/media?parent=742"}],"curies":[{"name":"wp","href":"https:\/\/api.w.org\/{rel}","templated":true}]}}